{"id":732568,"date":"2025-08-27T21:53:11","date_gmt":"2025-08-27T18:53:11","guid":{"rendered":"https:\/\/roveyayinevi.com.tr\/index.php\/urun\/fredric-jameson-diyalektik-elestiri-projesi\/"},"modified":"2026-04-16T02:40:22","modified_gmt":"2026-04-15T23:40:22","slug":"fredric-jameson-diyalektik-elestiri-projesi","status":"publish","type":"product","link":"https:\/\/roveyayinevi.com.tr\/index.php\/urun\/fredric-jameson-diyalektik-elestiri-projesi\/","title":{"rendered":"Fredric Jameson &#8211; Diyalektik Ele\u015ftiri Projesi"},"content":{"rendered":"<p>Marksist teoriye getirdi\u011fi farkl\u0131 yakla\u015f\u0131m \u00fczerinden 20. ve 21. y\u00fczy\u0131l edebi ele\u015ftiri y\u00f6ntemlerine damga vuran Jameson\u2019\u0131n edebiyat, felsefe, k\u00fclt\u00fcr, ekonomi ve politika ekseninde ortaya koydu\u011fu g\u00f6r\u00fc\u015fler bug\u00fcn\u00fcn d\u00fcnyas\u0131na ili\u015fkin kapsaml\u0131 bir manzara sunar. Fredric Jameson\u2019\u0131n 1961 y\u0131l\u0131nda kaleme ald\u0131\u011f\u0131 Sartre: Bir \u00dcslubun K\u00f6kenleri\u2019nden 2014 y\u0131l\u0131nda yapt\u0131\u011f\u0131 \u00e7al\u0131\u015fmalara dek geni\u015f bir alan\u0131 kapsayarak b\u00fct\u00fcnc\u00fcl bir yakla\u015f\u0131m sunan bu eser, Jameson\u2019\u0131n t\u00fcm eserleri \u00fczerinden kurgulad\u0131\u011f\u0131 \u201cdiyalektik ele\u015ftiri projesi\u201dne odaklan\u0131r. Bu proje ba\u015fta Marx ve Hegel olmak \u00fczere, Jameson \u00fczerindeki Sartre, Luk\u00e1cs, Benjamin, Bloch, Adorno ve Marcuse\u2019un etkilerini ortaya koyarken, Jameson\u2019\u0131n \u00e7oklu d\u00fc\u015f\u00fcnme bi\u00e7iminin bir\u00e7ok farkl\u0131 d\u00fc\u015f\u00fcnce birlikteli\u011fini m\u00fcmk\u00fcn k\u0131lmak ad\u0131na artzamanl\u0131l\u0131\u011f\u0131 nas\u0131l k\u0131rd\u0131\u011f\u0131n\u0131 da g\u00f6zler \u00f6n\u00fcne serer. Robert T. Tally Jr., \u201cment\u00f6r\u201d\u00fc olarak g\u00f6rd\u00fc\u011f\u00fc hocas\u0131 Jameson \u00fczerine yazd\u0131\u011f\u0131 bu kitapla Jameson\u2019\u0131n d\u00fc\u015f\u00fcncelerine ayr\u0131nt\u0131l\u0131 bir bi\u00e7imde yer verirken onun hakk\u0131ndaki ele\u015ftirilere de yan\u0131t verme imk\u00e2n\u0131 bulur.<\/p>\n","protected":false},"excerpt":{"rendered":"<p>Marksist teoriye getirdi\u011fi farkl\u0131 yakla\u015f\u0131m \u00fczerinden 20. ve 21. y\u00fczy\u0131l edebi ele\u015ftiri y\u00f6ntemlerine damga vuran Jameson\u2019\u0131n edebiyat, felsefe, k\u00fclt\u00fcr, ekonomi ve politika ekseninde ortaya koydu\u011fu g\u00f6r\u00fc\u015fler<span class=\"excerpt-hellip\"> [\u2026]<\/span><\/p>\n","protected":false},"featured_media":0,"template":"","meta":{"_monsterinsights_skip_tracking":false,"_monsterinsights_sitenote_active":false,"_monsterinsights_sitenote_note":"","_monsterinsights_sitenote_category":0},"product_brand":[],"product_cat":[16038,12388],"product_tag":[],"class_list":{"0":"post-732568","1":"product","2":"type-product","3":"status-publish","5":"product_cat-arastirma-inceleme-referans-felsefe","6":"product_cat-felsefe","7":"pa_cilt-ciltsiz","8":"pa_tur-kitap","9":"pa_yayinevi-ayrinti-yayinlari","10":"pa_yazar-kolektif","12":"first","13":"instock","14":"sale","15":"shipping-taxable","16":"purchasable","17":"product-type-simple"},"_links":{"self":[{"href":"https:\/\/roveyayinevi.com.tr\/index.php\/wp-json\/wp\/v2\/product\/732568","targetHints":{"allow":["GET"]}}],"collection":[{"href":"https:\/\/roveyayinevi.com.tr\/index.php\/wp-json\/wp\/v2\/product"}],"about":[{"href":"https:\/\/roveyayinevi.com.tr\/index.php\/wp-json\/wp\/v2\/types\/product"}],"wp:attachment":[{"href":"https:\/\/roveyayinevi.com.tr\/index.php\/wp-json\/wp\/v2\/media?parent=732568"}],"wp:term":[{"taxonomy":"product_brand","embeddable":true,"href":"https:\/\/roveyayinevi.com.tr\/index.php\/wp-json\/wp\/v2\/product_brand?post=732568"},{"taxonomy":"product_cat","embeddable":true,"href":"https:\/\/roveyayinevi.com.tr\/index.php\/wp-json\/wp\/v2\/product_cat?post=732568"},{"taxonomy":"product_tag","embeddable":true,"href":"https:\/\/roveyayinevi.com.tr\/index.php\/wp-json\/wp\/v2\/product_tag?post=732568"}],"curies":[{"name":"wp","href":"https:\/\/api.w.org\/{rel}","templated":true}]}}