{"id":732566,"date":"2025-08-27T21:53:09","date_gmt":"2025-08-27T18:53:09","guid":{"rendered":"https:\/\/roveyayinevi.com.tr\/index.php\/urun\/oze-donus\/"},"modified":"2026-04-16T02:40:22","modified_gmt":"2026-04-15T23:40:22","slug":"oze-donus","status":"publish","type":"product","link":"https:\/\/roveyayinevi.com.tr\/index.php\/urun\/oze-donus\/","title":{"rendered":"\u00d6ze D\u00f6n\u00fc\u015f"},"content":{"rendered":"<p>\u201cBu kitapta yer alan denemeler, Afrika\u2019n\u0131n g\u00fcn\u00fcm\u00fcz d\u00fcnyas\u0131ndaki yerine dair ortak bir endi\u015feyi payla\u015f\u0131yorlar. K\u0131taya dair herhangi bir tart\u0131\u015fma, Afrika\u2019n\u0131n i\u00e7inden \u00e7\u0131kt\u0131\u011f\u0131 derinlikleri ve k\u00f6le ticaretinden k\u00f6leli\u011fe, s\u00f6m\u00fcrgecilikten bor\u00e7 esaretine kadar pek \u00e7ok konuda m\u00fccadele etmek zorunda kald\u0131\u011f\u0131 d\u00fcnya g\u00fc\u00e7lerini hesaba katmak durumundad\u0131r. T\u00fcm imk\u00e2ns\u0131zl\u0131klara ra\u011fmen pek \u00e7ok g\u00fczel \u015fey de oldu. Bu da umut etmek i\u00e7in bir sebep. \u00d6te yandan, k\u0131taya dair y\u00fcr\u00fct\u00fclen bu t\u00fcrden tart\u0131\u015fmalar, Afrika\u2019n\u0131n yapmay\u0131 ba\u015faramad\u0131\u011f\u0131 \u015feyleri ve kendi ba\u015f\u0131na a\u00e7t\u0131\u011f\u0131 dertleri de ele almal\u0131d\u0131r.\u201dAfrika edebiyat\u0131n\u0131n en b\u00fcy\u00fck isimlerinden Kenyal\u0131 yazar Ng\u0169g\u0129 wa Thiong\u2019o, Afrika\u2019n\u0131n \u00e7eli\u015fkilerle dolu bir d\u00fcnyada yerini bulmaya \u00e7al\u0131\u015ft\u0131\u011f\u0131ndan s\u00f6z ediyor. K\u00fcreselle\u015fmenin t\u00fcm h\u0131z\u0131yla s\u00fcrd\u00fc\u011f\u00fc, bilim ve teknolojinin sundu\u011fu t\u00fcm imk\u00e2nlara ra\u011fmen yoksulluk ve hastal\u0131klar\u0131n oldu\u011fu, vars\u0131l bir az\u0131nl\u0131\u011f\u0131n yoksul bir \u00e7o\u011funlu\u011fun s\u0131rt\u0131nda saltanat s\u00fcrd\u00fc\u011f\u00fc, n\u00fckleer silahlar\u0131n tehditi alt\u0131ndaki adaletsiz ve istikrars\u0131z bir d\u00fcnya bu. Yazar, muazzam bir insan g\u00fcc\u00fc ve tabiat kaynaklar\u0131yla donat\u0131lm\u0131\u015f Afrika\u2019n\u0131n i\u015fte b\u00f6yle bir d\u00fcnyada g\u00f6r\u00fcn\u00fcr hale gelmesi, hakk\u0131 olan\u0131 adil bi\u00e7imde alabilmesi i\u00e7in Afrikal\u0131 ayd\u0131nlar\u0131 ve liderleri g\u00f6reve \u00e7a\u011f\u0131r\u0131yor. Afrikal\u0131 ayd\u0131nlardan her \u015feyden \u00f6nce kendi dillerine sahip \u00e7\u0131kmalar\u0131n\u0131, liderlerdense k\u0131tay\u0131 daha g\u00fc\u00e7l\u00fc k\u0131lacak olan Afrika birli\u011fini hayata ge\u00e7irmek i\u00e7in sorumluluk almalar\u0131n\u0131 istiyor. \u0130zlenecek yolsa, \u00f6ze, iktidar\u0131n ger\u00e7ek kayna\u011f\u0131 olan halka d\u00f6n\u00fc\u015ften ge\u00e7iyor.<\/p>\n","protected":false},"excerpt":{"rendered":"<p>\u201cBu kitapta yer alan denemeler, Afrika\u2019n\u0131n g\u00fcn\u00fcm\u00fcz d\u00fcnyas\u0131ndaki yerine dair ortak bir endi\u015feyi payla\u015f\u0131yorlar. K\u0131taya dair herhangi bir tart\u0131\u015fma, Afrika\u2019n\u0131n i\u00e7inden \u00e7\u0131kt\u0131\u011f\u0131 derinlikleri ve k\u00f6le ticaretinden<span class=\"excerpt-hellip\"> [\u2026]<\/span><\/p>\n","protected":false},"featured_media":0,"template":"","meta":{"_monsterinsights_skip_tracking":false,"_monsterinsights_sitenote_active":false,"_monsterinsights_sitenote_note":"","_monsterinsights_sitenote_category":0},"product_brand":[],"product_cat":[13661,12291],"product_tag":[],"class_list":{"0":"post-732566","1":"product","2":"type-product","3":"status-publish","5":"product_cat-diger-ulke-edebiyatlari","6":"product_cat-edebiyat","7":"pa_cilt-ciltsiz","8":"pa_tur-kitap","9":"pa_yayinevi-ayrinti-yayinlari","10":"pa_yazar-ngugi-wa-thiongo","12":"first","13":"instock","14":"sale","15":"shipping-taxable","16":"purchasable","17":"product-type-simple"},"_links":{"self":[{"href":"https:\/\/roveyayinevi.com.tr\/index.php\/wp-json\/wp\/v2\/product\/732566","targetHints":{"allow":["GET"]}}],"collection":[{"href":"https:\/\/roveyayinevi.com.tr\/index.php\/wp-json\/wp\/v2\/product"}],"about":[{"href":"https:\/\/roveyayinevi.com.tr\/index.php\/wp-json\/wp\/v2\/types\/product"}],"wp:attachment":[{"href":"https:\/\/roveyayinevi.com.tr\/index.php\/wp-json\/wp\/v2\/media?parent=732566"}],"wp:term":[{"taxonomy":"product_brand","embeddable":true,"href":"https:\/\/roveyayinevi.com.tr\/index.php\/wp-json\/wp\/v2\/product_brand?post=732566"},{"taxonomy":"product_cat","embeddable":true,"href":"https:\/\/roveyayinevi.com.tr\/index.php\/wp-json\/wp\/v2\/product_cat?post=732566"},{"taxonomy":"product_tag","embeddable":true,"href":"https:\/\/roveyayinevi.com.tr\/index.php\/wp-json\/wp\/v2\/product_tag?post=732566"}],"curies":[{"name":"wp","href":"https:\/\/api.w.org\/{rel}","templated":true}]}}