{"id":732564,"date":"2025-08-27T21:53:06","date_gmt":"2025-08-27T18:53:06","guid":{"rendered":"https:\/\/roveyayinevi.com.tr\/index.php\/urun\/aziz-don-manuel\/"},"modified":"2026-04-16T02:40:22","modified_gmt":"2026-04-15T23:40:22","slug":"aziz-don-manuel","status":"publish","type":"product","link":"https:\/\/roveyayinevi.com.tr\/index.php\/urun\/aziz-don-manuel\/","title":{"rendered":"Aziz Don Manuel"},"content":{"rendered":"<p>Ses tonu bir harikayd\u0131, meleksi bir sesti onunki, duyan\u0131 a\u011flat\u0131rd\u0131. B\u00fcy\u00fck ayinlerde ya da t\u00f6renlerde duan\u0131n giri\u015f b\u00f6l\u00fcm\u00fcn\u00fc okurken t\u00fcm kiliseyi titretir, dinleyen herkesin adeta i\u00e7ine i\u015flerdi. Duas\u0131, yakar\u0131\u015f\u0131, kiliseden ta\u015far g\u00f6l\u00fcn \u00fcst\u00fcnde as\u0131l\u0131 kal\u0131r, da\u011f\u0131n eteklerine konard\u0131. Hele ki cuma ayinlerinde okunan \u201cTanr\u0131m, Tanr\u0131m, beni neden terk ettin?\u201d duas\u0131na s\u0131ra geldi\u011finde t\u00fcm k\u00f6y halk\u0131n\u0131 poyraz ayaz\u0131 esmi\u015f gibi bir titreme al\u0131rd\u0131. Adeta nesiller boyu annelerin kederlerini dibine b\u0131rakt\u0131\u011f\u0131 o eski \u00e7arm\u0131htaki heykelin i\u00e7inden Efendimiz \u0130sa Mesih\u2019in sesi i\u015fitilir gibi olurdu.Unamuno roman\u0131nda g\u00f6ze \u00e7arpan ilk \u00f6zellikler, Paz en la guerra [Sava\u015fta Bar\u0131\u015f] hari\u00e7 tutulursa, manzara tasvirlerinin olmamas\u0131, gelenek g\u00f6reneklerden pek bahis edilmemesi, karakterler aras\u0131 diyalo\u011funsa canl\u0131 bir \u015fekilde yer almas\u0131d\u0131r. Unamuno t\u00fcm gayretini, ki\u015filerin \u00f6l\u00fcms\u00fczl\u00fck kayg\u0131lar\u0131 ve kendilerini tan\u0131ma iste\u011finin yol a\u00e7t\u0131\u011f\u0131 i\u00e7 d\u00fcnyalar\u0131nda ya\u015fad\u0131klar\u0131 dramlar\u0131n\u0131 yans\u0131tmaya vermi\u015ftir. Onun roman\u0131, kendilerini ke\u015ffetmeye yard\u0131mc\u0131 olma niyetini ta\u015f\u0131maktad\u0131r. Unamuno \u015funu ifade eder: \u201c\u00c7ok derin konular\u0131 ele almak i\u00e7in konu \u00e7ok da gerekli de\u011fildir asl\u0131nda. \u00c7\u00fcnk\u00fc ger\u00e7ek romanlar\u0131n finali yoktur. Yazd\u0131\u011f\u0131m t\u00fcm romanlar bir mutlak sonu\u00e7la bitmedi\u011fi i\u00e7in mutsuz olan okur benim okurum olmaya lay\u0131k de\u011fildir. Bitmi\u015f olan m\u00fckemmeldir, \u00f6l\u00fcmd\u00fcr. Ama hayat son bulmaz.\u201d<\/p>\n","protected":false},"excerpt":{"rendered":"<p>Ses tonu bir harikayd\u0131, meleksi bir sesti onunki, duyan\u0131 a\u011flat\u0131rd\u0131. B\u00fcy\u00fck ayinlerde ya da t\u00f6renlerde duan\u0131n giri\u015f b\u00f6l\u00fcm\u00fcn\u00fc okurken t\u00fcm kiliseyi titretir, dinleyen herkesin adeta i\u00e7ine<span class=\"excerpt-hellip\"> [\u2026]<\/span><\/p>\n","protected":false},"featured_media":0,"template":"","meta":{"_monsterinsights_skip_tracking":false,"_monsterinsights_sitenote_active":false,"_monsterinsights_sitenote_note":"","_monsterinsights_sitenote_category":0},"product_brand":[],"product_cat":[12291,12711],"product_tag":[],"class_list":{"0":"post-732564","1":"product","2":"type-product","3":"status-publish","5":"product_cat-edebiyat","6":"product_cat-roman-oyku","7":"pa_cilt-ciltsiz","8":"pa_tur-kitap","9":"pa_yayinevi-ayrinti-yayinlari","10":"pa_yazar-miguel-de-unamuno","12":"first","13":"instock","14":"sale","15":"shipping-taxable","16":"purchasable","17":"product-type-simple"},"_links":{"self":[{"href":"https:\/\/roveyayinevi.com.tr\/index.php\/wp-json\/wp\/v2\/product\/732564","targetHints":{"allow":["GET"]}}],"collection":[{"href":"https:\/\/roveyayinevi.com.tr\/index.php\/wp-json\/wp\/v2\/product"}],"about":[{"href":"https:\/\/roveyayinevi.com.tr\/index.php\/wp-json\/wp\/v2\/types\/product"}],"wp:attachment":[{"href":"https:\/\/roveyayinevi.com.tr\/index.php\/wp-json\/wp\/v2\/media?parent=732564"}],"wp:term":[{"taxonomy":"product_brand","embeddable":true,"href":"https:\/\/roveyayinevi.com.tr\/index.php\/wp-json\/wp\/v2\/product_brand?post=732564"},{"taxonomy":"product_cat","embeddable":true,"href":"https:\/\/roveyayinevi.com.tr\/index.php\/wp-json\/wp\/v2\/product_cat?post=732564"},{"taxonomy":"product_tag","embeddable":true,"href":"https:\/\/roveyayinevi.com.tr\/index.php\/wp-json\/wp\/v2\/product_tag?post=732564"}],"curies":[{"name":"wp","href":"https:\/\/api.w.org\/{rel}","templated":true}]}}