{"id":732563,"date":"2025-08-27T21:53:05","date_gmt":"2025-08-27T18:53:05","guid":{"rendered":"https:\/\/roveyayinevi.com.tr\/index.php\/urun\/kullu-ve-tuylu-gece-yarisi-sihri\/"},"modified":"2026-04-16T02:40:22","modified_gmt":"2026-04-15T23:40:22","slug":"kullu-ve-tuylu-gece-yarisi-sihri","status":"publish","type":"product","link":"https:\/\/roveyayinevi.com.tr\/index.php\/urun\/kullu-ve-tuylu-gece-yarisi-sihri\/","title":{"rendered":"K\u00fcll\u00fc ve T\u00fcyl\u00fc &#8211; Gece Yar\u0131s\u0131 Sihri"},"content":{"rendered":"<p>Sihirli Bir K\u0131z.Konu\u015fan Bir K\u00f6pek.Parti Ba\u015flas\u0131\u2026K\u00fcllu\u0308 bencil u\u0308vey k\u0131z karde\u015fleri ku\u0308llu\u0308 ve kaba u\u0308vey annesiyle s\u0131k\u0131c\u0131 bir hayat ya\u015farken dilekleri sihirli bir \u015fekilde ger\u00e7ekle\u015fir. Ancak bunun bir su\u0308rpriz oldu\u011funu s\u00f6ylemek son derece hafif kal\u0131r.\u00c7ok ge\u00e7meden Ku\u0308llu\u0308 kendini kral\u0131n saray\u0131ndaki b\u00fcy\u00fcleyici baloya giderken bulur. Fakat onun iyilik perisi Brian, pek gu\u0308venilir DE\u011e\u0130L gibidir ve Ku\u0308llu\u0308 de sihir konusunda pek iyi de\u011fildir.Art\u0131k Ku\u0308llu\u0308\u2019nu\u0308n hayat\u0131nda s\u0131k\u0131c\u0131l\u0131ktan eser yok, her \u015fey tamamen karga\u015fa!<\/p>\n","protected":false},"excerpt":{"rendered":"<p>Sihirli Bir K\u0131z.Konu\u015fan Bir K\u00f6pek.Parti Ba\u015flas\u0131\u2026K\u00fcllu\u0308 bencil u\u0308vey k\u0131z karde\u015fleri ku\u0308llu\u0308 ve kaba u\u0308vey annesiyle s\u0131k\u0131c\u0131 bir hayat ya\u015farken dilekleri sihirli bir \u015fekilde ger\u00e7ekle\u015fir. Ancak bunun<span class=\"excerpt-hellip\"> [\u2026]<\/span><\/p>\n","protected":false},"featured_media":0,"template":"","meta":{"_monsterinsights_skip_tracking":false,"_monsterinsights_sitenote_active":false,"_monsterinsights_sitenote_note":"","_monsterinsights_sitenote_category":0},"product_brand":[],"product_cat":[12275,12274],"product_tag":[],"class_list":{"0":"post-732563","1":"product","2":"type-product","3":"status-publish","5":"product_cat-6-12-yas-kitaplari","6":"product_cat-cocuk-ve-genclik-kitaplari","7":"pa_cilt-ciltsiz","8":"pa_tur-kitap","9":"pa_yayinevi-dinozor-cocuk","10":"pa_yazar-kolektif","12":"first","13":"instock","14":"sale","15":"shipping-taxable","16":"purchasable","17":"product-type-simple"},"_links":{"self":[{"href":"https:\/\/roveyayinevi.com.tr\/index.php\/wp-json\/wp\/v2\/product\/732563","targetHints":{"allow":["GET"]}}],"collection":[{"href":"https:\/\/roveyayinevi.com.tr\/index.php\/wp-json\/wp\/v2\/product"}],"about":[{"href":"https:\/\/roveyayinevi.com.tr\/index.php\/wp-json\/wp\/v2\/types\/product"}],"wp:attachment":[{"href":"https:\/\/roveyayinevi.com.tr\/index.php\/wp-json\/wp\/v2\/media?parent=732563"}],"wp:term":[{"taxonomy":"product_brand","embeddable":true,"href":"https:\/\/roveyayinevi.com.tr\/index.php\/wp-json\/wp\/v2\/product_brand?post=732563"},{"taxonomy":"product_cat","embeddable":true,"href":"https:\/\/roveyayinevi.com.tr\/index.php\/wp-json\/wp\/v2\/product_cat?post=732563"},{"taxonomy":"product_tag","embeddable":true,"href":"https:\/\/roveyayinevi.com.tr\/index.php\/wp-json\/wp\/v2\/product_tag?post=732563"}],"curies":[{"name":"wp","href":"https:\/\/api.w.org\/{rel}","templated":true}]}}