{"id":732561,"date":"2025-08-27T21:53:03","date_gmt":"2025-08-27T18:53:03","guid":{"rendered":"https:\/\/roveyayinevi.com.tr\/index.php\/urun\/kadin-isterse-gider\/"},"modified":"2026-04-16T02:40:22","modified_gmt":"2026-04-15T23:40:22","slug":"kadin-isterse-gider","status":"publish","type":"product","link":"https:\/\/roveyayinevi.com.tr\/index.php\/urun\/kadin-isterse-gider\/","title":{"rendered":"Kad\u0131n \u0130sterse Gider"},"content":{"rendered":"<p>\u201cA\u011flatabildi\u011fi ve a\u011flayabildi\u011fi \u00f6l\u00e7\u00fcde vard\u0131. A\u011flatmaktan da a\u011flamaktan da garip bir haz al\u0131rd\u0131. \u00c7\u00fcnk\u00fc o da ya\u015fam\u0131 boyunca a\u011flat\u0131lm\u0131\u015flardand\u0131. Sadece g\u00fcn gelip a\u011flatma s\u0131ras\u0131n\u0131n kendisinde olmas\u0131 gerekti\u011fine inan\u0131r inanmaz, kollar\u0131 s\u0131vamakta hi\u00e7 ge\u00e7 kalmazd\u0131. Bir k\u0131s\u0131r d\u00f6ng\u00fcyd\u00fc savrulup giden. Sanki ya\u015fad\u0131\u011f\u0131 travmalar\u0131n, ba\u015fkalar\u0131n\u0131n hayatlar\u0131nda da travmalar yaratmas\u0131 gerekiyordu. Elinden gelmiyordu ba\u015fkas\u0131. Ama Allah kahretsin ki, vicdanl\u0131yd\u0131. Bu enteresan d\u00f6ng\u00fcde, kurbanlar\u0131na kendisine ceza vermelerine izin veren bir adaleti vard\u0131.\u201d Kad\u0131n \u0130sterse Gider, toplumun geneli taraf\u0131ndan defolu olarak de\u011ferlendirilebilecek kad\u0131n erkek ili\u015fkilerini irdeliyor. Bunu yaparken, kad\u0131nlara da, erkeklere de ayn\u0131 oranda empatiyle yakla\u015fmaya, objektif davranmaya gayret ediyor. Kitab\u0131 okurken, sadece kendi d\u00fcnyan\u0131za ait oldu\u011funu d\u00fc\u015f\u00fcnd\u00fc\u011f\u00fcn\u00fcz hik\u00e2yeleri, bir sokak \u00f6tesinde, bir apartman yan\u0131ndaki insanlar\u0131n da ya\u015fad\u0131\u011f\u0131n\u0131 fark ederek \u015fa\u015f\u0131racaks\u0131n\u0131z. Yarg\u0131lar\u0131n\u0131z\u0131 bir ceket gibi kenara b\u0131rak\u0131p, hayat\u0131n getirdi\u011fi kesi\u015fimler ile ilgili d\u00fc\u015f\u00fcnecek, \u201cHayat hi\u00e7 de \u00f6yle b\u00fcy\u00fck laflar edilebilecek bir yolculuk de\u011filmi\u015f!\u201d diyeceksiniz. Samimi, her daim kendini geli\u015ftiren, insanlar\u0131 \u00f6tekile\u015ftirmeden \u00f6nce d\u00fc\u015f\u00fcnen, ya\u015fad\u0131klar\u0131ndan g\u00fc\u00e7lenerek hayata as\u0131lanlar\u0131n kitab\u0131. <\/p>\n","protected":false},"excerpt":{"rendered":"<p>\u201cA\u011flatabildi\u011fi ve a\u011flayabildi\u011fi \u00f6l\u00e7\u00fcde vard\u0131. A\u011flatmaktan da a\u011flamaktan da garip bir haz al\u0131rd\u0131. \u00c7\u00fcnk\u00fc o da ya\u015fam\u0131 boyunca a\u011flat\u0131lm\u0131\u015flardand\u0131. Sadece g\u00fcn gelip a\u011flatma s\u0131ras\u0131n\u0131n kendisinde olmas\u0131<span class=\"excerpt-hellip\"> [\u2026]<\/span><\/p>\n","protected":false},"featured_media":0,"template":"","meta":{"_monsterinsights_skip_tracking":false,"_monsterinsights_sitenote_active":false,"_monsterinsights_sitenote_note":"","_monsterinsights_sitenote_category":0},"product_brand":[],"product_cat":[12291,12711],"product_tag":[],"class_list":{"0":"post-732561","1":"product","2":"type-product","3":"status-publish","5":"product_cat-edebiyat","6":"product_cat-roman-oyku","7":"pa_cilt-ciltsiz","8":"pa_tur-kitap","9":"pa_yayinevi-karina-yayinevi","10":"pa_yazar-canan-isikli","12":"first","13":"instock","14":"sale","15":"shipping-taxable","16":"purchasable","17":"product-type-simple"},"_links":{"self":[{"href":"https:\/\/roveyayinevi.com.tr\/index.php\/wp-json\/wp\/v2\/product\/732561","targetHints":{"allow":["GET"]}}],"collection":[{"href":"https:\/\/roveyayinevi.com.tr\/index.php\/wp-json\/wp\/v2\/product"}],"about":[{"href":"https:\/\/roveyayinevi.com.tr\/index.php\/wp-json\/wp\/v2\/types\/product"}],"wp:attachment":[{"href":"https:\/\/roveyayinevi.com.tr\/index.php\/wp-json\/wp\/v2\/media?parent=732561"}],"wp:term":[{"taxonomy":"product_brand","embeddable":true,"href":"https:\/\/roveyayinevi.com.tr\/index.php\/wp-json\/wp\/v2\/product_brand?post=732561"},{"taxonomy":"product_cat","embeddable":true,"href":"https:\/\/roveyayinevi.com.tr\/index.php\/wp-json\/wp\/v2\/product_cat?post=732561"},{"taxonomy":"product_tag","embeddable":true,"href":"https:\/\/roveyayinevi.com.tr\/index.php\/wp-json\/wp\/v2\/product_tag?post=732561"}],"curies":[{"name":"wp","href":"https:\/\/api.w.org\/{rel}","templated":true}]}}