{"id":732560,"date":"2025-08-27T21:53:02","date_gmt":"2025-08-27T18:53:02","guid":{"rendered":"https:\/\/roveyayinevi.com.tr\/index.php\/urun\/olmeden-once-mumkunse-yasamaniz-gereken-1-hayat\/"},"modified":"2026-04-16T02:40:22","modified_gmt":"2026-04-15T23:40:22","slug":"olmeden-once-mumkunse-yasamaniz-gereken-1-hayat","status":"publish","type":"product","link":"https:\/\/roveyayinevi.com.tr\/index.php\/urun\/olmeden-once-mumkunse-yasamaniz-gereken-1-hayat\/","title":{"rendered":"\u00d6lmeden \u00d6nce M\u00fcmk\u00fcnse Ya\u015faman\u0131z Gereken 1 Hayat"},"content":{"rendered":"<p>Blogger var, vlogger var, Cem Mumcu ne yapar derseniz, \u2018dialogger\u2019 oldum derim. Ben uydurdum. T\u00fcrk\u00e7ede yok, internet\u00e7ede \u201c\u0130nsana dair her \u015feyi dolays\u0131z, i\u00e7ten, m\u0131\u015f gibi yapmadan dinleyen, konu\u015fan, soran, cevaplayan\u201d demek olsun bundan sonra. Yan\u0131ma s\u00fcrekli oyun arkada\u015flar\u0131m\u0131 alaca\u011f\u0131m. Onlar soracak, ben s\u00f6yleyece\u011fim. Ben soraca\u011f\u0131m, onlar s\u00f6yleyecek. Kimsenin kimseyi sobelemedi\u011fi bir oyun bu; birlikte kurup, birlikte oynayaca\u011f\u0131z.\u201dKayg\u0131lar\u0131mla nas\u0131l ba\u015fa \u00e7\u0131kaca\u011f\u0131m? \u00d6fke kontrol edilebilir bir \u015fey mi? Neden aldat\u0131l\u0131yoruz? Neden aldat\u0131yoruz? A\u015fk ger\u00e7ekte nedir? \u0130nsan neden gider? Ger\u00e7ekten ka\u00e7abilir miyiz? Teknoloji ve sosyal medya bize ne yap\u0131yor?T\u00fcm bu sorular\u0131 ve daha onlarcas\u0131n\u0131, birbirinden farkl\u0131 ya\u015flardan, mesleklerden, ge\u00e7mi\u015flerden, cinsel kimliklerden gelen \u2018oyun arkada\u015flar\u0131\u2019, Cem Mumcu\u2019ya sordu. Yan\u0131tlar ald\u0131, yeni sorularla kar\u015f\u0131la\u015ft\u0131. Konu konuyu a\u00e7t\u0131, derinlikli, sahici, m\u0131\u015f gibi olmayan b\u00fcy\u00fck bir s\u00f6yle\u015fi elinizde bulunan kitaba d\u00f6n\u00fc\u015ft\u00fc.Bu kitab\u0131n sayfalar\u0131nda \u2018a\u011fz\u0131ndan bal damlamakla\u2019 yetinen bir Cem Mumcu g\u00f6rmeyeceksiniz. Bu, \u00f6yle bir s\u00f6yle\u015finin kitab\u0131 de\u011fil. Bal, mutfakta. Bu kitaptaysa a\u011fz\u0131ndan ger\u00e7ekler damlayan bir Cem Mumcu sizi bekliyor.Bazen can\u0131n\u0131z yanacak. Cem\u2019in de dedi\u011fi gibi \u201cBiraz can\u0131n\u0131z\u0131n yanmas\u0131na izin verirseniz, can\u0131n\u0131z\u0131n yanmas\u0131 ge\u00e7ecek\u201d \u00e7\u00fcnk\u00fc. Bazen \u00f6yle bir yer gelecek ki \u201cCem\u2019in bu anlatt\u0131\u011f\u0131 ben miyim? Ben olabilir miyim?\u201d diye soracaks\u0131n\u0131z. \u0130htimaldir ki, bu soruyu sorma cesaretini de g\u00f6sterdi\u011finize g\u00f6re evet, o sizsiniz.Bug\u00fcne dek bir\u00e7ok s\u00f6yle\u015fi dinlediniz, bir\u00e7ok kitap okudunuz belki de. \u00d6lmeden \u00f6nce mutlaka gitmeniz gereken 100 yere, \u00f6lmeden \u00f6nce mutlaka yemeniz gereken 100 yeme\u011fe, \u00f6lmeden \u00f6nce mutlaka izlemeniz gereken 100 filme de olas\u0131l\u0131kla bir\u00e7ok listede, bir\u00e7ok kaynakta tan\u0131k oldunuz.Haz\u0131r olun. \u015eimdi Cem size \u201c\u00d6lmeden \u00f6nce m\u00fcmk\u00fcnse ya\u015faman\u0131z gereken 1 hayat var\u201d diyor. \u2018Mutlaka\u2019 de\u011fil \u2018m\u00fcmk\u00fcnse\u2019 ve 100 adet de\u011fil yaln\u0131zca 1 tane\u2026<\/p>\n","protected":false},"excerpt":{"rendered":"<p>Blogger var, vlogger var, Cem Mumcu ne yapar derseniz, \u2018dialogger\u2019 oldum derim. Ben uydurdum. T\u00fcrk\u00e7ede yok, internet\u00e7ede \u201c\u0130nsana dair her \u015feyi dolays\u0131z, i\u00e7ten, m\u0131\u015f gibi yapmadan<span class=\"excerpt-hellip\"> [\u2026]<\/span><\/p>\n","protected":false},"featured_media":0,"template":"","meta":{"_monsterinsights_skip_tracking":false,"_monsterinsights_sitenote_active":false,"_monsterinsights_sitenote_note":"","_monsterinsights_sitenote_category":0},"product_brand":[],"product_cat":[12358,12357],"product_tag":[],"class_list":{"0":"post-732560","1":"product","2":"type-product","3":"status-publish","5":"product_cat-genel-psikoloji","6":"product_cat-psikoloji","7":"pa_cilt-ciltsiz","8":"pa_tur-kitap","9":"pa_yayinevi-okuyan-us-yayin","10":"pa_yazar-cem-mumcu","12":"first","13":"instock","14":"sale","15":"shipping-taxable","16":"purchasable","17":"product-type-simple"},"_links":{"self":[{"href":"https:\/\/roveyayinevi.com.tr\/index.php\/wp-json\/wp\/v2\/product\/732560","targetHints":{"allow":["GET"]}}],"collection":[{"href":"https:\/\/roveyayinevi.com.tr\/index.php\/wp-json\/wp\/v2\/product"}],"about":[{"href":"https:\/\/roveyayinevi.com.tr\/index.php\/wp-json\/wp\/v2\/types\/product"}],"wp:attachment":[{"href":"https:\/\/roveyayinevi.com.tr\/index.php\/wp-json\/wp\/v2\/media?parent=732560"}],"wp:term":[{"taxonomy":"product_brand","embeddable":true,"href":"https:\/\/roveyayinevi.com.tr\/index.php\/wp-json\/wp\/v2\/product_brand?post=732560"},{"taxonomy":"product_cat","embeddable":true,"href":"https:\/\/roveyayinevi.com.tr\/index.php\/wp-json\/wp\/v2\/product_cat?post=732560"},{"taxonomy":"product_tag","embeddable":true,"href":"https:\/\/roveyayinevi.com.tr\/index.php\/wp-json\/wp\/v2\/product_tag?post=732560"}],"curies":[{"name":"wp","href":"https:\/\/api.w.org\/{rel}","templated":true}]}}