{"id":732559,"date":"2025-08-27T21:53:01","date_gmt":"2025-08-27T18:53:01","guid":{"rendered":"https:\/\/roveyayinevi.com.tr\/index.php\/urun\/musterek-dusunceler\/"},"modified":"2026-04-13T02:49:21","modified_gmt":"2026-04-12T23:49:21","slug":"musterek-dusunceler","status":"publish","type":"product","link":"https:\/\/roveyayinevi.com.tr\/index.php\/urun\/musterek-dusunceler\/","title":{"rendered":"M\u00fc\u015fterek D\u00fc\u015f\u00fcnceler"},"content":{"rendered":"<p>50 binden fazla satan ve kurgud\u0131\u015f\u0131 alana yepyeni bir soluk getiren SADE\u2019nin ard\u0131ndan Beg\u00fcm Ba\u015fo\u011flu ve Ege Erim M\u00fc\u015fterek D\u00fc\u015f\u00fcnceler\u2019le fark\u0131nda olmak, de\u011fi\u015febilmek ve bitimli bir ya\u015famda var olmak \u00fczerine bir kap\u0131 a\u00e7\u0131yor.\u0130\u00e7inde daha az e\u015fya, daha fazla deneyim olan, daha hafif, s\u0131n\u0131rlar\u0131n\u0131 kendinizin belirledi\u011fi dolu dolu bir ya\u015fam sadedir diyerek yola \u00e7\u0131kan ve binlerce insan\u0131n sade ya\u015fam\u0131n mucizesini ke\u015ffetmesini sa\u011flayan Beg\u00fcm Ba\u015fo\u011flu ve Ege Erim, M\u00fc\u015fterek D\u00fc\u015f\u00fcnceler ile sizi derin bir yolculu\u011fa \u00e7\u0131kar\u0131yor. Y\u0131llar i\u00e7inde b\u00fcy\u00fcyen ve b\u00fcy\u00fcd\u00fck\u00e7e m\u00fc\u015fterek hislerin yo\u011funla\u015fmas\u0131na vesile olan bu ke\u015fif, Beg\u00fcm ve Ege\u2019nin samimi diliyle hafifletici bir deneyime d\u00f6n\u00fc\u015f\u00fcyor. De\u011fi\u015fmenin nas\u0131l m\u00fcmk\u00fcn oldu\u011funu merak ediyor, kendinize yetip yetmeyece\u011finiz konusunda kayg\u0131 duyuyor, mutlulu\u011fun neye benzedi\u011fini sorgulam\u0131yor, en \u00f6nemlisi de kendinizi nas\u0131l bildi\u011finizi bilmiyorsan\u0131z fark\u0131nda olman\u0131z, de\u011fi\u015febilmeniz ve bitimli bir ya\u015fam\u0131 daha anlaml\u0131 ve keyifli deneyimleyebilmeniz i\u00e7in rehberiniz yan\u0131n\u0131zda\u2026\u201cSadele\u015fmeyi se\u00e7ti\u011fimiz zaman ya\u015fam zaten kusursuz bir sadelik de\u011fil, fark\u0131ndal\u0131k \u00fczerine kuruluyor. Bu yolculukta en \u00e7ok bunu kabullenmek gerekiyor hatta. Sadele\u015fmenin tam da bir son durak de\u011fil, bir yolculuk oldu\u011funu anlamak. D\u00fcn\u00fc \u00e7ok dikkatsiz, \u00e7ok me\u015fgul veya \u00e7ok gergin bir \u015fekilde ge\u00e7irmi\u015f olabiliriz. Bug\u00fcn yeni bir g\u00fcn. Kendimizin fark\u0131na vard\u0131\u011f\u0131m\u0131z her an, de\u011fi\u015fmek i\u00e7in sil ba\u015ftan bir imkan.\u201d<\/p>\n","protected":false},"excerpt":{"rendered":"<p>50 binden fazla satan ve kurgud\u0131\u015f\u0131 alana yepyeni bir soluk getiren SADE\u2019nin ard\u0131ndan Beg\u00fcm Ba\u015fo\u011flu ve Ege Erim M\u00fc\u015fterek D\u00fc\u015f\u00fcnceler\u2019le fark\u0131nda olmak, de\u011fi\u015febilmek ve bitimli bir<span class=\"excerpt-hellip\"> [\u2026]<\/span><\/p>\n","protected":false},"featured_media":0,"template":"","meta":{"_monsterinsights_skip_tracking":false,"_monsterinsights_sitenote_active":false,"_monsterinsights_sitenote_note":"","_monsterinsights_sitenote_category":0},"product_brand":[],"product_cat":[12364,12376],"product_tag":[],"class_list":{"0":"post-732559","1":"product","2":"type-product","3":"status-publish","5":"product_cat-genel-konular","6":"product_cat-kisisel-gelisim","7":"pa_cilt-ciltsiz","8":"pa_tur-kitap","9":"pa_yayinevi-okuyan-us-yayin","10":"pa_yazar-begum-basoglu-ege-erim","12":"first","13":"instock","14":"sale","15":"shipping-taxable","16":"purchasable","17":"product-type-simple"},"_links":{"self":[{"href":"https:\/\/roveyayinevi.com.tr\/index.php\/wp-json\/wp\/v2\/product\/732559","targetHints":{"allow":["GET"]}}],"collection":[{"href":"https:\/\/roveyayinevi.com.tr\/index.php\/wp-json\/wp\/v2\/product"}],"about":[{"href":"https:\/\/roveyayinevi.com.tr\/index.php\/wp-json\/wp\/v2\/types\/product"}],"wp:attachment":[{"href":"https:\/\/roveyayinevi.com.tr\/index.php\/wp-json\/wp\/v2\/media?parent=732559"}],"wp:term":[{"taxonomy":"product_brand","embeddable":true,"href":"https:\/\/roveyayinevi.com.tr\/index.php\/wp-json\/wp\/v2\/product_brand?post=732559"},{"taxonomy":"product_cat","embeddable":true,"href":"https:\/\/roveyayinevi.com.tr\/index.php\/wp-json\/wp\/v2\/product_cat?post=732559"},{"taxonomy":"product_tag","embeddable":true,"href":"https:\/\/roveyayinevi.com.tr\/index.php\/wp-json\/wp\/v2\/product_tag?post=732559"}],"curies":[{"name":"wp","href":"https:\/\/api.w.org\/{rel}","templated":true}]}}