{"id":732558,"date":"2025-08-27T21:53:00","date_gmt":"2025-08-27T18:53:00","guid":{"rendered":"https:\/\/roveyayinevi.com.tr\/index.php\/urun\/patara-uyuyan-guzel-kent\/"},"modified":"2026-04-16T02:40:22","modified_gmt":"2026-04-15T23:40:22","slug":"patara-uyuyan-guzel-kent","status":"publish","type":"product","link":"https:\/\/roveyayinevi.com.tr\/index.php\/urun\/patara-uyuyan-guzel-kent\/","title":{"rendered":"Patara- Uyuyan G\u00fczel Kent"},"content":{"rendered":"<p>Can&#8217;\u0131n arkeoloji, gizem ve tarih dolu ser\u00fcvenine haz\u0131r m\u0131s\u0131n? Peki, ya bat\u0131k gemilerin, denizin dibinde bulunan sikkelerin, korsan hik\u00e2yelerinin, bilimsel \u00e7al\u0131\u015fmalar\u0131n izinde be\u015f bin y\u0131ll\u0131k antik kent Patara&#8217;n\u0131n gizemini \u00e7\u00f6zmeye? Dostumuz Can, Patara&#8217;n\u0131n s\u0131rlar\u0131n\u0131 ara\u015ft\u0131r\u0131yor. \u00dcstelik bu macerada ona annesi Profes\u00f6r I\u015f\u0131l Han\u0131m ve kaz\u0131 ekibi de yard\u0131m ediyor. Haydi! Hep beraber Akdeniz&#8217;in g\u00f6z bebe\u011fi &#8220;I\u015f\u0131k \u00dclkesi&#8221; Patara&#8217;y\u0131 ke\u015ffedelim. * Ayr\u0131ca 16 sayfal\u0131k uygulama kitap\u00e7\u0131\u011f\u0131 hediye. Bu kitap\u00e7\u0131kta kitaptan \u00e7\u0131kar\u0131lan sorular, deyim \u00e7al\u0131\u015fmalar\u0131, \u00f6zel bulmacalar, hik\u00e2yeyi devam ettirme uygulamalar\u0131 yer almaktad\u0131r.<\/p>\n","protected":false},"excerpt":{"rendered":"<p>Can&#8217;\u0131n arkeoloji, gizem ve tarih dolu ser\u00fcvenine haz\u0131r m\u0131s\u0131n? Peki, ya bat\u0131k gemilerin, denizin dibinde bulunan sikkelerin, korsan hik\u00e2yelerinin, bilimsel \u00e7al\u0131\u015fmalar\u0131n izinde be\u015f bin y\u0131ll\u0131k antik<span class=\"excerpt-hellip\"> [\u2026]<\/span><\/p>\n","protected":false},"featured_media":0,"template":"","meta":{"_monsterinsights_skip_tracking":false,"_monsterinsights_sitenote_active":false,"_monsterinsights_sitenote_note":"","_monsterinsights_sitenote_category":0},"product_brand":[],"product_cat":[12275,12274],"product_tag":[],"class_list":{"0":"post-732558","1":"product","2":"type-product","3":"status-publish","5":"product_cat-6-12-yas-kitaplari","6":"product_cat-cocuk-ve-genclik-kitaplari","7":"pa_cilt-ciltsiz","8":"pa_tur-kitap","9":"pa_yayinevi-ucan-at","10":"pa_yazar-ozgur-ozgulgun","12":"first","13":"instock","14":"sale","15":"shipping-taxable","16":"purchasable","17":"product-type-simple"},"_links":{"self":[{"href":"https:\/\/roveyayinevi.com.tr\/index.php\/wp-json\/wp\/v2\/product\/732558","targetHints":{"allow":["GET"]}}],"collection":[{"href":"https:\/\/roveyayinevi.com.tr\/index.php\/wp-json\/wp\/v2\/product"}],"about":[{"href":"https:\/\/roveyayinevi.com.tr\/index.php\/wp-json\/wp\/v2\/types\/product"}],"wp:attachment":[{"href":"https:\/\/roveyayinevi.com.tr\/index.php\/wp-json\/wp\/v2\/media?parent=732558"}],"wp:term":[{"taxonomy":"product_brand","embeddable":true,"href":"https:\/\/roveyayinevi.com.tr\/index.php\/wp-json\/wp\/v2\/product_brand?post=732558"},{"taxonomy":"product_cat","embeddable":true,"href":"https:\/\/roveyayinevi.com.tr\/index.php\/wp-json\/wp\/v2\/product_cat?post=732558"},{"taxonomy":"product_tag","embeddable":true,"href":"https:\/\/roveyayinevi.com.tr\/index.php\/wp-json\/wp\/v2\/product_tag?post=732558"}],"curies":[{"name":"wp","href":"https:\/\/api.w.org\/{rel}","templated":true}]}}