{"id":732557,"date":"2025-08-27T21:52:59","date_gmt":"2025-08-27T18:52:59","guid":{"rendered":"https:\/\/roveyayinevi.com.tr\/index.php\/urun\/su-siirleri\/"},"modified":"2026-04-16T02:40:22","modified_gmt":"2026-04-15T23:40:22","slug":"su-siirleri","status":"publish","type":"product","link":"https:\/\/roveyayinevi.com.tr\/index.php\/urun\/su-siirleri\/","title":{"rendered":"Su \u015eiirleri"},"content":{"rendered":"<p>MuslukSuyla temizlenir kirlenenlerDerinlerde c\u00e2n\u0131nKana kana i\u00e7meye hasret sular\u0131ylaEy!Beyazda g\u00fc\u00e7lenen \u0131\u015f\u0131k y\u00fcr\u00fcy\u00fcc\u00fcleri&#8230;Levh-i Mahvuz\u2019u arayanlarMu\u2019dan gelenlerMusalar, Muhammedler&#8230;Ve onlar\u0131n izini s\u00fcrenlerPelin Bindal 1980 y\u0131l\u0131nda \u0130stanbul\u2019da do\u011fdu. \u0130lk, orta, lise \u00f6\u011frenimini Yalova\u2019da tamamlad\u0131ktan sonra profesyonel m\u00fczik hayat\u0131na ba\u015flad\u0131. 2004 y\u0131l\u0131nda \u0130T\u00dc Devlet Konservatuar\u0131 Ses E\u011fitimi b\u00f6l\u00fcm\u00fcn\u00fc kazand\u0131. Bir alb\u00fcm ile s\u00f6z\u00fc m\u00fczi\u011fi kendisine ait olan K\u00fcllerimden Do\u011far\u0131m isimli tekli \u00e7al\u0131\u015fmas\u0131n\u0131 dinleyicilerin be\u011fenisine sundu. Son be\u015f y\u0131ld\u0131r Do\u00e7. Dr. Nusret Kaya ile r\u00fcya analizleri ve kuyruk bilimi e\u011fitim grubunda \u00e7al\u0131\u015fmakta olup, r\u00fcya analizi setifikas\u0131na sahip olmu\u015ftur.<\/p>\n","protected":false},"excerpt":{"rendered":"<p>MuslukSuyla temizlenir kirlenenlerDerinlerde c\u00e2n\u0131nKana kana i\u00e7meye hasret sular\u0131ylaEy!Beyazda g\u00fc\u00e7lenen \u0131\u015f\u0131k y\u00fcr\u00fcy\u00fcc\u00fcleri&#8230;Levh-i Mahvuz\u2019u arayanlarMu\u2019dan gelenlerMusalar, Muhammedler&#8230;Ve onlar\u0131n izini s\u00fcrenlerPelin Bindal 1980 y\u0131l\u0131nda \u0130stanbul\u2019da do\u011fdu. \u0130lk, orta, lise<span class=\"excerpt-hellip\"> [\u2026]<\/span><\/p>\n","protected":false},"featured_media":0,"template":"","meta":{"_monsterinsights_skip_tracking":false,"_monsterinsights_sitenote_active":false,"_monsterinsights_sitenote_note":"","_monsterinsights_sitenote_category":0},"product_brand":[],"product_cat":[12291,12509],"product_tag":[],"class_list":{"0":"post-732557","1":"product","2":"type-product","3":"status-publish","5":"product_cat-edebiyat","6":"product_cat-siir","7":"pa_cilt-ciltsiz","8":"pa_tur-kitap","9":"pa_yayinevi-abis-yayincilik","10":"pa_yazar-pelin-bindal","12":"first","13":"instock","14":"sale","15":"shipping-taxable","16":"purchasable","17":"product-type-simple"},"_links":{"self":[{"href":"https:\/\/roveyayinevi.com.tr\/index.php\/wp-json\/wp\/v2\/product\/732557","targetHints":{"allow":["GET"]}}],"collection":[{"href":"https:\/\/roveyayinevi.com.tr\/index.php\/wp-json\/wp\/v2\/product"}],"about":[{"href":"https:\/\/roveyayinevi.com.tr\/index.php\/wp-json\/wp\/v2\/types\/product"}],"wp:attachment":[{"href":"https:\/\/roveyayinevi.com.tr\/index.php\/wp-json\/wp\/v2\/media?parent=732557"}],"wp:term":[{"taxonomy":"product_brand","embeddable":true,"href":"https:\/\/roveyayinevi.com.tr\/index.php\/wp-json\/wp\/v2\/product_brand?post=732557"},{"taxonomy":"product_cat","embeddable":true,"href":"https:\/\/roveyayinevi.com.tr\/index.php\/wp-json\/wp\/v2\/product_cat?post=732557"},{"taxonomy":"product_tag","embeddable":true,"href":"https:\/\/roveyayinevi.com.tr\/index.php\/wp-json\/wp\/v2\/product_tag?post=732557"}],"curies":[{"name":"wp","href":"https:\/\/api.w.org\/{rel}","templated":true}]}}