{"id":732556,"date":"2025-08-27T21:52:58","date_gmt":"2025-08-27T18:52:58","guid":{"rendered":"https:\/\/roveyayinevi.com.tr\/index.php\/urun\/issizlik\/"},"modified":"2026-04-16T02:40:22","modified_gmt":"2026-04-15T23:40:22","slug":"issizlik","status":"publish","type":"product","link":"https:\/\/roveyayinevi.com.tr\/index.php\/urun\/issizlik\/","title":{"rendered":"Iss\u0131zl\u0131k"},"content":{"rendered":"<p>&#8220;D\u0131\u015far\u0131 \u00e7\u0131kt\u0131. Do\u011fudaki da\u011f\u0131n s\u0131rt\u0131nda sabah habercisi bir k\u0131z\u0131ll\u0131k&#8230; Pencerenin \u00f6n\u00fcnden kalkm\u0131\u015f, s\u00f6\u011f\u00fcde gelmi\u015f o tan\u0131\u015f alacakarga. Neredesin diye ba\u011f\u0131r\u0131yor; a\u015fa\u011f\u0131 yukar\u0131 sallayarak kendini&#8230; Neredeydin ka\u00e7 g\u00fcnd\u00fcr?Ser\u00e7eler ses sese kat\u0131lm\u0131\u015flar sabaha. S\u00f6\u011f\u00fct yapraklar\u0131 aras\u0131nda ser\u00e7eler; daldan dala; s\u0131ra s\u0131ra, kanat kanada ser\u00e7eler. Ser\u00e7eler kurar sabah\u0131 dememi\u015f miydi bir yazar? Onun gelmesinden, suyu meydana \u00e7\u0131kar\u0131p buralara hayat vermesinden sonra gelmi\u015fti ser\u00e7eler de&#8230;&#8221;\u0130\u00e7inde bulundu\u011fu toplumla ve kendisiyle kavgal\u0131 bir ayd\u0131n\u0131n \u0131ss\u0131zl\u0131\u011f\u0131n yal\u0131nl\u0131\u011f\u0131n\u0131 bulmak i\u00e7in \u00e7\u0131kt\u0131\u011f\u0131 uzak bir yolculukta ya\u015fad\u0131klar\u0131&#8230; Do\u011fas\u0131 ile d\u00fc\u015f\u00fcnme al\u0131\u015fkanl\u0131klar\u0131 ve sorgulama yetisi aras\u0131ndaki bitmeyen m\u00fccadele&#8230; Noktas\u0131 konmu\u015f gibi duran bir c\u00fcmlenin sonunda ba\u015flayan bir anlam bo\u015flu\u011fu gibi&#8230;Iss\u0131zl\u0131k, bir yandan \u00e7a\u011f\u0131m\u0131z d\u00fcnyas\u0131n\u0131n en b\u00fcy\u00fck sorunlar\u0131ndan olan s\u0131\u011f\u0131nmac\u0131l\u0131k ger\u00e7e\u011fine dokunurken, bir yandan da kimi noktalarda g\u00f6z kama\u015fmas\u0131na u\u011frayarak ger\u00e7eklere uzak kalan ayd\u0131nlara yak\u0131ndan bakmaya \u00e7al\u0131\u015fan bir roman.Alper Ak\u00e7am, Iss\u0131zl\u0131k\u2019ta felsefe ve toplumbilim birikimini hayal g\u00fcc\u00fcyle bulu\u015fturuyor, hayat\u0131 yeni ba\u015ftan kuruyor.<\/p>\n","protected":false},"excerpt":{"rendered":"<p>&#8220;D\u0131\u015far\u0131 \u00e7\u0131kt\u0131. Do\u011fudaki da\u011f\u0131n s\u0131rt\u0131nda sabah habercisi bir k\u0131z\u0131ll\u0131k&#8230; Pencerenin \u00f6n\u00fcnden kalkm\u0131\u015f, s\u00f6\u011f\u00fcde gelmi\u015f o tan\u0131\u015f alacakarga. Neredesin diye ba\u011f\u0131r\u0131yor; a\u015fa\u011f\u0131 yukar\u0131 sallayarak kendini&#8230; Neredeydin ka\u00e7<span class=\"excerpt-hellip\"> [\u2026]<\/span><\/p>\n","protected":false},"featured_media":0,"template":"","meta":{"_monsterinsights_skip_tracking":false,"_monsterinsights_sitenote_active":false,"_monsterinsights_sitenote_note":"","_monsterinsights_sitenote_category":0},"product_brand":[],"product_cat":[12291,12711],"product_tag":[],"class_list":{"0":"post-732556","1":"product","2":"type-product","3":"status-publish","5":"product_cat-edebiyat","6":"product_cat-roman-oyku","7":"pa_cilt-ciltsiz","8":"pa_tur-kitap","9":"pa_yayinevi-abis-yayincilik","10":"pa_yazar-alper-akcam","12":"first","13":"instock","14":"sale","15":"shipping-taxable","16":"purchasable","17":"product-type-simple"},"_links":{"self":[{"href":"https:\/\/roveyayinevi.com.tr\/index.php\/wp-json\/wp\/v2\/product\/732556","targetHints":{"allow":["GET"]}}],"collection":[{"href":"https:\/\/roveyayinevi.com.tr\/index.php\/wp-json\/wp\/v2\/product"}],"about":[{"href":"https:\/\/roveyayinevi.com.tr\/index.php\/wp-json\/wp\/v2\/types\/product"}],"wp:attachment":[{"href":"https:\/\/roveyayinevi.com.tr\/index.php\/wp-json\/wp\/v2\/media?parent=732556"}],"wp:term":[{"taxonomy":"product_brand","embeddable":true,"href":"https:\/\/roveyayinevi.com.tr\/index.php\/wp-json\/wp\/v2\/product_brand?post=732556"},{"taxonomy":"product_cat","embeddable":true,"href":"https:\/\/roveyayinevi.com.tr\/index.php\/wp-json\/wp\/v2\/product_cat?post=732556"},{"taxonomy":"product_tag","embeddable":true,"href":"https:\/\/roveyayinevi.com.tr\/index.php\/wp-json\/wp\/v2\/product_tag?post=732556"}],"curies":[{"name":"wp","href":"https:\/\/api.w.org\/{rel}","templated":true}]}}