{"id":732554,"date":"2025-08-27T21:52:56","date_gmt":"2025-08-27T18:52:56","guid":{"rendered":"https:\/\/roveyayinevi.com.tr\/index.php\/urun\/eylemciler\/"},"modified":"2026-04-16T02:40:22","modified_gmt":"2026-04-15T23:40:22","slug":"eylemciler","status":"publish","type":"product","link":"https:\/\/roveyayinevi.com.tr\/index.php\/urun\/eylemciler\/","title":{"rendered":"Eylemciler"},"content":{"rendered":"<p>Fransa\u2019da Nazi i\u015fgaline kar\u015f\u0131 direni\u015fin, kom\u00fcnist hareketin ve toplumcu ger\u00e7ek\u00e7i edebiyat\u0131n \u00f6nemli isimlerinde Jean Laffitte, \u201cRezistans\u201d\u0131n tam ortas\u0131ndan yazd\u0131\u011f\u0131 bu an\u0131-romanda Paris\u2019in sokaklar\u0131ndan Gestapo\u2019nun zindanlar\u0131na ve toplama kamplar\u0131na g\u00f6t\u00fcr\u00fcyor okurlar\u0131. Neticede, b\u00fcy\u00fck ac\u0131lar ve h\u00fcz\u00fcn bir yanda, diren\u00e7 ve umut di\u011fer yanda\u2026 insan\u0131 m\u00fccadeleye \u00e7a\u011f\u0131ran, nefes kesici bir anlat\u0131 \u00e7\u0131k\u0131yor ortaya. Okuru yak\u0131n tarihin karanl\u0131k sokaklar\u0131nda dola\u015ft\u0131ran, deh\u015fet dolu zindanlara at\u0131lan insanlar\u0131n hik\u00e2yelerini hat\u0131rlatan, ta\u015f ocaklar\u0131nda \u00f6lesiye \u00e7al\u0131\u015ft\u0131r\u0131lman\u0131n ve a\u00e7 b\u0131rak\u0131lman\u0131n ger\u00e7ekli\u011fini b\u00fct\u00fcn \u00e7\u0131plakl\u0131\u011f\u0131yla anlatan bu sars\u0131c\u0131 romanda, insan olman\u0131n onurunu koruyarak ve m\u00fccadeleyi son nefesine kadar s\u00fcrd\u00fcrerek karanl\u0131klar\u0131 ayd\u0131nl\u0131\u011fa \u00e7evirmenin ve zindanlar\u0131 y\u0131kman\u0131n olanaklar\u0131n\u0131 da g\u00f6r\u00fcyoruz. E\u015fi Madeleine\u2019i ve bir\u00e7ok yolda\u015f\u0131n\u0131 Nazi toplama kamplar\u0131nda kaybeden Jean Laffitte, her ko\u015ful alt\u0131nda \u00e7al\u0131\u015fmas\u0131n\u0131 ve direncini s\u00fcrd\u00fcren emek\u00e7ilerin, gen\u00e7lerin, yeralt\u0131nda m\u00fccadele veren militanlar\u0131n, yurtseverlerin, kom\u00fcnistlerin, neferlerin ve \u00f6nderlerin hik\u00e2yelerini anlat\u0131yor. \u201cBizim hik\u00e2yelerimiz\u201dden biri daha, g\u00f6zden ge\u00e7irilmi\u015f h\u00e2liyle okurlarla yeniden bulu\u015fuyor! \u201cCesaret korkmamak de\u011fil, \u00f6nce korkuyu yenmektir. Yaln\u0131zca budalalar korkmad\u0131\u011f\u0131n\u0131 s\u00f6yler. Onlara da ihtiyac\u0131m\u0131z yok. Sonucu bilerek sava\u015fmay\u0131 kabul eden insanlar gerek bize. Onlar da bizde var. B\u00f6ylelikle g\u00fcven i\u00e7inde ilerleyebiliriz, zafer bu yolun sonundad\u0131r\u2026\u201d<\/p>\n","protected":false},"excerpt":{"rendered":"<p>Fransa\u2019da Nazi i\u015fgaline kar\u015f\u0131 direni\u015fin, kom\u00fcnist hareketin ve toplumcu ger\u00e7ek\u00e7i edebiyat\u0131n \u00f6nemli isimlerinde Jean Laffitte, \u201cRezistans\u201d\u0131n tam ortas\u0131ndan yazd\u0131\u011f\u0131 bu an\u0131-romanda Paris\u2019in sokaklar\u0131ndan Gestapo\u2019nun zindanlar\u0131na ve<span class=\"excerpt-hellip\"> [\u2026]<\/span><\/p>\n","protected":false},"featured_media":0,"template":"","meta":{"_monsterinsights_skip_tracking":false,"_monsterinsights_sitenote_active":false,"_monsterinsights_sitenote_note":"","_monsterinsights_sitenote_category":0},"product_brand":[],"product_cat":[12291,12711],"product_tag":[],"class_list":{"0":"post-732554","1":"product","2":"type-product","3":"status-publish","5":"product_cat-edebiyat","6":"product_cat-roman-oyku","7":"pa_cilt-ciltsiz","8":"pa_tur-kitap","9":"pa_yayinevi-yordam-kitap","10":"pa_yazar-jean-lafitte","12":"first","13":"instock","14":"sale","15":"shipping-taxable","16":"purchasable","17":"product-type-simple"},"_links":{"self":[{"href":"https:\/\/roveyayinevi.com.tr\/index.php\/wp-json\/wp\/v2\/product\/732554","targetHints":{"allow":["GET"]}}],"collection":[{"href":"https:\/\/roveyayinevi.com.tr\/index.php\/wp-json\/wp\/v2\/product"}],"about":[{"href":"https:\/\/roveyayinevi.com.tr\/index.php\/wp-json\/wp\/v2\/types\/product"}],"wp:attachment":[{"href":"https:\/\/roveyayinevi.com.tr\/index.php\/wp-json\/wp\/v2\/media?parent=732554"}],"wp:term":[{"taxonomy":"product_brand","embeddable":true,"href":"https:\/\/roveyayinevi.com.tr\/index.php\/wp-json\/wp\/v2\/product_brand?post=732554"},{"taxonomy":"product_cat","embeddable":true,"href":"https:\/\/roveyayinevi.com.tr\/index.php\/wp-json\/wp\/v2\/product_cat?post=732554"},{"taxonomy":"product_tag","embeddable":true,"href":"https:\/\/roveyayinevi.com.tr\/index.php\/wp-json\/wp\/v2\/product_tag?post=732554"}],"curies":[{"name":"wp","href":"https:\/\/api.w.org\/{rel}","templated":true}]}}