{"id":732552,"date":"2025-08-27T21:52:54","date_gmt":"2025-08-27T18:52:54","guid":{"rendered":"https:\/\/roveyayinevi.com.tr\/index.php\/urun\/montro-meydan-muharebesi-ciltli\/"},"modified":"2026-04-16T02:40:22","modified_gmt":"2026-04-15T23:40:22","slug":"montro-meydan-muharebesi-ciltli","status":"publish","type":"product","link":"https:\/\/roveyayinevi.com.tr\/index.php\/urun\/montro-meydan-muharebesi-ciltli\/","title":{"rendered":"Montr\u00f6 Meydan Muharebesi (Ciltli)"},"content":{"rendered":"<p>D\u00fcnyan\u0131n en \u00f6nemli su yollar\u0131ndan biri olan T\u00fcrk Bo\u011fazlar\u0131, tarih boyunca pek \u00e7ok devlet i\u00e7in m\u00fccadelelerin, ihtiraslar\u0131n ve bu co\u011fraf\u00ee alan\u0131n kaderini belirleme sava\u015f\u0131n\u0131n sembol\u00fc olmu\u015ftur. Bu kadim sava\u015f\u0131n -\u015fimdilik- son perdesini ise Montr\u00f6 Bo\u011fazlar Konferans\u0131 ya da d\u00f6nemin bas\u0131n\u0131n\u0131n deyi\u015fiyle &#8220;Montr\u00f6 Meydan Muharebesi&#8221; olu\u015fturur.Gen\u00e7 T\u00fcrkiye Cumhuriyeti, bir ay kadar devam eden bu diplomasi muharebesinden zaferle \u00e7\u0131km\u0131\u015f, T\u00fcrklerin &#8220;masa ba\u015f\u0131&#8221; sava\u015flar\u0131n\u0131 kaybetti\u011fine dair yayg\u0131n kan\u0131y\u0131 Lozan&#8217;dan sonra bir kez daha y\u0131km\u0131\u015ft\u0131r.Montr\u00f6 Bo\u011fazlar S\u00f6zle\u015fmesi deyim yerindeyse bu zaferin ganimetidir ve elinizdeki kitab\u0131n \u00f6ncelikli hedefi de ganimete ula\u015f\u0131lmas\u0131n\u0131 sa\u011flayan muharebenin hik\u00e2yesini m\u00fcmk\u00fcn oldu\u011funca eksiksiz ve belgelere dayal\u0131 olarak anlatabilmektir.<\/p>\n","protected":false},"excerpt":{"rendered":"<p>D\u00fcnyan\u0131n en \u00f6nemli su yollar\u0131ndan biri olan T\u00fcrk Bo\u011fazlar\u0131, tarih boyunca pek \u00e7ok devlet i\u00e7in m\u00fccadelelerin, ihtiraslar\u0131n ve bu co\u011fraf\u00ee alan\u0131n kaderini belirleme sava\u015f\u0131n\u0131n sembol\u00fc olmu\u015ftur.<span class=\"excerpt-hellip\"> [\u2026]<\/span><\/p>\n","protected":false},"featured_media":0,"template":"","meta":{"_monsterinsights_skip_tracking":false,"_monsterinsights_sitenote_active":false,"_monsterinsights_sitenote_note":"","_monsterinsights_sitenote_category":0},"product_brand":[],"product_cat":[13590,12337],"product_tag":[],"class_list":{"0":"post-732552","1":"product","2":"type-product","3":"status-publish","5":"product_cat-arastirma-inceleme-politika-siyaset","6":"product_cat-politika-siyaset","7":"pa_cilt-ciltsiz","8":"pa_tur-kitap","9":"pa_yayinevi-kaynak-yayinlari","10":"pa_yazar-murat-burgac","12":"first","13":"instock","14":"sale","15":"shipping-taxable","16":"purchasable","17":"product-type-simple"},"_links":{"self":[{"href":"https:\/\/roveyayinevi.com.tr\/index.php\/wp-json\/wp\/v2\/product\/732552","targetHints":{"allow":["GET"]}}],"collection":[{"href":"https:\/\/roveyayinevi.com.tr\/index.php\/wp-json\/wp\/v2\/product"}],"about":[{"href":"https:\/\/roveyayinevi.com.tr\/index.php\/wp-json\/wp\/v2\/types\/product"}],"wp:attachment":[{"href":"https:\/\/roveyayinevi.com.tr\/index.php\/wp-json\/wp\/v2\/media?parent=732552"}],"wp:term":[{"taxonomy":"product_brand","embeddable":true,"href":"https:\/\/roveyayinevi.com.tr\/index.php\/wp-json\/wp\/v2\/product_brand?post=732552"},{"taxonomy":"product_cat","embeddable":true,"href":"https:\/\/roveyayinevi.com.tr\/index.php\/wp-json\/wp\/v2\/product_cat?post=732552"},{"taxonomy":"product_tag","embeddable":true,"href":"https:\/\/roveyayinevi.com.tr\/index.php\/wp-json\/wp\/v2\/product_tag?post=732552"}],"curies":[{"name":"wp","href":"https:\/\/api.w.org\/{rel}","templated":true}]}}