{"id":732548,"date":"2025-08-27T21:52:50","date_gmt":"2025-08-27T18:52:50","guid":{"rendered":"https:\/\/roveyayinevi.com.tr\/index.php\/urun\/golgelerin-efendisi-15-kayip-prens\/"},"modified":"2026-04-16T02:40:22","modified_gmt":"2026-04-15T23:40:22","slug":"golgelerin-efendisi-15-kayip-prens","status":"publish","type":"product","link":"https:\/\/roveyayinevi.com.tr\/index.php\/urun\/golgelerin-efendisi-15-kayip-prens\/","title":{"rendered":"G\u00f6lgelerin Efendisi 15 &#8211; Kay\u0131p Prens"},"content":{"rendered":"<p>Macera devam ediyor&#8230; O\u011flu, Baron Lassigny taraf\u0131ndan rehin al\u0131nan Galya Kral\u0131, Araluen \u015eatosu&#8217;na gelerek Kral Duncan&#8217;dan yard\u0131m ister. Prens Giles&#8217;i bir sava\u015fa yol a\u00e7madan kurtarmak, b\u00f6lgedeki bar\u0131\u015f\u0131n korunmas\u0131 a\u00e7\u0131s\u0131ndan b\u00fcy\u00fck \u00f6nem ta\u015f\u0131maktad\u0131r. Kral Duncan, Prens&#8217;in tutuldu\u011fu kaleye gizlice girmeleri ve onu kurtarmalar\u0131 konusunda Orman Muhaf\u0131zlar\u0131n\u0131 g\u00f6revlendirir. Will ve Maddie bu zorlu g\u00f6revi ba\u015farabilmek i\u00e7in bir plan yaparlar ve Galya&#8217;ya do\u011fru yola \u00e7\u0131karlar. Ancak Baron Lassigny&#8217;nin de planlar\u0131 vard\u0131r&#8230; <\/p>\n","protected":false},"excerpt":{"rendered":"<p>Macera devam ediyor&#8230; O\u011flu, Baron Lassigny taraf\u0131ndan rehin al\u0131nan Galya Kral\u0131, Araluen \u015eatosu&#8217;na gelerek Kral Duncan&#8217;dan yard\u0131m ister. Prens Giles&#8217;i bir sava\u015fa yol a\u00e7madan kurtarmak, b\u00f6lgedeki<span class=\"excerpt-hellip\"> [\u2026]<\/span><\/p>\n","protected":false},"featured_media":0,"template":"","meta":{"_monsterinsights_skip_tracking":false,"_monsterinsights_sitenote_active":false,"_monsterinsights_sitenote_note":"","_monsterinsights_sitenote_category":0},"product_brand":[],"product_cat":[12275,12274],"product_tag":[],"class_list":{"0":"post-732548","1":"product","2":"type-product","3":"status-publish","5":"product_cat-6-12-yas-kitaplari","6":"product_cat-cocuk-ve-genclik-kitaplari","7":"pa_cilt-ciltsiz","8":"pa_tur-kitap","9":"pa_yayinevi-beyaz-balina-yayinlari","10":"pa_yazar-john-flanagan","12":"first","13":"instock","14":"sale","15":"shipping-taxable","16":"purchasable","17":"product-type-simple"},"_links":{"self":[{"href":"https:\/\/roveyayinevi.com.tr\/index.php\/wp-json\/wp\/v2\/product\/732548","targetHints":{"allow":["GET"]}}],"collection":[{"href":"https:\/\/roveyayinevi.com.tr\/index.php\/wp-json\/wp\/v2\/product"}],"about":[{"href":"https:\/\/roveyayinevi.com.tr\/index.php\/wp-json\/wp\/v2\/types\/product"}],"wp:attachment":[{"href":"https:\/\/roveyayinevi.com.tr\/index.php\/wp-json\/wp\/v2\/media?parent=732548"}],"wp:term":[{"taxonomy":"product_brand","embeddable":true,"href":"https:\/\/roveyayinevi.com.tr\/index.php\/wp-json\/wp\/v2\/product_brand?post=732548"},{"taxonomy":"product_cat","embeddable":true,"href":"https:\/\/roveyayinevi.com.tr\/index.php\/wp-json\/wp\/v2\/product_cat?post=732548"},{"taxonomy":"product_tag","embeddable":true,"href":"https:\/\/roveyayinevi.com.tr\/index.php\/wp-json\/wp\/v2\/product_tag?post=732548"}],"curies":[{"name":"wp","href":"https:\/\/api.w.org\/{rel}","templated":true}]}}