{"id":732545,"date":"2025-08-27T21:52:48","date_gmt":"2025-08-27T18:52:48","guid":{"rendered":"https:\/\/roveyayinevi.com.tr\/index.php\/urun\/takimlar-takimlarda-adalet-ve-takim-duzeyinde-arastirma-yontemleri\/"},"modified":"2026-04-16T02:40:22","modified_gmt":"2026-04-15T23:40:22","slug":"takimlar-takimlarda-adalet-ve-takim-duzeyinde-arastirma-yontemleri","status":"publish","type":"product","link":"https:\/\/roveyayinevi.com.tr\/index.php\/urun\/takimlar-takimlarda-adalet-ve-takim-duzeyinde-arastirma-yontemleri\/","title":{"rendered":"Tak\u0131mlar, Tak\u0131mlarda Adalet ve Tak\u0131m D\u00fczeyinde Ara\u015ft\u0131rma Y\u00f6ntemleri"},"content":{"rendered":"<p>\u0130\u00e7indekiler B\u00f6l\u00fcm 1 Tak\u0131m Nedir Tak\u0131m ve Grup Aras\u0131ndaki Farklar Tak\u0131m \u00dcyelerinin Tutum ve Davran\u0131\u015flar\u0131 Benmerkezcilik Tak\u0131m Kolektivizmi \u0130deal Tak\u0131m \u00dcyesi Tak\u0131m\u0131n Demografik Benzerli\u011fi   B\u00f6l\u00fcm 2 Tak\u0131mlarda Adalet Kavram\u0131 Adalet \u0130klimiyle \u0130lgili Ger\u00e7ekle\u015ftirilmi\u015f Olan \u00c7al\u0131\u015fmalar Tak\u0131m Arkada\u015f\u0131 Adaleti Tak\u0131m Arkada\u015f\u0131 \u0130\u015flem Adaleti Tak\u0131m Arkada\u015f\u0131 Bilgisel Adaleti Tak\u0131m Arkada\u015f\u0131 Ki\u015fileraras\u0131 Adalet Tak\u0131m Arkada\u015f\u0131 Da\u011f\u0131t\u0131m Adaleti Tak\u0131m Arkada\u015f\u0131 Adaleti ile \u0130lgili Ger\u00e7ekle\u015ftirilmi\u015f Olan \u00c7al\u0131\u015fmalar Tak\u0131m Arkada\u015f\u0131 Adaletinin Di\u011fer Kavramlarla \u0130li\u015fkisi Tak\u0131m Arkada\u015f\u0131 \u0130\u015flem Adaletinin ve Alg\u0131lanan Demografik Benzerlik \u2013 Tak\u0131m G\u00f6rev Performans\u0131 \u0130li\u015fkisindeki Rol\u00fc Tak\u0131m Arkada\u015f\u0131 \u0130\u015flem Adaletinin, Alg\u0131lanan Demografik Benzerlik \u2013 Tak\u0131m Vatanda\u015fl\u0131k Davran\u0131\u015f\u0131 \u0130li\u015fkisindeki Rol\u00fc Tak\u0131m Arkada\u015f\u0131 \u0130\u015flem Adaletinin, Alg\u0131lanan Demografik Benzerlik \u2013 Tak\u0131m D\u00fcr\u00fcstl\u00fc\u011f\u00fc \u0130li\u015fkisindeki Rol\u00fc Tak\u0131m Arkada\u015f\u0131 Bilgisel Adaletinin, Alg\u0131lanan Demografik Benzerlik \u2013 Tak\u0131m G\u00f6rev Performans\u0131 \u0130li\u015fkisindeki Rol\u00fc Tak\u0131m Arkada\u015f\u0131 Bilgisel Adaletinin, Alg\u0131lanan Demografik Benzerlik \u2013 Tak\u0131m Vatanda\u015fl\u0131k Davran\u0131\u015f\u0131 \u0130li\u015fkisindeki Rol\u00fc Tak\u0131m Arkada\u015f\u0131 Bilgisel Adaletinin, Alg\u0131lanan Demografik Benzerlik \u2013 Tak\u0131m D\u00fcr\u00fcstl\u00fc\u011f\u00fc \u0130li\u015fkisindeki Rol\u00fc   B\u00f6l\u00fcm 3 Tak\u0131m D\u00fczeyinde Ara\u015ft\u0131rma Y\u00f6ntemleri Tek D\u00fczeyli Modeller Bireysel D\u00fczeydeki Verilerin Tak\u0131m D\u00fczeyindeki Analiz Birimlerine Toplanmas\u0131 <\/p>\n","protected":false},"excerpt":{"rendered":"<p>\u0130\u00e7indekiler B\u00f6l\u00fcm 1 Tak\u0131m Nedir Tak\u0131m ve Grup Aras\u0131ndaki Farklar Tak\u0131m \u00dcyelerinin Tutum ve Davran\u0131\u015flar\u0131 Benmerkezcilik Tak\u0131m Kolektivizmi \u0130deal Tak\u0131m \u00dcyesi Tak\u0131m\u0131n Demografik Benzerli\u011fi B\u00f6l\u00fcm 2<span class=\"excerpt-hellip\"> [\u2026]<\/span><\/p>\n","protected":false},"featured_media":0,"template":"","meta":{"_monsterinsights_skip_tracking":false,"_monsterinsights_sitenote_active":false,"_monsterinsights_sitenote_note":"","_monsterinsights_sitenote_category":0},"product_brand":[],"product_cat":[13005,40995],"product_tag":[],"class_list":{"0":"post-732545","1":"product","2":"type-product","3":"status-publish","5":"product_cat-bilim-muhendislik","6":"product_cat-sosyal-bilimler","7":"pa_cilt-ciltsiz","8":"pa_tur-kitap","9":"pa_yayinevi-gazi-kitabevi","10":"pa_yazar-arzu-sert-ozen","12":"first","13":"instock","14":"sale","15":"shipping-taxable","16":"purchasable","17":"product-type-simple"},"_links":{"self":[{"href":"https:\/\/roveyayinevi.com.tr\/index.php\/wp-json\/wp\/v2\/product\/732545","targetHints":{"allow":["GET"]}}],"collection":[{"href":"https:\/\/roveyayinevi.com.tr\/index.php\/wp-json\/wp\/v2\/product"}],"about":[{"href":"https:\/\/roveyayinevi.com.tr\/index.php\/wp-json\/wp\/v2\/types\/product"}],"wp:attachment":[{"href":"https:\/\/roveyayinevi.com.tr\/index.php\/wp-json\/wp\/v2\/media?parent=732545"}],"wp:term":[{"taxonomy":"product_brand","embeddable":true,"href":"https:\/\/roveyayinevi.com.tr\/index.php\/wp-json\/wp\/v2\/product_brand?post=732545"},{"taxonomy":"product_cat","embeddable":true,"href":"https:\/\/roveyayinevi.com.tr\/index.php\/wp-json\/wp\/v2\/product_cat?post=732545"},{"taxonomy":"product_tag","embeddable":true,"href":"https:\/\/roveyayinevi.com.tr\/index.php\/wp-json\/wp\/v2\/product_tag?post=732545"}],"curies":[{"name":"wp","href":"https:\/\/api.w.org\/{rel}","templated":true}]}}