{"id":732544,"date":"2025-08-27T21:52:47","date_gmt":"2025-08-27T18:52:47","guid":{"rendered":"https:\/\/roveyayinevi.com.tr\/index.php\/urun\/metropol-yonetimlerinde-turkiye-modeli-arayisi-istanbul-londra-paris-metropolitan-yonetimlerinin-karsilastirmali-analizi\/"},"modified":"2026-04-16T02:40:22","modified_gmt":"2026-04-15T23:40:22","slug":"metropol-yonetimlerinde-turkiye-modeli-arayisi-istanbul-londra-paris-metropolitan-yonetimlerinin-karsilastirmali-analizi","status":"publish","type":"product","link":"https:\/\/roveyayinevi.com.tr\/index.php\/urun\/metropol-yonetimlerinde-turkiye-modeli-arayisi-istanbul-londra-paris-metropolitan-yonetimlerinin-karsilastirmali-analizi\/","title":{"rendered":"Metropol Y\u00f6netimlerinde T\u00fcrkiye Modeli Aray\u0131\u015f\u0131: \u0130stanbul, Londra, Paris Metropolitan Y\u00f6netimlerinin Kar\u015f\u0131la\u015ft\u0131rmal\u0131 Analizi"},"content":{"rendered":"<p>\u0130\u00e7indekiler   Birinci B\u00f6l\u00fcm 1.Metropolitan Y\u00f6netim ve \u0130lgili Kavramlar  \u0130kinci B\u00f6l\u00fcm 2.Metropolitan Y\u00f6netim Yakla\u015f\u0131mlar\u0131 ve Modelleri   \u00dc\u00e7\u00fcnc\u00fc B\u00f6l\u00fcm 3.Londra, Paris ve \u0130stanbul Metropolitan Y\u00f6netimlerin Kar\u015f\u0131la\u015ft\u0131r\u0131lmas\u0131   D\u00f6rd\u00fcnc\u00fc B\u00f6l\u00fcm 4.\u0130stanbul\u2019un Metropolitan Y\u00f6netim Modeli \u00dczerine Bir Ara\u015ft\u0131rma ve Mevcut Modele Dair \u00d6neriler <\/p>\n","protected":false},"excerpt":{"rendered":"<p>\u0130\u00e7indekiler Birinci B\u00f6l\u00fcm 1.Metropolitan Y\u00f6netim ve \u0130lgili Kavramlar \u0130kinci B\u00f6l\u00fcm 2.Metropolitan Y\u00f6netim Yakla\u015f\u0131mlar\u0131 ve Modelleri \u00dc\u00e7\u00fcnc\u00fc B\u00f6l\u00fcm 3.Londra, Paris ve \u0130stanbul Metropolitan Y\u00f6netimlerin Kar\u015f\u0131la\u015ft\u0131r\u0131lmas\u0131 D\u00f6rd\u00fcnc\u00fc B\u00f6l\u00fcm<span class=\"excerpt-hellip\"> [\u2026]<\/span><\/p>\n","protected":false},"featured_media":0,"template":"","meta":{"_monsterinsights_skip_tracking":false,"_monsterinsights_sitenote_active":false,"_monsterinsights_sitenote_note":"","_monsterinsights_sitenote_category":0},"product_brand":[],"product_cat":[13043,19008],"product_tag":[],"class_list":{"0":"post-732544","1":"product","2":"type-product","3":"status-publish","5":"product_cat-ekonomi","6":"product_cat-yonetim","7":"pa_cilt-ciltsiz","8":"pa_tur-kitap","9":"pa_yayinevi-gazi-kitabevi","10":"pa_yazar-mustafa-demirkol","12":"first","13":"instock","14":"sale","15":"shipping-taxable","16":"purchasable","17":"product-type-simple"},"_links":{"self":[{"href":"https:\/\/roveyayinevi.com.tr\/index.php\/wp-json\/wp\/v2\/product\/732544","targetHints":{"allow":["GET"]}}],"collection":[{"href":"https:\/\/roveyayinevi.com.tr\/index.php\/wp-json\/wp\/v2\/product"}],"about":[{"href":"https:\/\/roveyayinevi.com.tr\/index.php\/wp-json\/wp\/v2\/types\/product"}],"wp:attachment":[{"href":"https:\/\/roveyayinevi.com.tr\/index.php\/wp-json\/wp\/v2\/media?parent=732544"}],"wp:term":[{"taxonomy":"product_brand","embeddable":true,"href":"https:\/\/roveyayinevi.com.tr\/index.php\/wp-json\/wp\/v2\/product_brand?post=732544"},{"taxonomy":"product_cat","embeddable":true,"href":"https:\/\/roveyayinevi.com.tr\/index.php\/wp-json\/wp\/v2\/product_cat?post=732544"},{"taxonomy":"product_tag","embeddable":true,"href":"https:\/\/roveyayinevi.com.tr\/index.php\/wp-json\/wp\/v2\/product_tag?post=732544"}],"curies":[{"name":"wp","href":"https:\/\/api.w.org\/{rel}","templated":true}]}}