{"id":732543,"date":"2025-08-27T21:52:46","date_gmt":"2025-08-27T18:52:46","guid":{"rendered":"https:\/\/roveyayinevi.com.tr\/index.php\/urun\/all-star-superman\/"},"modified":"2026-04-16T02:40:22","modified_gmt":"2026-04-15T23:40:22","slug":"all-star-superman","status":"publish","type":"product","link":"https:\/\/roveyayinevi.com.tr\/index.php\/urun\/all-star-superman\/","title":{"rendered":"All-Star Superman"},"content":{"rendered":"<p>\u00c7elik adam i\u00e7in yeni ve g\u00f6z kama\u015ft\u0131r\u0131c\u0131 bir vizyon yaratmak ad\u0131na bireysel yeteneklerini birle\u015ftiren \u00e7izgi roman\u0131n efsanevi hik\u00e2ye anlat\u0131c\u0131lar\u0131 grant morr\u0131son ve frank qu\u0131tely, daha \u00f6nce we3 \u00fczerinde birlikte \u00e7al\u0131\u015ft\u0131klar\u0131 jam\u0131e grant\u2019i de yanlar\u0131na alarak \u015fimdiye kadar hayal edilmi\u015f en m\u00fcthi\u015f superman hik\u00e2yelerinden birini yaratt\u0131lar. Bu cilt orijinal serinin 12 say\u0131s\u0131n\u0131 i\u00e7ermektedir.Eisner \u00f6d\u00fcl\u00fc, en iyi yeni seri\u201cAll-Star Superman heyecan verici, cesur ve s\u00fcper haval\u0131\u2026 ger\u00e7ek bir klasik olacak.\u201d \u2014Variety.com\u201cManyak\u00e7a ve dahice.\u201d \u2014The New York Times\u201cMorrison, Superman hakk\u0131ndaki e\u011flenceli \u015feyleri biliyor: O muazzam derecede g\u00fc\u00e7l\u00fc oldu\u011fundan en ola\u011fan\u00fcst\u00fc \u015feyleri o g\u00f6r\u00fcyor ve yap\u0131yor. \u00dcstelik bir s\u00fcr\u00fc inan\u0131lmaz fiyakal\u0131 ve tamamen acayip \u015feye sahip\u2026\u201d \u2014Time, 2007\u2019nin En \u0130yi \u00c7izgi Romanlar\u0131Yazar Grant Morrison ve \u00e7izer Frank Quitely \u00e7izgi roman d\u00fcnyas\u0131ndaki en iyi ikili olabilir\u2026 Quitely\u2019nin ince detayl\u0131 \u00e7izim tarz\u0131 ve Morrison\u2019\u0131n \u00e7arp\u0131c\u0131 zek\u00e2s\u0131n\u0131n \u00fcr\u00fcn\u00fc olan n\u00fckteli hik\u00e2ye anlat\u0131m\u0131 Superman\u2019in hayat\u0131n\u0131 yeniden tasavvur eden bu hik\u00e2yeyi mutlaka okunmas\u0131 gereken bir esere d\u00f6n\u00fc\u015ft\u00fcr\u00fcyor.\u201d \u2014Metro Toronto, 2006\u2019n\u0131n En \u0130yi \u00c7izgi Roman SerisiSon otuz y\u0131l\u0131n en zevkli ve e\u011flenceli Superman yorumu.\u201d \u2014The Onion\/A.V. Club<\/p>\n","protected":false},"excerpt":{"rendered":"<p>\u00c7elik adam i\u00e7in yeni ve g\u00f6z kama\u015ft\u0131r\u0131c\u0131 bir vizyon yaratmak ad\u0131na bireysel yeteneklerini birle\u015ftiren \u00e7izgi roman\u0131n efsanevi hik\u00e2ye anlat\u0131c\u0131lar\u0131 grant morr\u0131son ve frank qu\u0131tely, daha \u00f6nce<span class=\"excerpt-hellip\"> [\u2026]<\/span><\/p>\n","protected":false},"featured_media":0,"template":"","meta":{"_monsterinsights_skip_tracking":false,"_monsterinsights_sitenote_active":false,"_monsterinsights_sitenote_note":"","_monsterinsights_sitenote_category":0},"product_brand":[],"product_cat":[12416,12291],"product_tag":[],"class_list":{"0":"post-732543","1":"product","2":"type-product","3":"status-publish","5":"product_cat-cizgi-roman","6":"product_cat-edebiyat","7":"pa_cilt-ciltsiz","8":"pa_tur-kitap","9":"pa_yayinevi-yapi-kredi-yayinlari","10":"pa_yazar-grant-morrison","12":"first","13":"instock","14":"sale","15":"shipping-taxable","16":"purchasable","17":"product-type-simple"},"_links":{"self":[{"href":"https:\/\/roveyayinevi.com.tr\/index.php\/wp-json\/wp\/v2\/product\/732543","targetHints":{"allow":["GET"]}}],"collection":[{"href":"https:\/\/roveyayinevi.com.tr\/index.php\/wp-json\/wp\/v2\/product"}],"about":[{"href":"https:\/\/roveyayinevi.com.tr\/index.php\/wp-json\/wp\/v2\/types\/product"}],"wp:attachment":[{"href":"https:\/\/roveyayinevi.com.tr\/index.php\/wp-json\/wp\/v2\/media?parent=732543"}],"wp:term":[{"taxonomy":"product_brand","embeddable":true,"href":"https:\/\/roveyayinevi.com.tr\/index.php\/wp-json\/wp\/v2\/product_brand?post=732543"},{"taxonomy":"product_cat","embeddable":true,"href":"https:\/\/roveyayinevi.com.tr\/index.php\/wp-json\/wp\/v2\/product_cat?post=732543"},{"taxonomy":"product_tag","embeddable":true,"href":"https:\/\/roveyayinevi.com.tr\/index.php\/wp-json\/wp\/v2\/product_tag?post=732543"}],"curies":[{"name":"wp","href":"https:\/\/api.w.org\/{rel}","templated":true}]}}