{"id":732541,"date":"2025-08-27T21:52:44","date_gmt":"2025-08-27T18:52:44","guid":{"rendered":"https:\/\/roveyayinevi.com.tr\/index.php\/urun\/guz-her-seyi-bilir\/"},"modified":"2026-04-16T02:40:22","modified_gmt":"2026-04-15T23:40:22","slug":"guz-her-seyi-bilir","status":"publish","type":"product","link":"https:\/\/roveyayinevi.com.tr\/index.php\/urun\/guz-her-seyi-bilir\/","title":{"rendered":"G\u00fcz Her \u015eeyi Bilir"},"content":{"rendered":"<p>Hulki Aktun\u00e7\u2019un \u00f6yk\u00fc kitaplar\u0131 Yap\u0131 Kredi Yay\u0131nlar\u0131 taraf\u0131ndan ayr\u0131 ayr\u0131 yay\u0131mlan\u0131yor. Her birinin kapa\u011f\u0131nda Hulki Aktun\u00e7 resimlerinin yer ald\u0131\u011f\u0131 be\u015f \u00f6yk\u00fc kitab\u0131 yeni bir edit\u00f6rl\u00fckle okuruna ula\u015f\u0131yor. Modern \u00f6yk\u00fcc\u00fcl\u00fc\u011f\u00fcm\u00fcz\u00fcn ustalar\u0131ndan Hulki Aktun\u00e7\u2019un ge\u00e7en ay \u00e7\u0131kan d\u00f6rd\u00fcnc\u00fc \u00f6yk\u00fc kitab\u0131 Bir Yer G\u00f6stericinin Hayat\u0131\u2019ndan sonra bu ay da be\u015finci \u00f6yk\u00fc kitab\u0131 G\u00fcz Her \u015eeyi Bilir\u2026 \u201cHer yaz\u0131, \u00f6nce iyi bir okuma olmak zorundad\u0131r, her okuma da iyi bir yaz\u0131\u201d diye ba\u015flayan G\u00fcz Her \u015eeyi Bilir \u00e7a\u011fda\u015f \u00f6yk\u00fcn\u00fcn yap\u0131s\u0131n\u0131 sarsan, dil-bi\u00e7im ara\u015ft\u0131rmalar\u0131nda u\u00e7 noktalar\u0131 yoklayan bir kitap. G\u00fcven Turan\u2019a g\u00f6re, G\u00fcz Her \u015eeyi Bilir\u2019le Aktun\u00e7, \u201c\u00f6yk\u00fcy\u00fc meddah-halk hik\u00e2yesi-\u00f6yk\u00fc \u00e7izgisinde kesi\u015ftirmi\u015f\u201d ve \u201cgiri\u015fi, geli\u015fmesi olan, bir ki\u015finin \u00fczerine kurulmu\u015f olan bir yap\u0131dan, \u00e7ok ki\u015fili ama ki\u015filer aras\u0131nda ayr\u0131m\u0131n olmad\u0131\u011f\u0131 bir yap\u0131ya\u201d ula\u015fm\u0131\u015ft\u0131r. \u201cYeni bir g\u00fczden s\u00f6z etmek ne sa\u00e7ma. G\u00fcz hep eskidir. \u0130nsan iple \u00e7eker ilkyaz\u0131; kendisini f\u0131rlat\u0131r atar ilkyaza do\u011fru&#8230; Ah, evvelbahar. Oysa g\u00fcz, o pi\u00e7 sonbahar, pis g\u00fcz, bir g\u00fcn sessizce i\u00e7ine al\u0131veriyordur seni. Oldubittileri sevmezmi\u015fsin, kimin umurunda.\u201d   <\/p>\n","protected":false},"excerpt":{"rendered":"<p>Hulki Aktun\u00e7\u2019un \u00f6yk\u00fc kitaplar\u0131 Yap\u0131 Kredi Yay\u0131nlar\u0131 taraf\u0131ndan ayr\u0131 ayr\u0131 yay\u0131mlan\u0131yor. Her birinin kapa\u011f\u0131nda Hulki Aktun\u00e7 resimlerinin yer ald\u0131\u011f\u0131 be\u015f \u00f6yk\u00fc kitab\u0131 yeni bir edit\u00f6rl\u00fckle okuruna<span class=\"excerpt-hellip\"> [\u2026]<\/span><\/p>\n","protected":false},"featured_media":0,"template":"","meta":{"_monsterinsights_skip_tracking":false,"_monsterinsights_sitenote_active":false,"_monsterinsights_sitenote_note":"","_monsterinsights_sitenote_category":0},"product_brand":[],"product_cat":[12291,12711],"product_tag":[],"class_list":{"0":"post-732541","1":"product","2":"type-product","3":"status-publish","5":"product_cat-edebiyat","6":"product_cat-roman-oyku","7":"pa_cilt-ciltsiz","8":"pa_tur-kitap","9":"pa_yayinevi-yapi-kredi-yayinlari","10":"pa_yazar-hulki-aktunc","12":"first","13":"instock","14":"sale","15":"shipping-taxable","16":"purchasable","17":"product-type-simple"},"_links":{"self":[{"href":"https:\/\/roveyayinevi.com.tr\/index.php\/wp-json\/wp\/v2\/product\/732541","targetHints":{"allow":["GET"]}}],"collection":[{"href":"https:\/\/roveyayinevi.com.tr\/index.php\/wp-json\/wp\/v2\/product"}],"about":[{"href":"https:\/\/roveyayinevi.com.tr\/index.php\/wp-json\/wp\/v2\/types\/product"}],"wp:attachment":[{"href":"https:\/\/roveyayinevi.com.tr\/index.php\/wp-json\/wp\/v2\/media?parent=732541"}],"wp:term":[{"taxonomy":"product_brand","embeddable":true,"href":"https:\/\/roveyayinevi.com.tr\/index.php\/wp-json\/wp\/v2\/product_brand?post=732541"},{"taxonomy":"product_cat","embeddable":true,"href":"https:\/\/roveyayinevi.com.tr\/index.php\/wp-json\/wp\/v2\/product_cat?post=732541"},{"taxonomy":"product_tag","embeddable":true,"href":"https:\/\/roveyayinevi.com.tr\/index.php\/wp-json\/wp\/v2\/product_tag?post=732541"}],"curies":[{"name":"wp","href":"https:\/\/api.w.org\/{rel}","templated":true}]}}