{"id":732540,"date":"2025-08-27T21:52:43","date_gmt":"2025-08-27T18:52:43","guid":{"rendered":"https:\/\/roveyayinevi.com.tr\/index.php\/urun\/derin-cin\/"},"modified":"2026-04-16T02:40:22","modified_gmt":"2026-04-15T23:40:22","slug":"derin-cin","status":"publish","type":"product","link":"https:\/\/roveyayinevi.com.tr\/index.php\/urun\/derin-cin\/","title":{"rendered":"Derin \u00c7in"},"content":{"rendered":"<p>Derin \u00c7in&#8217;i tan\u0131maya haz\u0131r m\u0131s\u0131n\u0131z?\u00c7in istihbarat\u0131n\u0131n ilk defa duyaca\u011f\u0131n\u0131z d\u00fcnyadaki \u015fa\u015f\u0131rt\u0131c\u0131 faaliyetleri, \u00c7in derin devleti, \u00c7in&#8217;in d\u00fcnya denizlerindeki yay\u0131l\u0131m alanlar\u0131, d\u00fcnya \u00fclkelerindeki yap\u0131lanmalar\u0131, devletlere h\u00e2kim olma planlar\u0131, Afrika ve Latin Amerika&#8217;y\u0131 saran hegemonyas\u0131, t\u00fcm Asya&#8217;y\u0131 ku\u015fatan faaliyetleri, d\u00fcnya enerji sava\u015flar\u0131ndaki g\u00fc\u00e7l\u00fc ve \u00fcrpertici hamleleri\u2026\u00c7in&#8217;in Do\u011fu T\u00fcrkistan&#8217;da uygulad\u0131\u011f\u0131 t\u00fcm politikalar, Do\u011fu T\u00fcrkistan&#8217;\u0131n d\u00fcn\u00fc ve bug\u00fcn\u00fc, tarih\u00ee kahramanlar\u0131 ve direni\u015fi, \u0130slam&#8217;\u0131n \u00c7in&#8217;e yay\u0131lmas\u0131, Sultan Abd\u00fclhamit&#8217;in \u00c7in siyaseti, Mao devrimi ve Mao d\u00f6neminin \u00fcrperten faaliyetlerinin perde arkas\u0131, kom\u00fcnist devrim i\u00e7in Mao&#8217;ya destek olan t\u00fcm Yahudilerin isimleri ve g\u00f6revleri\u2026\u00c7in&#8217;in alt\u0131n ve finans sava\u015flar\u0131ndaki g\u00fcc\u00fc, d\u00fcnyaya yay\u0131lan dijital ku\u015fatmas\u0131, t\u00fcm d\u00fcnyay\u0131 saran \u015fa\u015f\u0131rt\u0131c\u0131 k\u00fclt\u00fcrel faaliyetleri, Orta Do\u011fu ve Akdeniz&#8217;deki hamleleri, b\u00f6lgesel ve k\u00fcresel ticareti ve biyoteknoloji sava\u015f\u0131, ekonomi ve silah g\u00fcc\u00fc, e\u011flence ve spor alanlar\u0131nda t\u00fcm d\u00fcnyada att\u0131\u011f\u0131 ku\u015fat\u0131c\u0131 ad\u0131mlar\u2026Ve ve ve&#8230;Sinsi, katil ABD&#8217;nin \u00c7in ile m\u00fccadele ediyorum diyerek ve \u00c7in ile korku salarak di\u011fer \u00fclkeleri ku\u015fatmas\u0131, devletler \u00fcst\u00fc g\u00fc\u00e7 olan \u015feytani k\u00fcresel akl\u0131n t\u00fcm bu a\u015famalardaki tarih\u00ee ve g\u00fcncel planlar\u0131\u2026Bilmek, insana en a\u011f\u0131r y\u00fckt\u00fcr. Bilmeye dayanabilecek misiniz?<\/p>\n","protected":false},"excerpt":{"rendered":"<p>Derin \u00c7in&#8217;i tan\u0131maya haz\u0131r m\u0131s\u0131n\u0131z?\u00c7in istihbarat\u0131n\u0131n ilk defa duyaca\u011f\u0131n\u0131z d\u00fcnyadaki \u015fa\u015f\u0131rt\u0131c\u0131 faaliyetleri, \u00c7in derin devleti, \u00c7in&#8217;in d\u00fcnya denizlerindeki yay\u0131l\u0131m alanlar\u0131, d\u00fcnya \u00fclkelerindeki yap\u0131lanmalar\u0131, devletlere h\u00e2kim olma<span class=\"excerpt-hellip\"> [\u2026]<\/span><\/p>\n","protected":false},"featured_media":0,"template":"","meta":{"_monsterinsights_skip_tracking":false,"_monsterinsights_sitenote_active":false,"_monsterinsights_sitenote_note":"","_monsterinsights_sitenote_category":0},"product_brand":[],"product_cat":[12346,12337],"product_tag":[],"class_list":{"0":"post-732540","1":"product","2":"type-product","3":"status-publish","5":"product_cat-derin-siyaset-komplo-teorileri","6":"product_cat-politika-siyaset","7":"pa_cilt-ciltsiz","8":"pa_tur-kitap","9":"pa_yayinevi-lopus-yayinlari","10":"pa_yazar-mustafa-guldagi","12":"first","13":"instock","14":"sale","15":"shipping-taxable","16":"purchasable","17":"product-type-simple"},"_links":{"self":[{"href":"https:\/\/roveyayinevi.com.tr\/index.php\/wp-json\/wp\/v2\/product\/732540","targetHints":{"allow":["GET"]}}],"collection":[{"href":"https:\/\/roveyayinevi.com.tr\/index.php\/wp-json\/wp\/v2\/product"}],"about":[{"href":"https:\/\/roveyayinevi.com.tr\/index.php\/wp-json\/wp\/v2\/types\/product"}],"wp:attachment":[{"href":"https:\/\/roveyayinevi.com.tr\/index.php\/wp-json\/wp\/v2\/media?parent=732540"}],"wp:term":[{"taxonomy":"product_brand","embeddable":true,"href":"https:\/\/roveyayinevi.com.tr\/index.php\/wp-json\/wp\/v2\/product_brand?post=732540"},{"taxonomy":"product_cat","embeddable":true,"href":"https:\/\/roveyayinevi.com.tr\/index.php\/wp-json\/wp\/v2\/product_cat?post=732540"},{"taxonomy":"product_tag","embeddable":true,"href":"https:\/\/roveyayinevi.com.tr\/index.php\/wp-json\/wp\/v2\/product_tag?post=732540"}],"curies":[{"name":"wp","href":"https:\/\/api.w.org\/{rel}","templated":true}]}}