{"id":732538,"date":"2025-08-27T21:52:41","date_gmt":"2025-08-27T18:52:41","guid":{"rendered":"https:\/\/roveyayinevi.com.tr\/index.php\/urun\/anlam-istenci\/"},"modified":"2026-04-16T02:40:22","modified_gmt":"2026-04-15T23:40:22","slug":"anlam-istenci","status":"publish","type":"product","link":"https:\/\/roveyayinevi.com.tr\/index.php\/urun\/anlam-istenci\/","title":{"rendered":"Anlam \u0130stenci"},"content":{"rendered":"<p>Logoterapinin kurucusu ve psikiyatri alan\u0131ndaki en \u00f6nemli otoritelerden biri olan Viktor E. Frankl, Nazi soyk\u0131r\u0131m\u0131ndan kurtulan ender ki\u015filerden biridir. Okuru kendisiyle birlikte anlam\u0131n anlam\u0131 \u00fczerine d\u00fc\u015f\u00fcnmeye \u00e7a\u011f\u0131ran Frankl\u2019a g\u00f6re, insani varolu\u015fun ay\u0131rt edici \u00f6zelli\u011fi mutluluk veya haz pe\u015finde ko\u015fmak de\u011fil, bir anlama sahip olup onu ger\u00e7ekle\u015ftirmeye \u00e7al\u0131\u015fmakt\u0131r. Ve de varolu\u015fsal bo\u015fluk \u00e7a\u011f\u0131 dedi\u011fi g\u00fcn\u00fcm\u00fczde, anlamla birlikte haz ve mutluluk da sonu\u00e7 olarak, hi\u00e7 pe\u015finde ko\u015fulmadan gelecektir.   Kitab\u0131n ilk b\u00f6l\u00fcm\u00fc Frankl\u2019\u0131n kurucusu oldu\u011fu ve sonralar\u0131 \u2018logoterapi\u2019 diye adland\u0131r\u0131lan psikoterapi y\u00f6nteminin teorik temellerine ayr\u0131lm\u0131\u015f. Ancak bu teorik b\u00f6l\u00fcmde bile Frankl\u2019\u0131n her zaman ya\u015fam\u0131n i\u00e7inden konu\u015fan, \u015fefkatli sesi duyuluyor. \u0130nsani varolu\u015fun trajik \u00fc\u00e7l\u00fcs\u00fc dedi\u011fi; ac\u0131, \u00f6l\u00fcm ve su\u00e7luluk duygusuyla y\u00fczle\u015fmeye \u00e7a\u011f\u0131r\u0131yor bizi Frankl. Kitab\u0131n ikinci b\u00f6l\u00fcm\u00fc logoterapi uygulamalar\u0131ndan s\u00f6z ediyor. Burada Frankl kendi hekimlik deneyimlerinde kar\u015f\u0131la\u015ft\u0131\u011f\u0131 vakalar\u0131n analizlerinden bolca \u00f6rnek sunuyor. Ama as\u0131l \u00e7arp\u0131c\u0131 \u00f6rnekler, yine bizzat deneyimledi\u011fi toplama kamplar\u0131ndan&#8230; \u00d6rnek vakalar\u0131n hepsi olmasa da baz\u0131s\u0131, ya da her \u00f6rnek vakadan birka\u00e7 nokta mutlaka hepimize tan\u0131d\u0131k gelecektir. Bizleri mutlaka, Frankl\u2019la ve hastalar\u0131yla birlikte \u00e7\u00f6z\u00fcm \u00fczerine d\u00fc\u015f\u00fcnmeye sevk edecektir.   Belki de Freud ve Adler\u2019den sonra en \u00f6nemli d\u00fc\u015f\u00fcnce\u2026 \u2014    Amerikan Psikiyatri Dergisi   Bu kitab\u0131, son elli y\u0131lda psikolojik d\u00fc\u015f\u00fcnceye yap\u0131lan en \u00f6nemli katk\u0131lardan biri olarak g\u00f6r\u00fcyorum. \u2014    Dr. Carl Rogers <\/p>\n","protected":false},"excerpt":{"rendered":"<p>Logoterapinin kurucusu ve psikiyatri alan\u0131ndaki en \u00f6nemli otoritelerden biri olan Viktor E. Frankl, Nazi soyk\u0131r\u0131m\u0131ndan kurtulan ender ki\u015filerden biridir. Okuru kendisiyle birlikte anlam\u0131n anlam\u0131 \u00fczerine d\u00fc\u015f\u00fcnmeye<span class=\"excerpt-hellip\"> [\u2026]<\/span><\/p>\n","protected":false},"featured_media":0,"template":"","meta":{"_monsterinsights_skip_tracking":false,"_monsterinsights_sitenote_active":false,"_monsterinsights_sitenote_note":"","_monsterinsights_sitenote_category":0},"product_brand":[],"product_cat":[12358,12357],"product_tag":[],"class_list":{"0":"post-732538","1":"product","2":"type-product","3":"status-publish","5":"product_cat-genel-psikoloji","6":"product_cat-psikoloji","7":"pa_cilt-ciltsiz","8":"pa_tur-kitap","9":"pa_yayinevi-totem-yayinlari","10":"pa_yazar-viktor-e-frankl","12":"first","13":"instock","14":"sale","15":"shipping-taxable","16":"purchasable","17":"product-type-simple"},"_links":{"self":[{"href":"https:\/\/roveyayinevi.com.tr\/index.php\/wp-json\/wp\/v2\/product\/732538","targetHints":{"allow":["GET"]}}],"collection":[{"href":"https:\/\/roveyayinevi.com.tr\/index.php\/wp-json\/wp\/v2\/product"}],"about":[{"href":"https:\/\/roveyayinevi.com.tr\/index.php\/wp-json\/wp\/v2\/types\/product"}],"wp:attachment":[{"href":"https:\/\/roveyayinevi.com.tr\/index.php\/wp-json\/wp\/v2\/media?parent=732538"}],"wp:term":[{"taxonomy":"product_brand","embeddable":true,"href":"https:\/\/roveyayinevi.com.tr\/index.php\/wp-json\/wp\/v2\/product_brand?post=732538"},{"taxonomy":"product_cat","embeddable":true,"href":"https:\/\/roveyayinevi.com.tr\/index.php\/wp-json\/wp\/v2\/product_cat?post=732538"},{"taxonomy":"product_tag","embeddable":true,"href":"https:\/\/roveyayinevi.com.tr\/index.php\/wp-json\/wp\/v2\/product_tag?post=732538"}],"curies":[{"name":"wp","href":"https:\/\/api.w.org\/{rel}","templated":true}]}}