{"id":732533,"date":"2025-08-27T21:52:36","date_gmt":"2025-08-27T18:52:36","guid":{"rendered":"https:\/\/roveyayinevi.com.tr\/index.php\/urun\/eyvah-arilar-muzelik-oldu\/"},"modified":"2026-04-16T02:40:21","modified_gmt":"2026-04-15T23:40:21","slug":"eyvah-arilar-muzelik-oldu","status":"publish","type":"product","link":"https:\/\/roveyayinevi.com.tr\/index.php\/urun\/eyvah-arilar-muzelik-oldu\/","title":{"rendered":"Eyvah Ar\u0131lar M\u00fczelik Oldu!"},"content":{"rendered":"<p>Ar\u0131lar olmasayd\u0131 d\u00fcnyam\u0131z nas\u0131l bir yer olurdu hi\u00e7 d\u00fc\u015f\u00fcnd\u00fcn m\u00fc? Haydi bu sorunun yan\u0131t\u0131n\u0131 ar\u0131lardan \u00f6\u011frenelim!Yavru ar\u0131 Polen, Nadir Canl\u0131lar M\u00fczesi\u2019nde ailesiyle birlikte cam bir fanusun i\u00e7inde ya\u015f\u0131yordu. Uzun zamand\u0131r kapal\u0131 kald\u0131klar\u0131 m\u00fczeden bir g\u00fcn ailece ka\u00e7may\u0131 ba\u015fard\u0131lar ve kendilerine bir yuva bulmak i\u00e7in yola \u00e7\u0131kt\u0131lar. Ama Bal Dede\u2019den dinledikleri eski d\u00fcnyadan, yemye\u015fil k\u0131rlardan, rengarenk \u00e7i\u00e7eklerden eser yoktu. Bakal\u0131m Polen ve ailesinin umuda yolculu\u011fu, insanlara yeniden g\u00fcvenmelerine yard\u0131m edecek mi?<\/p>\n","protected":false},"excerpt":{"rendered":"<p>Ar\u0131lar olmasayd\u0131 d\u00fcnyam\u0131z nas\u0131l bir yer olurdu hi\u00e7 d\u00fc\u015f\u00fcnd\u00fcn m\u00fc? Haydi bu sorunun yan\u0131t\u0131n\u0131 ar\u0131lardan \u00f6\u011frenelim!Yavru ar\u0131 Polen, Nadir Canl\u0131lar M\u00fczesi\u2019nde ailesiyle birlikte cam bir fanusun<span class=\"excerpt-hellip\"> [\u2026]<\/span><\/p>\n","protected":false},"featured_media":0,"template":"","meta":{"_monsterinsights_skip_tracking":false,"_monsterinsights_sitenote_active":false,"_monsterinsights_sitenote_note":"","_monsterinsights_sitenote_category":0},"product_brand":[],"product_cat":[12275,12274],"product_tag":[],"class_list":{"0":"post-732533","1":"product","2":"type-product","3":"status-publish","5":"product_cat-6-12-yas-kitaplari","6":"product_cat-cocuk-ve-genclik-kitaplari","7":"pa_cilt-ciltsiz","8":"pa_tur-kitap","9":"pa_yayinevi-dogan-egmont-yayincilik","10":"pa_yazar-gamze-pat","12":"first","13":"instock","14":"sale","15":"shipping-taxable","16":"purchasable","17":"product-type-simple"},"_links":{"self":[{"href":"https:\/\/roveyayinevi.com.tr\/index.php\/wp-json\/wp\/v2\/product\/732533","targetHints":{"allow":["GET"]}}],"collection":[{"href":"https:\/\/roveyayinevi.com.tr\/index.php\/wp-json\/wp\/v2\/product"}],"about":[{"href":"https:\/\/roveyayinevi.com.tr\/index.php\/wp-json\/wp\/v2\/types\/product"}],"wp:attachment":[{"href":"https:\/\/roveyayinevi.com.tr\/index.php\/wp-json\/wp\/v2\/media?parent=732533"}],"wp:term":[{"taxonomy":"product_brand","embeddable":true,"href":"https:\/\/roveyayinevi.com.tr\/index.php\/wp-json\/wp\/v2\/product_brand?post=732533"},{"taxonomy":"product_cat","embeddable":true,"href":"https:\/\/roveyayinevi.com.tr\/index.php\/wp-json\/wp\/v2\/product_cat?post=732533"},{"taxonomy":"product_tag","embeddable":true,"href":"https:\/\/roveyayinevi.com.tr\/index.php\/wp-json\/wp\/v2\/product_tag?post=732533"}],"curies":[{"name":"wp","href":"https:\/\/api.w.org\/{rel}","templated":true}]}}