{"id":732532,"date":"2025-08-27T21:52:35","date_gmt":"2025-08-27T18:52:35","guid":{"rendered":"https:\/\/roveyayinevi.com.tr\/index.php\/urun\/yuregime-ask-dussun\/"},"modified":"2026-04-16T02:40:21","modified_gmt":"2026-04-15T23:40:21","slug":"yuregime-ask-dussun","status":"publish","type":"product","link":"https:\/\/roveyayinevi.com.tr\/index.php\/urun\/yuregime-ask-dussun\/","title":{"rendered":"Y\u00fcre\u011fime A\u015fk D\u00fc\u015fs\u00fcn"},"content":{"rendered":"<p>Hz. Peygamber\u2019imiz (s.a.s.), Hasan-\u0131 Basr\u00ee, B\u00e2yez\u00eed-i Bist\u00e2m\u00ee  ve Muhyiddin \u0130bn\u00fc\u2019l Arab\u00ee rehberli\u011finde 33 kap\u0131dan ge\u00e7meye haz\u0131r m\u0131s\u0131n?   Ey g\u00fczel okuyucu! Haydi gel, b\u00fct\u00fcn g\u00f6n\u00fcl yorgunluklar\u0131n\u0131, dertlerini b\u0131rak da seninle g\u00fczel bir yolculu\u011fa \u00e7\u0131kal\u0131m. Var m\u0131s\u0131n? Var\u0131m diyorsan, haydi buyur kalbini ke\u015ffetmeye, 33 kap\u0131dan ge\u00e7meye. Amma bu yolculuk d\u00fcnyadaki hi\u00e7bir yolculu\u011fa benzemez ba\u015fta s\u00f6yleyeyim. Bu, bu zamana kadar kendinde fark edemedi\u011fin, o g\u00fczeller g\u00fczeli Hakk\u2019\u0131n yere g\u00f6\u011fe de\u011fil de senin g\u00f6nl\u00fcne s\u0131\u011fd\u0131rd\u0131\u011f\u0131 \u2018bir\u2019 kalp yolculu\u011fudur.   Tamam diyorsan haydi haz\u0131rlan. Bu yolculukta senin rehberin kim ola ki? Ba\u015fta Canlar Can\u0131 Hz. Peygamber\u2019imiz (s.a.s.) ve O\u2019nun (s.a.s.) sevgililerinden 3 de\u011ferlisi. Allah i\u00e7in b\u00fct\u00fcn mal\u0131ndan vazge\u00e7en Hasan-\u0131 Basr\u00ee Hazretleri, \u201cAllah\u2019\u0131m v\u00fccudumu 7 kat geni\u015flet. Sana olan y\u00fcre\u011fimdeki muhabbet o kadar b\u00fcy\u00fck ki, cehennem ate\u015fi dahi Sen\u2019in izninle s\u00f6necektir.\u201d diyen B\u00e2yez\u00eed-i Bist\u00e2m\u00ee Hazretleri ve ciltlerce eserleriyle insanl\u0131\u011f\u0131n kalbini fetheden Muhyiddin \u0130bn\u00fc\u2019l Arab\u00ee Hazretleri. <\/p>\n","protected":false},"excerpt":{"rendered":"<p>Hz. Peygamber\u2019imiz (s.a.s.), Hasan-\u0131 Basr\u00ee, B\u00e2yez\u00eed-i Bist\u00e2m\u00ee ve Muhyiddin \u0130bn\u00fc\u2019l Arab\u00ee rehberli\u011finde 33 kap\u0131dan ge\u00e7meye haz\u0131r m\u0131s\u0131n? Ey g\u00fczel okuyucu! Haydi gel, b\u00fct\u00fcn g\u00f6n\u00fcl yorgunluklar\u0131n\u0131, dertlerini<span class=\"excerpt-hellip\"> [\u2026]<\/span><\/p>\n","protected":false},"featured_media":0,"template":"","meta":{"_monsterinsights_skip_tracking":false,"_monsterinsights_sitenote_active":false,"_monsterinsights_sitenote_note":"","_monsterinsights_sitenote_category":0},"product_brand":[],"product_cat":[12777,12291],"product_tag":[],"class_list":{"0":"post-732532","1":"product","2":"type-product","3":"status-publish","5":"product_cat-deneme","6":"product_cat-edebiyat","7":"pa_cilt-ciltsiz","8":"pa_tur-kitap","9":"pa_yayinevi-hayykitap","10":"pa_yazar-hilal-otyakmaz-aydin","12":"first","13":"instock","14":"sale","15":"shipping-taxable","16":"purchasable","17":"product-type-simple"},"_links":{"self":[{"href":"https:\/\/roveyayinevi.com.tr\/index.php\/wp-json\/wp\/v2\/product\/732532","targetHints":{"allow":["GET"]}}],"collection":[{"href":"https:\/\/roveyayinevi.com.tr\/index.php\/wp-json\/wp\/v2\/product"}],"about":[{"href":"https:\/\/roveyayinevi.com.tr\/index.php\/wp-json\/wp\/v2\/types\/product"}],"wp:attachment":[{"href":"https:\/\/roveyayinevi.com.tr\/index.php\/wp-json\/wp\/v2\/media?parent=732532"}],"wp:term":[{"taxonomy":"product_brand","embeddable":true,"href":"https:\/\/roveyayinevi.com.tr\/index.php\/wp-json\/wp\/v2\/product_brand?post=732532"},{"taxonomy":"product_cat","embeddable":true,"href":"https:\/\/roveyayinevi.com.tr\/index.php\/wp-json\/wp\/v2\/product_cat?post=732532"},{"taxonomy":"product_tag","embeddable":true,"href":"https:\/\/roveyayinevi.com.tr\/index.php\/wp-json\/wp\/v2\/product_tag?post=732532"}],"curies":[{"name":"wp","href":"https:\/\/api.w.org\/{rel}","templated":true}]}}