{"id":732531,"date":"2025-08-27T21:52:34","date_gmt":"2025-08-27T18:52:34","guid":{"rendered":"https:\/\/roveyayinevi.com.tr\/index.php\/urun\/hal-i-sukut\/"},"modified":"2026-04-16T02:40:21","modified_gmt":"2026-04-15T23:40:21","slug":"hal-i-sukut","status":"publish","type":"product","link":"https:\/\/roveyayinevi.com.tr\/index.php\/urun\/hal-i-sukut\/","title":{"rendered":"Hal-i S\u00fckut"},"content":{"rendered":"<p>Sessizli\u011fin sesini dinliyorum, Bakarken penceremden, uzaklara. Bir \u015feyler anlat\u0131yor insana Kulakla de\u011fil, kalple duyana.   Sessizli\u011fin sesini dinliyorum, Dalm\u0131\u015f\u0131m derinlere. Bir mesaj var hissedene G\u00f6zle de\u011fil, g\u00f6n\u00fclden g\u00f6rene.   Sessizli\u011fin sesini dinliyorum, Kalabal\u0131\u011f\u0131n ortas\u0131nda. Bir kelebe\u011fin kanatlar\u0131nda, Ya da bir kar\u0131ncan\u0131n t\u0131k\u0131rt\u0131s\u0131nda.   Kelebek kanatlar\u0131n\u0131n \u015fark\u0131s\u0131n\u0131 duyanlara, dinleyenlere ve o \u015fark\u0131y\u0131 s\u00f6yleyenlere\u2026 <\/p>\n","protected":false},"excerpt":{"rendered":"<p>Sessizli\u011fin sesini dinliyorum, Bakarken penceremden, uzaklara. Bir \u015feyler anlat\u0131yor insana Kulakla de\u011fil, kalple duyana. Sessizli\u011fin sesini dinliyorum, Dalm\u0131\u015f\u0131m derinlere. Bir mesaj var hissedene G\u00f6zle de\u011fil, g\u00f6n\u00fclden<span class=\"excerpt-hellip\"> [\u2026]<\/span><\/p>\n","protected":false},"featured_media":0,"template":"","meta":{"_monsterinsights_skip_tracking":false,"_monsterinsights_sitenote_active":false,"_monsterinsights_sitenote_note":"","_monsterinsights_sitenote_category":0},"product_brand":[],"product_cat":[12777,12291],"product_tag":[],"class_list":{"0":"post-732531","1":"product","2":"type-product","3":"status-publish","5":"product_cat-deneme","6":"product_cat-edebiyat","7":"pa_cilt-ciltsiz","8":"pa_tur-kitap","9":"pa_yayinevi-hayykitap","10":"pa_yazar-kerem-nakisci","12":"first","13":"instock","14":"sale","15":"shipping-taxable","16":"purchasable","17":"product-type-simple"},"_links":{"self":[{"href":"https:\/\/roveyayinevi.com.tr\/index.php\/wp-json\/wp\/v2\/product\/732531","targetHints":{"allow":["GET"]}}],"collection":[{"href":"https:\/\/roveyayinevi.com.tr\/index.php\/wp-json\/wp\/v2\/product"}],"about":[{"href":"https:\/\/roveyayinevi.com.tr\/index.php\/wp-json\/wp\/v2\/types\/product"}],"wp:attachment":[{"href":"https:\/\/roveyayinevi.com.tr\/index.php\/wp-json\/wp\/v2\/media?parent=732531"}],"wp:term":[{"taxonomy":"product_brand","embeddable":true,"href":"https:\/\/roveyayinevi.com.tr\/index.php\/wp-json\/wp\/v2\/product_brand?post=732531"},{"taxonomy":"product_cat","embeddable":true,"href":"https:\/\/roveyayinevi.com.tr\/index.php\/wp-json\/wp\/v2\/product_cat?post=732531"},{"taxonomy":"product_tag","embeddable":true,"href":"https:\/\/roveyayinevi.com.tr\/index.php\/wp-json\/wp\/v2\/product_tag?post=732531"}],"curies":[{"name":"wp","href":"https:\/\/api.w.org\/{rel}","templated":true}]}}