{"id":732530,"date":"2025-08-27T21:52:33","date_gmt":"2025-08-27T18:52:33","guid":{"rendered":"https:\/\/roveyayinevi.com.tr\/index.php\/urun\/elif-ask-mim\/"},"modified":"2026-04-16T02:40:21","modified_gmt":"2026-04-15T23:40:21","slug":"elif-ask-mim","status":"publish","type":"product","link":"https:\/\/roveyayinevi.com.tr\/index.php\/urun\/elif-ask-mim\/","title":{"rendered":"Elif A\u015fk Mim"},"content":{"rendered":"<p>\u201cYaz\u201d dedi bilge adam Sadece \u201cyaz\u201d Elime bir kalem tutu\u015fturdu bir de k\u00e2\u011f\u0131t samandan Bir kibrit verdi bir de \u015famdan \u201cYak\u201d dedi bilge adam Sadece \u201cyak\u201d   Yakmak bir fiildi, yakt\u0131m \u015famdan\u0131 Yazmak ise bir devrim Onu kim yapacakt\u0131? <\/p>\n","protected":false},"excerpt":{"rendered":"<p>\u201cYaz\u201d dedi bilge adam Sadece \u201cyaz\u201d Elime bir kalem tutu\u015fturdu bir de k\u00e2\u011f\u0131t samandan Bir kibrit verdi bir de \u015famdan \u201cYak\u201d dedi bilge adam Sadece \u201cyak\u201d<span class=\"excerpt-hellip\"> [\u2026]<\/span><\/p>\n","protected":false},"featured_media":0,"template":"","meta":{"_monsterinsights_skip_tracking":false,"_monsterinsights_sitenote_active":false,"_monsterinsights_sitenote_note":"","_monsterinsights_sitenote_category":0},"product_brand":[],"product_cat":[12291,12509],"product_tag":[],"class_list":{"0":"post-732530","1":"product","2":"type-product","3":"status-publish","5":"product_cat-edebiyat","6":"product_cat-siir","7":"pa_cilt-ciltsiz","8":"pa_tur-kitap","9":"pa_yayinevi-hayykitap","10":"pa_yazar-huseyin-furkan-okudan","12":"first","13":"instock","14":"sale","15":"shipping-taxable","16":"purchasable","17":"product-type-simple"},"_links":{"self":[{"href":"https:\/\/roveyayinevi.com.tr\/index.php\/wp-json\/wp\/v2\/product\/732530","targetHints":{"allow":["GET"]}}],"collection":[{"href":"https:\/\/roveyayinevi.com.tr\/index.php\/wp-json\/wp\/v2\/product"}],"about":[{"href":"https:\/\/roveyayinevi.com.tr\/index.php\/wp-json\/wp\/v2\/types\/product"}],"wp:attachment":[{"href":"https:\/\/roveyayinevi.com.tr\/index.php\/wp-json\/wp\/v2\/media?parent=732530"}],"wp:term":[{"taxonomy":"product_brand","embeddable":true,"href":"https:\/\/roveyayinevi.com.tr\/index.php\/wp-json\/wp\/v2\/product_brand?post=732530"},{"taxonomy":"product_cat","embeddable":true,"href":"https:\/\/roveyayinevi.com.tr\/index.php\/wp-json\/wp\/v2\/product_cat?post=732530"},{"taxonomy":"product_tag","embeddable":true,"href":"https:\/\/roveyayinevi.com.tr\/index.php\/wp-json\/wp\/v2\/product_tag?post=732530"}],"curies":[{"name":"wp","href":"https:\/\/api.w.org\/{rel}","templated":true}]}}