{"id":732528,"date":"2025-08-27T21:52:32","date_gmt":"2025-08-27T18:52:32","guid":{"rendered":"https:\/\/roveyayinevi.com.tr\/index.php\/urun\/anne-sutu-ve-emzirmenin-onemi-hakkinda-her-sey\/"},"modified":"2026-04-16T02:40:21","modified_gmt":"2026-04-15T23:40:21","slug":"anne-sutu-ve-emzirmenin-onemi-hakkinda-her-sey","status":"publish","type":"product","link":"https:\/\/roveyayinevi.com.tr\/index.php\/urun\/anne-sutu-ve-emzirmenin-onemi-hakkinda-her-sey\/","title":{"rendered":"Anne S\u00fct\u00fc ve Emzirmenin \u00d6nemi Hakk\u0131nda Her \u015eey"},"content":{"rendered":"<p>Emzirme, san\u0131ld\u0131\u011f\u0131n\u0131n aksine sadece bir besleme i\u015flemi de\u011fildir. Anne s\u00fct\u00fc ve emzirme, do\u011fum e\u015fi\u011fini atlayan, tamamen ba\u015fka bir d\u00fcnyaya ge\u00e7en bebe\u011fin ruhsal ve bedensel olarak bu d\u00fcnyaya en y\u00fcksek derecede uyumlanmas\u0131, hem acil hem de uzun vadeli ihtiya\u00e7lar\u0131n\u0131n kar\u015f\u0131lanmas\u0131 i\u00e7in gerekli, bildi\u011fimiz ve hen\u00fcz bilmedi\u011fimiz her t\u00fcrl\u00fc donan\u0131ma sahiptir.   Anne s\u00fct\u00fcnde 200\u2019\u00fcn \u00fczerinde bile\u015fik bulunur. Bu bile\u015fiklerin b\u00fcy\u00fck bir k\u0131sm\u0131n\u0131 bebe\u011fin besin d\u0131\u015f\u0131 ihtiyac\u0131n\u0131 kar\u015f\u0131layan anti-mikrobik fakt\u00f6rler, sindirim enzimleri, hormonlar, trofik fakt\u00f6rler ve b\u00fcy\u00fcme mod\u00fclat\u00f6rleri olu\u015fturur. Siz isterseniz d\u00fcnyay\u0131 dola\u015f\u0131n, milyonlar harcay\u0131n ve ola\u011fan\u00fcst\u00fc besinler i\u00e7eren bir mama imal ettirin, yine de bebe\u011finizin mamas\u0131na anne s\u00fct\u00fcnde bulunan bile\u015fenleri ilave etmeniz m\u00fcmk\u00fcn de\u011fildir.    Elinizdeki kitap, annelere emzirmenin kendileri ve bebekleri i\u00e7in hem ruhsal hem de bedensel olarak nas\u0131l e\u015fsiz bir imk\u00e2n, anne s\u00fct\u00fcn\u00fcn nas\u0131l ilahi bir nektar oldu\u011funu anlatan de\u011ferli bir kaynak! <\/p>\n","protected":false},"excerpt":{"rendered":"<p>Emzirme, san\u0131ld\u0131\u011f\u0131n\u0131n aksine sadece bir besleme i\u015flemi de\u011fildir. Anne s\u00fct\u00fc ve emzirme, do\u011fum e\u015fi\u011fini atlayan, tamamen ba\u015fka bir d\u00fcnyaya ge\u00e7en bebe\u011fin ruhsal ve bedensel olarak bu<span class=\"excerpt-hellip\"> [\u2026]<\/span><\/p>\n","protected":false},"featured_media":0,"template":"","meta":{"_monsterinsights_skip_tracking":false,"_monsterinsights_sitenote_active":false,"_monsterinsights_sitenote_note":"","_monsterinsights_sitenote_category":0},"product_brand":[],"product_cat":[14902,13365],"product_tag":[],"class_list":{"0":"post-732528","1":"product","2":"type-product","3":"status-publish","5":"product_cat-annelik-ve-cocuk-bakimi","6":"product_cat-saglik","7":"pa_cilt-ciltsiz","8":"pa_tur-kitap","9":"pa_yayinevi-hayykitap","10":"pa_yazar-pinar-guler","12":"first","13":"instock","14":"sale","15":"shipping-taxable","16":"purchasable","17":"product-type-simple"},"_links":{"self":[{"href":"https:\/\/roveyayinevi.com.tr\/index.php\/wp-json\/wp\/v2\/product\/732528","targetHints":{"allow":["GET"]}}],"collection":[{"href":"https:\/\/roveyayinevi.com.tr\/index.php\/wp-json\/wp\/v2\/product"}],"about":[{"href":"https:\/\/roveyayinevi.com.tr\/index.php\/wp-json\/wp\/v2\/types\/product"}],"wp:attachment":[{"href":"https:\/\/roveyayinevi.com.tr\/index.php\/wp-json\/wp\/v2\/media?parent=732528"}],"wp:term":[{"taxonomy":"product_brand","embeddable":true,"href":"https:\/\/roveyayinevi.com.tr\/index.php\/wp-json\/wp\/v2\/product_brand?post=732528"},{"taxonomy":"product_cat","embeddable":true,"href":"https:\/\/roveyayinevi.com.tr\/index.php\/wp-json\/wp\/v2\/product_cat?post=732528"},{"taxonomy":"product_tag","embeddable":true,"href":"https:\/\/roveyayinevi.com.tr\/index.php\/wp-json\/wp\/v2\/product_tag?post=732528"}],"curies":[{"name":"wp","href":"https:\/\/api.w.org\/{rel}","templated":true}]}}