{"id":732526,"date":"2025-08-27T21:52:29","date_gmt":"2025-08-27T18:52:29","guid":{"rendered":"https:\/\/roveyayinevi.com.tr\/index.php\/urun\/o-benim-gezegenim\/"},"modified":"2026-04-16T02:40:21","modified_gmt":"2026-04-15T23:40:21","slug":"o-benim-gezegenim","status":"publish","type":"product","link":"https:\/\/roveyayinevi.com.tr\/index.php\/urun\/o-benim-gezegenim\/","title":{"rendered":"O Benim Gezegenim"},"content":{"rendered":"<p>C\u00e9leste bir sabah asans\u00f6rde \u00e7\u0131kt\u0131 ortaya. Y\u00fcz on be\u015f kat\u0131 sessizce \u00e7\u0131kt\u0131k. En m\u00fcthi\u015fi de zaman\u0131n \u00f6tesindeki bu u\u00e7u\u015fumuzu kimsenin b\u00f6lmemesiydi. C\u00e9leste s\u0131cak toprak kokuyordu. Sonsuza kadar yukar\u0131 \u00e7\u0131kaca\u011f\u0131m\u0131z\u0131 sanm\u0131\u015ft\u0131m, bulutlara girip Ay\u2019\u0131n karanl\u0131k y\u00fcz\u00fcne yakla\u015facakt\u0131k. Dahas\u0131 o da benim gibi y\u00fcz on be\u015finci katta indi. Benim gibi okula gidiyordu.Timoth\u00e9e de Fombelle\u2019den \u00e7evreyi ve gezegeni kurtarma m\u00fccadelesi \u00fcst\u00fcne s\u0131rad\u0131\u015f\u0131 bir a\u015fk hik\u00e2yesi: O Benim Gezegenim.Kendinize inan\u0131n, kelimelerin g\u00fcc\u00fcne inan\u0131n, sevginin g\u00fcc\u00fcne inan\u0131n.<\/p>\n","protected":false},"excerpt":{"rendered":"<p>C\u00e9leste bir sabah asans\u00f6rde \u00e7\u0131kt\u0131 ortaya. Y\u00fcz on be\u015f kat\u0131 sessizce \u00e7\u0131kt\u0131k. En m\u00fcthi\u015fi de zaman\u0131n \u00f6tesindeki bu u\u00e7u\u015fumuzu kimsenin b\u00f6lmemesiydi. C\u00e9leste s\u0131cak toprak kokuyordu. Sonsuza<span class=\"excerpt-hellip\"> [\u2026]<\/span><\/p>\n","protected":false},"featured_media":0,"template":"","meta":{"_monsterinsights_skip_tracking":false,"_monsterinsights_sitenote_active":false,"_monsterinsights_sitenote_note":"","_monsterinsights_sitenote_category":0},"product_brand":[],"product_cat":[12275,12274],"product_tag":[],"class_list":{"0":"post-732526","1":"product","2":"type-product","3":"status-publish","5":"product_cat-6-12-yas-kitaplari","6":"product_cat-cocuk-ve-genclik-kitaplari","7":"pa_cilt-ciltsiz","8":"pa_tur-kitap","9":"pa_yayinevi-yapi-kredi-yayinlari","10":"pa_yazar-timothee-de-fombelle","12":"first","13":"instock","14":"sale","15":"shipping-taxable","16":"purchasable","17":"product-type-simple"},"_links":{"self":[{"href":"https:\/\/roveyayinevi.com.tr\/index.php\/wp-json\/wp\/v2\/product\/732526","targetHints":{"allow":["GET"]}}],"collection":[{"href":"https:\/\/roveyayinevi.com.tr\/index.php\/wp-json\/wp\/v2\/product"}],"about":[{"href":"https:\/\/roveyayinevi.com.tr\/index.php\/wp-json\/wp\/v2\/types\/product"}],"wp:attachment":[{"href":"https:\/\/roveyayinevi.com.tr\/index.php\/wp-json\/wp\/v2\/media?parent=732526"}],"wp:term":[{"taxonomy":"product_brand","embeddable":true,"href":"https:\/\/roveyayinevi.com.tr\/index.php\/wp-json\/wp\/v2\/product_brand?post=732526"},{"taxonomy":"product_cat","embeddable":true,"href":"https:\/\/roveyayinevi.com.tr\/index.php\/wp-json\/wp\/v2\/product_cat?post=732526"},{"taxonomy":"product_tag","embeddable":true,"href":"https:\/\/roveyayinevi.com.tr\/index.php\/wp-json\/wp\/v2\/product_tag?post=732526"}],"curies":[{"name":"wp","href":"https:\/\/api.w.org\/{rel}","templated":true}]}}