{"id":732522,"date":"2025-08-27T21:52:26","date_gmt":"2025-08-27T18:52:26","guid":{"rendered":"https:\/\/roveyayinevi.com.tr\/index.php\/urun\/osmanlinin-zafer-sayfalari\/"},"modified":"2026-04-16T02:40:21","modified_gmt":"2026-04-15T23:40:21","slug":"osmanlinin-zafer-sayfalari","status":"publish","type":"product","link":"https:\/\/roveyayinevi.com.tr\/index.php\/urun\/osmanlinin-zafer-sayfalari\/","title":{"rendered":"Osmanl\u0131n\u0131n Zafer Sayfalar\u0131"},"content":{"rendered":"<p>Osmanl\u0131\u2019n\u0131n son, Cumhuriyet\u2019in ilk d\u00f6nemlerinde \u00e7e\u015fitli ar\u015fiv kaynaklar\u0131ndan, kroniklerden ve yerli yabanc\u0131 bir\u00e7ok tarih\u00e7iden beslenerek yazd\u0131\u011f\u0131 eserlerle tan\u0131nan \u201cTarihi Sevdiren Adam\u201d Ahmet Refik Alt\u0131nay\u2019\u0131n kitaplar\u0131, Tima\u015f Tarih vas\u0131tas\u0131yla yeniden okurlar\u0131yla bulu\u015fuyor.\u015eanl\u0131 Osmanl\u0131 tarihi, her sayfas\u0131 kahramanl\u0131klarla s\u00fcsl\u00fc bir zaferler silsilesidir. Bu zaferler silsilesinde Osmanl\u0131lar\u0131n g\u00f6z\u00fcnde t\u00fcm ha\u015fmetiyle yer alan ve Osmanl\u0131 asker\u00ee tarihini s\u00fcsleyen b\u00fcy\u00fck ba\u015far\u0131lar aras\u0131nda yedi zafer vard\u0131r ki onlar da Kosova, Ni\u011fbolu, Varna sava\u015flar\u0131; \u0130stanbul\u2019un ku\u015fat\u0131lmas\u0131 ve fethi; \u00c7ald\u0131ran ve Moha\u00e7 sava\u015flar\u0131 ve E\u011fri zaferidir. Bu zaferlerin siyasi ve asker\u00ee sonu\u00e7lar\u0131 milletler tarihinde olduk\u00e7a b\u00fcy\u00fck de\u011fi\u015fikliklere neden olmu\u015ftur. Kosova Sava\u015f\u0131 ile Ni\u011fbolu ve Varna zaferleri Osmanl\u0131\u2019n\u0131n y\u00fcce kudretini olduk\u00e7a b\u00fcy\u00fck ordulara kar\u015f\u0131 ispat etti\u011fi gibi \u0130stanbul\u2019un Osmanl\u0131lar\u0131n y\u00f6netimine ge\u00e7mesi Osmanl\u0131 saltanat\u0131n\u0131n \u015fan\u0131n\u0131 artt\u0131rm\u0131\u015f, \u00c7ald\u0131ran Meydan Sava\u015f\u0131 Osmanl\u0131\u2019n\u0131n k\u0131l\u0131c\u0131n\u0131n keskinli\u011fini t\u00fcm d\u00fcnyaya ilan etmi\u015f, Moha\u00e7 ve E\u011fri meydan sava\u015flar\u0131 ise Osmanl\u0131\u2019n\u0131n zafer sancaklar\u0131n\u0131n Macaristan ovalar\u0131nda, Tays vadilerinde dalgalanmas\u0131n\u0131 sa\u011flayarak devletin \u015fan ve \u015f\u00f6hretini doru\u011fa ula\u015ft\u0131rm\u0131\u015ft\u0131r.Sadele\u015ftirilmi\u015f ak\u0131c\u0131 bir \u00fcslupla haz\u0131rlanan Osmanl\u0131&#8217;n\u0131n Zafer Sayfalar\u0131\u2019nda; yi\u011fitlik ve kahramanl\u0131klar\u0131yla dillere pelesenk olmu\u015f Osmanl\u0131 askerlerinin tarihe alt\u0131n harflerle yazd\u0131klar\u0131 zaferlerin hik\u00e2yesini bulacaks\u0131n\u0131z.<\/p>\n","protected":false},"excerpt":{"rendered":"<p>Osmanl\u0131\u2019n\u0131n son, Cumhuriyet\u2019in ilk d\u00f6nemlerinde \u00e7e\u015fitli ar\u015fiv kaynaklar\u0131ndan, kroniklerden ve yerli yabanc\u0131 bir\u00e7ok tarih\u00e7iden beslenerek yazd\u0131\u011f\u0131 eserlerle tan\u0131nan \u201cTarihi Sevdiren Adam\u201d Ahmet Refik Alt\u0131nay\u2019\u0131n kitaplar\u0131, Tima\u015f<span class=\"excerpt-hellip\"> [\u2026]<\/span><\/p>\n","protected":false},"featured_media":0,"template":"","meta":{"_monsterinsights_skip_tracking":false,"_monsterinsights_sitenote_active":false,"_monsterinsights_sitenote_note":"","_monsterinsights_sitenote_category":0},"product_brand":[],"product_cat":[13517,12304],"product_tag":[],"class_list":{"0":"post-732522","1":"product","2":"type-product","3":"status-publish","5":"product_cat-osmanli-tarihi","6":"product_cat-tarih","7":"pa_cilt-ciltsiz","8":"pa_tur-kitap","9":"pa_yayinevi-timas-yayinlari","10":"pa_yazar-ahmet-refik","12":"first","13":"instock","14":"sale","15":"shipping-taxable","16":"purchasable","17":"product-type-simple"},"_links":{"self":[{"href":"https:\/\/roveyayinevi.com.tr\/index.php\/wp-json\/wp\/v2\/product\/732522","targetHints":{"allow":["GET"]}}],"collection":[{"href":"https:\/\/roveyayinevi.com.tr\/index.php\/wp-json\/wp\/v2\/product"}],"about":[{"href":"https:\/\/roveyayinevi.com.tr\/index.php\/wp-json\/wp\/v2\/types\/product"}],"wp:attachment":[{"href":"https:\/\/roveyayinevi.com.tr\/index.php\/wp-json\/wp\/v2\/media?parent=732522"}],"wp:term":[{"taxonomy":"product_brand","embeddable":true,"href":"https:\/\/roveyayinevi.com.tr\/index.php\/wp-json\/wp\/v2\/product_brand?post=732522"},{"taxonomy":"product_cat","embeddable":true,"href":"https:\/\/roveyayinevi.com.tr\/index.php\/wp-json\/wp\/v2\/product_cat?post=732522"},{"taxonomy":"product_tag","embeddable":true,"href":"https:\/\/roveyayinevi.com.tr\/index.php\/wp-json\/wp\/v2\/product_tag?post=732522"}],"curies":[{"name":"wp","href":"https:\/\/api.w.org\/{rel}","templated":true}]}}