{"id":732520,"date":"2025-08-27T21:52:24","date_gmt":"2025-08-27T18:52:24","guid":{"rendered":"https:\/\/roveyayinevi.com.tr\/index.php\/urun\/milli-edebiyat-donemi-turk-siiri-cozumlemeleri\/"},"modified":"2026-04-16T02:40:21","modified_gmt":"2026-04-15T23:40:21","slug":"milli-edebiyat-donemi-turk-siiri-cozumlemeleri","status":"publish","type":"product","link":"https:\/\/roveyayinevi.com.tr\/index.php\/urun\/milli-edebiyat-donemi-turk-siiri-cozumlemeleri\/","title":{"rendered":"Milli Edebiyat D\u00f6nemi T\u00fcrk \u015eiiri \u00c7\u00f6z\u00fcmlemeleri"},"content":{"rendered":"<p>Lise, \u00dcniversite ve di\u011fer baz\u0131 kurumlarda T\u00fcrk edebiyat\u0131 dersleri genellikle metin \u00e7\u00f6z\u00fcmlemelerine dayanmaktad\u0131r: Metinlerden hareketle d\u00f6nemi, nesli ve \u015fairleri anlama \u00e7al\u0131\u015fmas\u0131 modern edebiyat e\u011fitim ve \u00f6\u011fretiminde \u00f6nemli bir y\u00f6ntemdir. Bu \u00e7er\u00e7evede biz de bu eserde Tanzimat d\u00f6nemini temsil niteli\u011fine sahip \u015fairlerden se\u00e7ti\u011fimiz \u015fiirleri alan\u0131n\u0131n uzman\u0131 olan ve de\u011fi\u015fik \u00fcniversitelerde g\u00f6rev yapan hocalara \u00e7\u00f6z\u00fcmlemelerini yapt\u0131rd\u0131k. Bu \u015fiir \u00e7\u00f6z\u00fcmlemeleri, Tanzimat D\u00f6nemi T\u00fcrk \u015fiirini daha iyi anlamaya ve hissetmeye k\u0131lavuzluk edecek \u015fekilde a\u00e7\u0131k, anla\u015f\u0131l\u0131r bir \u00fcsluba, e\u011fitici \u00f6\u011fretici bir y\u00f6nteme ve tasnif edilmi\u015f bilgilere sahiptir. Eserin T\u00fcrk Dili ve Edebiyat\u0131 B\u00f6l\u00fcm\u00fc \u00f6\u011frencilerine, \u00f6\u011fretmenlerine ve T\u00fcrk \u015fiirine ilgi duyan herkese \u00e7ok yararl\u0131 olaca\u011f\u0131n\u0131 umuyoruz.<\/p>\n","protected":false},"excerpt":{"rendered":"<p>Lise, \u00dcniversite ve di\u011fer baz\u0131 kurumlarda T\u00fcrk edebiyat\u0131 dersleri genellikle metin \u00e7\u00f6z\u00fcmlemelerine dayanmaktad\u0131r: Metinlerden hareketle d\u00f6nemi, nesli ve \u015fairleri anlama \u00e7al\u0131\u015fmas\u0131 modern edebiyat e\u011fitim ve \u00f6\u011fretiminde<span class=\"excerpt-hellip\"> [\u2026]<\/span><\/p>\n","protected":false},"featured_media":0,"template":"","meta":{"_monsterinsights_skip_tracking":false,"_monsterinsights_sitenote_active":false,"_monsterinsights_sitenote_note":"","_monsterinsights_sitenote_category":0},"product_brand":[],"product_cat":[13072,12291],"product_tag":[],"class_list":{"0":"post-732520","1":"product","2":"type-product","3":"status-publish","5":"product_cat-arastirma-inceleme-referans","6":"product_cat-edebiyat","7":"pa_cilt-ciltsiz","8":"pa_tur-kitap","9":"pa_yayinevi-yade-yayinlari","10":"pa_yazar-yade-yayinlari-kolektif","12":"first","13":"instock","14":"sale","15":"shipping-taxable","16":"purchasable","17":"product-type-simple"},"_links":{"self":[{"href":"https:\/\/roveyayinevi.com.tr\/index.php\/wp-json\/wp\/v2\/product\/732520","targetHints":{"allow":["GET"]}}],"collection":[{"href":"https:\/\/roveyayinevi.com.tr\/index.php\/wp-json\/wp\/v2\/product"}],"about":[{"href":"https:\/\/roveyayinevi.com.tr\/index.php\/wp-json\/wp\/v2\/types\/product"}],"wp:attachment":[{"href":"https:\/\/roveyayinevi.com.tr\/index.php\/wp-json\/wp\/v2\/media?parent=732520"}],"wp:term":[{"taxonomy":"product_brand","embeddable":true,"href":"https:\/\/roveyayinevi.com.tr\/index.php\/wp-json\/wp\/v2\/product_brand?post=732520"},{"taxonomy":"product_cat","embeddable":true,"href":"https:\/\/roveyayinevi.com.tr\/index.php\/wp-json\/wp\/v2\/product_cat?post=732520"},{"taxonomy":"product_tag","embeddable":true,"href":"https:\/\/roveyayinevi.com.tr\/index.php\/wp-json\/wp\/v2\/product_tag?post=732520"}],"curies":[{"name":"wp","href":"https:\/\/api.w.org\/{rel}","templated":true}]}}