{"id":732519,"date":"2025-08-27T21:52:23","date_gmt":"2025-08-27T18:52:23","guid":{"rendered":"https:\/\/roveyayinevi.com.tr\/index.php\/urun\/sosyolojik-nazar\/"},"modified":"2026-04-16T02:40:21","modified_gmt":"2026-04-15T23:40:21","slug":"sosyolojik-nazar","status":"publish","type":"product","link":"https:\/\/roveyayinevi.com.tr\/index.php\/urun\/sosyolojik-nazar\/","title":{"rendered":"Sosyolojik Nazar"},"content":{"rendered":"<p>Sosyolojik Nazar, Besim F. Dellalo\u011flu\u2019nun Gazete Duvar\u2019da kaleme ald\u0131\u011f\u0131 yaz\u0131lar\u0131ndan olu\u015fuyor. Yazar, bu derlemesinde bir sosyolog olarak g\u00fcndelik kavramlar \u00fczerinden bir T\u00fcrkiye resmi \u00e7iziyor. Mevcut mahalli zihniyetlerin hangi tutumlar, hangi kavramlar\u00fczerinden meseleleri, nas\u0131l yanl\u0131\/\u015f yorumlad\u0131klar\u0131n\u0131 \u00f6rnekleriyle anlat\u0131yor. Bu kitapta sa\u011fdan, soldan, medeniyetten, k\u00fclt\u00fcrden, \u00fcniversiteden, akademiden, ayd\u0131ndan, entelekt\u00fcelden, televizyon dizilerinden, futboldan, hakemlerden, y\u00fcr\u00fcyen merdivenlerden, pizzadan,lahmacundan, \u00e7aydan, kahveden, rak\u0131dan, \u015faraptan s\u00f6z ediliyor. Ama sonu\u00e7ta b\u00fct\u00fcn bunlar T\u00fcrkiye resmini tamaml\u0131yorlar. Yazar, kendi hapishanelerimizden d\u0131\u015far\u0131ya do\u011fru, kamuya do\u011fru d\u00fc\u015f\u00fcnce pencereleri a\u00e7\u0131yor.Evet, hayat organiktir. Toplum ili\u015fkiseldir.<\/p>\n","protected":false},"excerpt":{"rendered":"<p>Sosyolojik Nazar, Besim F. Dellalo\u011flu\u2019nun Gazete Duvar\u2019da kaleme ald\u0131\u011f\u0131 yaz\u0131lar\u0131ndan olu\u015fuyor. Yazar, bu derlemesinde bir sosyolog olarak g\u00fcndelik kavramlar \u00fczerinden bir T\u00fcrkiye resmi \u00e7iziyor. Mevcut mahalli<span class=\"excerpt-hellip\"> [\u2026]<\/span><\/p>\n","protected":false},"featured_media":0,"template":"","meta":{"_monsterinsights_skip_tracking":false,"_monsterinsights_sitenote_active":false,"_monsterinsights_sitenote_note":"","_monsterinsights_sitenote_category":0},"product_brand":[],"product_cat":[12835,12324],"product_tag":[],"class_list":{"0":"post-732519","1":"product","2":"type-product","3":"status-publish","5":"product_cat-genel-sosyoloji","6":"product_cat-sosyoloji","7":"pa_cilt-ciltsiz","8":"pa_tur-kitap","9":"pa_yayinevi-timas-yayinlari","10":"pa_yazar-besim-dellaloglu","12":"first","13":"instock","14":"sale","15":"shipping-taxable","16":"purchasable","17":"product-type-simple"},"_links":{"self":[{"href":"https:\/\/roveyayinevi.com.tr\/index.php\/wp-json\/wp\/v2\/product\/732519","targetHints":{"allow":["GET"]}}],"collection":[{"href":"https:\/\/roveyayinevi.com.tr\/index.php\/wp-json\/wp\/v2\/product"}],"about":[{"href":"https:\/\/roveyayinevi.com.tr\/index.php\/wp-json\/wp\/v2\/types\/product"}],"wp:attachment":[{"href":"https:\/\/roveyayinevi.com.tr\/index.php\/wp-json\/wp\/v2\/media?parent=732519"}],"wp:term":[{"taxonomy":"product_brand","embeddable":true,"href":"https:\/\/roveyayinevi.com.tr\/index.php\/wp-json\/wp\/v2\/product_brand?post=732519"},{"taxonomy":"product_cat","embeddable":true,"href":"https:\/\/roveyayinevi.com.tr\/index.php\/wp-json\/wp\/v2\/product_cat?post=732519"},{"taxonomy":"product_tag","embeddable":true,"href":"https:\/\/roveyayinevi.com.tr\/index.php\/wp-json\/wp\/v2\/product_tag?post=732519"}],"curies":[{"name":"wp","href":"https:\/\/api.w.org\/{rel}","templated":true}]}}