{"id":732518,"date":"2025-08-27T21:52:22","date_gmt":"2025-08-27T18:52:22","guid":{"rendered":"https:\/\/roveyayinevi.com.tr\/index.php\/urun\/gizemli-yeralti-kutuphanesi-2-tehlikenin-kokusu\/"},"modified":"2026-04-16T02:40:21","modified_gmt":"2026-04-15T23:40:21","slug":"gizemli-yeralti-kutuphanesi-2-tehlikenin-kokusu","status":"publish","type":"product","link":"https:\/\/roveyayinevi.com.tr\/index.php\/urun\/gizemli-yeralti-kutuphanesi-2-tehlikenin-kokusu\/","title":{"rendered":"Gizemli Yeralt\u0131 K\u00fct\u00fcphanesi 2 &#8211; Tehlikenin Kokusu"},"content":{"rendered":"<p>G\u00f6rkemli bir k\u00f6\u015fkte&#8230;Dik kayal\u0131klar\u0131n en y\u00fcksek tepesinde&#8230;Eski zamanlardan kalma bir ta\u015f\u0131n alt\u0131nda&#8230;Yerin alt\u0131na a\u00e7\u0131lan bir kapa\u011f\u0131n ard\u0131nda&#8230;.B\u00dcY\u00dcK B\u0130R SIR YATIYOR. Cesur ve zeki Tally, art\u0131k bir S\u0131r Muhaf\u0131z\u0131&#8217;d\u0131r. Sincap dostu \u015eansl\u0131 ile birlikte gizemli k\u00fct\u00fcphaneyi ve s\u0131rl\u0131 kitaplar\u0131 korumal\u0131d\u0131r. K\u00f6\u015fk\u00fcn sevimli k\u00f6pe\u011fi, gezici bir sirk g\u00f6sterisinin gelmesinden sonra kasabadaki di\u011fer hayvanlar gibi birden ortadan kaybolur. Tally, bu gizemi \u00e7\u00f6zmelidir.S\u0131rlar K\u00fct\u00fcphanesi, ona yard\u0131m edecek kadar g\u00fc\u00e7l\u00fc m\u00fc? Yoksa kendilerini hayvan dostlar\u0131n\u0131 kurtarmak i\u00e7in zorlu bir g\u00f6revin i\u00e7inde bulan Tally ve \u015eansl\u0131&#8217;y\u0131 b\u00fcy\u00fck bir tehlike mi beklemektedir?<\/p>\n","protected":false},"excerpt":{"rendered":"<p>G\u00f6rkemli bir k\u00f6\u015fkte&#8230;Dik kayal\u0131klar\u0131n en y\u00fcksek tepesinde&#8230;Eski zamanlardan kalma bir ta\u015f\u0131n alt\u0131nda&#8230;Yerin alt\u0131na a\u00e7\u0131lan bir kapa\u011f\u0131n ard\u0131nda&#8230;.B\u00dcY\u00dcK B\u0130R SIR YATIYOR. Cesur ve zeki Tally, art\u0131k bir<span class=\"excerpt-hellip\"> [\u2026]<\/span><\/p>\n","protected":false},"featured_media":0,"template":"","meta":{"_monsterinsights_skip_tracking":false,"_monsterinsights_sitenote_active":false,"_monsterinsights_sitenote_note":"","_monsterinsights_sitenote_category":0},"product_brand":[],"product_cat":[12291,12711],"product_tag":[],"class_list":{"0":"post-732518","1":"product","2":"type-product","3":"status-publish","5":"product_cat-edebiyat","6":"product_cat-roman-oyku","7":"pa_cilt-ciltsiz","8":"pa_tur-kitap","9":"pa_yayinevi-timas-yayinlari","10":"pa_yazar-abie-longstaff","12":"first","13":"instock","14":"sale","15":"shipping-taxable","16":"purchasable","17":"product-type-simple"},"_links":{"self":[{"href":"https:\/\/roveyayinevi.com.tr\/index.php\/wp-json\/wp\/v2\/product\/732518","targetHints":{"allow":["GET"]}}],"collection":[{"href":"https:\/\/roveyayinevi.com.tr\/index.php\/wp-json\/wp\/v2\/product"}],"about":[{"href":"https:\/\/roveyayinevi.com.tr\/index.php\/wp-json\/wp\/v2\/types\/product"}],"wp:attachment":[{"href":"https:\/\/roveyayinevi.com.tr\/index.php\/wp-json\/wp\/v2\/media?parent=732518"}],"wp:term":[{"taxonomy":"product_brand","embeddable":true,"href":"https:\/\/roveyayinevi.com.tr\/index.php\/wp-json\/wp\/v2\/product_brand?post=732518"},{"taxonomy":"product_cat","embeddable":true,"href":"https:\/\/roveyayinevi.com.tr\/index.php\/wp-json\/wp\/v2\/product_cat?post=732518"},{"taxonomy":"product_tag","embeddable":true,"href":"https:\/\/roveyayinevi.com.tr\/index.php\/wp-json\/wp\/v2\/product_tag?post=732518"}],"curies":[{"name":"wp","href":"https:\/\/api.w.org\/{rel}","templated":true}]}}