{"id":732515,"date":"2025-08-27T21:52:19","date_gmt":"2025-08-27T18:52:19","guid":{"rendered":"https:\/\/roveyayinevi.com.tr\/index.php\/urun\/muharebelerle-kisa-dunya-tarihi\/"},"modified":"2026-04-16T02:40:21","modified_gmt":"2026-04-15T23:40:21","slug":"muharebelerle-kisa-dunya-tarihi","status":"publish","type":"product","link":"https:\/\/roveyayinevi.com.tr\/index.php\/urun\/muharebelerle-kisa-dunya-tarihi\/","title":{"rendered":"Muharebelerle K\u0131sa D\u00fcnya Tarihi"},"content":{"rendered":"<p>\u0130nsano\u011flunun hik\u00e2yesi, en ba\u015f\u0131ndan beri bir m\u00fccadele, \u00e7at\u0131\u015fma ve muharebe \u00f6yk\u00fcs\u00fcyd\u00fc. G\u00f6\u011f\u00fcs g\u00f6\u011f\u00fcse d\u00f6v\u00fc\u015fen insanlar\u0131 muharebe alan\u0131na getiren \u015fey h\u0131rslar\u0131yd\u0131 belki; ama onlara zaferi getiren, liderlerinin stratejileri ve taktikleri oldu\u011fu kadar z\u0131rhlar\u0131, mi\u011fferleri ve silahlar\u0131yd\u0131. B\u00fcy\u00fck bir M\u0131s\u0131r ordusunun ba\u015f\u0131ndaki II. Ramses, Asi Nehri\u2019nin k\u0131y\u0131s\u0131nda ba\u015f d\u00fc\u015fman\u0131 Hitit Kral\u0131 Muwatalli\u2019yi beklerken; Pers ve Yunan filolar\u0131 Salamis Adas\u0131\u2019n\u0131n do\u011fusunda kar\u015f\u0131 kar\u015f\u0131ya gelirken; Kartacal\u0131larla Romal\u0131lar Akdeniz i\u00e7in sava\u015f\u0131rken; Orta Asya steplerinden gelen Hunlar \u00c7in hanedanl\u0131klar\u0131na meydan okurken; Halifelik ordular\u0131 Yerm\u00fck ve Kadisiye Muharebeleri ile Bizans ve Sasani \u0130mparatorluklar\u0131n\u0131 geriletirken; Alp Arslan Malazgirt Ovas\u0131\u2019nda \u201cBug\u00fcn burada emreden bir sultan yoktur. Ayr\u0131lmay\u0131 tercih edenler gitsinler!\u201d derken; Kutsal Roma Cermen \u0130mparatoru Friedrich Barbarossa Kud\u00fcs\u2019\u00fc yeniden almaya giderken; Osmanl\u0131lar Kosova Ovas\u0131\u2019na y\u00fcr\u00fcrken; Wallace \u00f6nderli\u011findeki \u0130sko\u00e7yal\u0131lar \u0130ngilizlere direnirken; Napoleon Avrupa\u2019y\u0131 dize getirmeye \u00e7al\u0131\u015f\u0131rken; Sedan\u2019da, Gelibolu\u2019da, Stalingrad\u2019da, El-Alameyn\u2019de, Vietnam\u2019da, \u201cIrak\u2019a \u00d6zg\u00fcrl\u00fck\u201d Operasyonu\u2019nda sava\u015fan yine insand\u0131; ama muharebe alanlar\u0131ndaki tecr\u00fcbesi s\u00fcrekli artt\u0131, kulland\u0131\u011f\u0131 teknoloji s\u00fcrekli geli\u015fti. Ancak kararl\u0131 liderlerin, m\u00fckemmel silahlar\u0131n, harika planlar\u0131n, iyi e\u011fitimin ve sa\u011flam disiplinin zaferi elde etmeye yetmedi\u011fi anlar da oldu; bazen donmu\u015f bir g\u00f6l, bazen y\u0131k\u0131lan bir k\u00f6pr\u00fc, bazen \u00e7amura bulanm\u0131\u015f bir arazi, muharebeye, sonucuna ve ard\u0131ndan gelen on y\u0131llar\u0131n gidi\u015fat\u0131na h\u00fckmetti.Muharebelerle K\u0131sa D\u00fcnya Tarihi, M\u00d6 13. y\u00fczy\u0131ldan bug\u00fcne sadece insan\u0131n de\u011fil, ayn\u0131 zamanda insan akl\u0131n\u0131n \u00fcretti\u011fi strateji ve tekniklerin m\u00fccadelesini de sunuyor okurlar\u0131na. Falankslarla esnek ordular\u0131n, \u015f\u00f6valyelerle \u201calt s\u0131n\u0131flardan\u201d gelen piyadelerin, tatar yaylar\u0131n\u0131n, sava\u015f arabalar\u0131n\u0131n, ate\u015fli silahlar\u0131n, tanklar\u0131n, bombalar\u0131n d\u00fcnyas\u0131nda insan\u0131n muharebe alanlar\u0131na neden geldi\u011fi, muharebeler s\u0131ras\u0131nda nas\u0131l sava\u015ft\u0131\u011f\u0131 ve muharebelerden sonra nelerin de\u011fi\u015fti\u011fi bu kitapta bir film \u015feridi gibi g\u00f6zlerinizin \u00f6n\u00fcnden ge\u00e7ecek.<\/p>\n","protected":false},"excerpt":{"rendered":"<p>\u0130nsano\u011flunun hik\u00e2yesi, en ba\u015f\u0131ndan beri bir m\u00fccadele, \u00e7at\u0131\u015fma ve muharebe \u00f6yk\u00fcs\u00fcyd\u00fc. G\u00f6\u011f\u00fcs g\u00f6\u011f\u00fcse d\u00f6v\u00fc\u015fen insanlar\u0131 muharebe alan\u0131na getiren \u015fey h\u0131rslar\u0131yd\u0131 belki; ama onlara zaferi getiren, liderlerinin<span class=\"excerpt-hellip\"> [\u2026]<\/span><\/p>\n","protected":false},"featured_media":0,"template":"","meta":{"_monsterinsights_skip_tracking":false,"_monsterinsights_sitenote_active":false,"_monsterinsights_sitenote_note":"","_monsterinsights_sitenote_category":0},"product_brand":[],"product_cat":[12305,12304],"product_tag":[],"class_list":{"0":"post-732515","1":"product","2":"type-product","3":"status-publish","5":"product_cat-dunya-tarihi","6":"product_cat-tarih","7":"pa_cilt-ciltsiz","8":"pa_tur-kitap","9":"pa_yayinevi-timas-yayinlari","10":"pa_yazar-ilkin-basar-ozal","12":"first","13":"instock","14":"sale","15":"shipping-taxable","16":"purchasable","17":"product-type-simple"},"_links":{"self":[{"href":"https:\/\/roveyayinevi.com.tr\/index.php\/wp-json\/wp\/v2\/product\/732515","targetHints":{"allow":["GET"]}}],"collection":[{"href":"https:\/\/roveyayinevi.com.tr\/index.php\/wp-json\/wp\/v2\/product"}],"about":[{"href":"https:\/\/roveyayinevi.com.tr\/index.php\/wp-json\/wp\/v2\/types\/product"}],"wp:attachment":[{"href":"https:\/\/roveyayinevi.com.tr\/index.php\/wp-json\/wp\/v2\/media?parent=732515"}],"wp:term":[{"taxonomy":"product_brand","embeddable":true,"href":"https:\/\/roveyayinevi.com.tr\/index.php\/wp-json\/wp\/v2\/product_brand?post=732515"},{"taxonomy":"product_cat","embeddable":true,"href":"https:\/\/roveyayinevi.com.tr\/index.php\/wp-json\/wp\/v2\/product_cat?post=732515"},{"taxonomy":"product_tag","embeddable":true,"href":"https:\/\/roveyayinevi.com.tr\/index.php\/wp-json\/wp\/v2\/product_tag?post=732515"}],"curies":[{"name":"wp","href":"https:\/\/api.w.org\/{rel}","templated":true}]}}