{"id":732509,"date":"2025-08-27T21:52:12","date_gmt":"2025-08-27T18:52:12","guid":{"rendered":"https:\/\/roveyayinevi.com.tr\/index.php\/urun\/leonardo\/"},"modified":"2026-04-16T02:40:21","modified_gmt":"2026-04-15T23:40:21","slug":"leonardo","status":"publish","type":"product","link":"https:\/\/roveyayinevi.com.tr\/index.php\/urun\/leonardo\/","title":{"rendered":"Leonardo"},"content":{"rendered":"<p>Kemp, d\u00fcnyan\u0131n en \u00fcnl\u00fc sanatsal dehas\u0131 Leonardo da Vinci\u2019nin ya\u015fam\u0131n\u0131 ve \u00e7al\u0131\u015fmalar\u0131n\u0131 b\u00f6ylesine benzersiz yapan \u015feyin ne oldu\u011funun pe\u015fine d\u00fc\u015f\u00fcyor. Bu R\u00f6nesans adam\u0131n\u0131n Mona Lisa ve Son Ak\u015fam Yeme\u011fi gibi ba\u015fyap\u0131tlar\u0131n\u0131n ard\u0131ndaki \u201cger\u00e7ek\u201d anlama dair ola\u011fan\u00fcst\u00fc bilgiler sunuyor. Leonardo\u2019nun geli\u015fimini t\u00fcm \u00e7e\u015fitlili\u011fiyle takip ederek, ger\u00e7ekle\u015fmemi\u015f hayalleriyle, hamilerle ili\u015fkileriyle ve Tanr\u0131, insanlar ve do\u011fa hakk\u0131ndaki g\u00f6r\u00fc\u015fleriyle b\u00fct\u00fcnc\u00fcl bir portresini sunuyor. Leonardo\u2019nun zihninin i\u015fleyi\u015fini a\u00e7\u0131k\u00e7a ortaya koydu\u011fu, yarat\u0131c\u0131 vizyonunu ve ara\u015ft\u0131rmac\u0131 do\u011fas\u0131n\u0131 sergiledikleri i\u00e7in defterler, onun ba\u015far\u0131s\u0131n\u0131n ve dehas\u0131n\u0131n s\u0131rr\u0131n\u0131n anahtar\u0131d\u0131r. Yirmi bin sayfay\u0131 a\u015fk\u0131n \u00e7izim ve not, insan g\u00f6z\u00fcn\u00fcn yap\u0131s\u0131ndan u\u00e7an makineler ve dev arbalet tasar\u0131mlar\u0131na kadar inan\u0131lmaz ke\u015fiflerini ve icatlar\u0131n\u0131 ayr\u0131nt\u0131lar\u0131yla aktar\u0131yor. <\/p>\n","protected":false},"excerpt":{"rendered":"<p>Kemp, d\u00fcnyan\u0131n en \u00fcnl\u00fc sanatsal dehas\u0131 Leonardo da Vinci\u2019nin ya\u015fam\u0131n\u0131 ve \u00e7al\u0131\u015fmalar\u0131n\u0131 b\u00f6ylesine benzersiz yapan \u015feyin ne oldu\u011funun pe\u015fine d\u00fc\u015f\u00fcyor. Bu R\u00f6nesans adam\u0131n\u0131n Mona Lisa ve<span class=\"excerpt-hellip\"> [\u2026]<\/span><\/p>\n","protected":false},"featured_media":0,"template":"","meta":{"_monsterinsights_skip_tracking":false,"_monsterinsights_sitenote_active":false,"_monsterinsights_sitenote_note":"","_monsterinsights_sitenote_category":0},"product_brand":[],"product_cat":[12291,12711],"product_tag":[],"class_list":{"0":"post-732509","1":"product","2":"type-product","3":"status-publish","5":"product_cat-edebiyat","6":"product_cat-roman-oyku","7":"pa_cilt-ciltsiz","8":"pa_tur-kitap","9":"pa_yayinevi-alfa-yayinlari","10":"pa_yazar-martin-kemp","12":"first","13":"instock","14":"sale","15":"shipping-taxable","16":"purchasable","17":"product-type-simple"},"_links":{"self":[{"href":"https:\/\/roveyayinevi.com.tr\/index.php\/wp-json\/wp\/v2\/product\/732509","targetHints":{"allow":["GET"]}}],"collection":[{"href":"https:\/\/roveyayinevi.com.tr\/index.php\/wp-json\/wp\/v2\/product"}],"about":[{"href":"https:\/\/roveyayinevi.com.tr\/index.php\/wp-json\/wp\/v2\/types\/product"}],"wp:attachment":[{"href":"https:\/\/roveyayinevi.com.tr\/index.php\/wp-json\/wp\/v2\/media?parent=732509"}],"wp:term":[{"taxonomy":"product_brand","embeddable":true,"href":"https:\/\/roveyayinevi.com.tr\/index.php\/wp-json\/wp\/v2\/product_brand?post=732509"},{"taxonomy":"product_cat","embeddable":true,"href":"https:\/\/roveyayinevi.com.tr\/index.php\/wp-json\/wp\/v2\/product_cat?post=732509"},{"taxonomy":"product_tag","embeddable":true,"href":"https:\/\/roveyayinevi.com.tr\/index.php\/wp-json\/wp\/v2\/product_tag?post=732509"}],"curies":[{"name":"wp","href":"https:\/\/api.w.org\/{rel}","templated":true}]}}