{"id":732507,"date":"2025-08-27T21:52:10","date_gmt":"2025-08-27T18:52:10","guid":{"rendered":"https:\/\/roveyayinevi.com.tr\/index.php\/urun\/yeni-bilim\/"},"modified":"2026-04-16T02:40:21","modified_gmt":"2026-04-15T23:40:21","slug":"yeni-bilim","status":"publish","type":"product","link":"https:\/\/roveyayinevi.com.tr\/index.php\/urun\/yeni-bilim\/","title":{"rendered":"Yeni Bilim"},"content":{"rendered":"<p>\u0130talyan filozof, hukuk\u00e7u, filolog, tarih\u00e7i ve retorik ustas\u0131 Giambattista Vico, Yeni Bilim adl\u0131 eseriyle geni\u015f bir okur kesiminin, filozoflar\u0131n, entelekt\u00fcellerin ve \u015fairlerin do\u011frudan ilham kayna\u011f\u0131d\u0131r. Romantik tarih\u00e7i Jules Michelet, bir\u00e7oklar\u0131 gibi \u201cVico\u2019dan do\u011fdum\u201d der. Ernst Cassirer, Vico\u2019yu mitin ve mitolojinin ger\u00e7ek k\u00e2\u015fifi il\u00e2n eder. James Joyce, ba\u015fkalar\u0131nda bulamad\u0131\u011f\u0131 hayal d\u00fcnyas\u0131n\u0131 Vico\u2019da bulur. Wilhelm Dilthey i\u00e7in Yeni Bilim, modern d\u00fc\u015f\u00fcncenin en b\u00fcy\u00fck ba\u015far\u0131lar\u0131ndand\u0131r. \u0130ktisat\u00e7\u0131 Joseph Schumpeter, Vico\u2019yu \u201csosyal bilimler alan\u0131ndaki en b\u00fcy\u00fck d\u00fc\u015f\u00fcn\u00fcrlerden biri\u201d olarak kaydeder. Romantikler, Goethe, Herder ve Hamann Yeni Bilim\u2019i okurlar. Coleridge, Vico\u2019nun fikirlerini yayan ilk \u0130ngilizdir. Marx, Vico\u2019yu Kapital\u2019de tart\u0131\u015f\u0131r.   Bat\u0131\u2019da modern tarih felsefesinin taht\u0131na ilk Giambattista Vico \u00e7\u0131kar. B\u00f6ylelikle o, k\u00fclt\u00fcr felsefesi ve mitoloji felsefesinin kurucusu say\u0131l\u0131r. Onun fikirleri pragmatizm, tarihselcilik, varolu\u015f\u00e7uluk ve yap\u0131salc\u0131l\u0131k gibi bir\u00e7ok d\u00fc\u015f\u00fcnce hareketine \u00f6nc\u00fcl\u00fck etmi\u015ftir.   Vico, Tanr\u0131n\u0131n yaratt\u0131\u011f\u0131 tabiat\u0131n yan\u0131nda insan\u0131n kendi yaratt\u0131\u011f\u0131 d\u00fcnya olan toplum ve k\u00fclt\u00fcr d\u00fcnyas\u0131n\u0131n nas\u0131l bir y\u00f6ntemle incelenmesi gerekti\u011fi \u00fczerine d\u00fc\u015f\u00fcnm\u00fc\u015ft\u00fcr. Vico\u2019nun tutkuyla ya\u015fam\u0131n\u0131 adad\u0131\u011f\u0131 bu eseri insanl\u0131\u011f\u0131n karanl\u0131k d\u00f6nemlerini ve barbarl\u0131k zamanlar\u0131n\u0131 ayr\u0131nt\u0131s\u0131yla anlatmakta; kitab\u0131n geni\u015f bir b\u00f6l\u00fcm\u00fcnde dil, \u015fiir, estetik, hukuk, e\u011fitim, politika, metafizik ve sivil hayata ge\u00e7i\u015fin t\u00fcm \u0131\u015f\u0131lt\u0131s\u0131n\u0131 tarihin geriye d\u00f6n\u00fc\u015f yasalar\u0131yla birlikte sunmaktad\u0131r. <\/p>\n","protected":false},"excerpt":{"rendered":"<p>\u0130talyan filozof, hukuk\u00e7u, filolog, tarih\u00e7i ve retorik ustas\u0131 Giambattista Vico, Yeni Bilim adl\u0131 eseriyle geni\u015f bir okur kesiminin, filozoflar\u0131n, entelekt\u00fcellerin ve \u015fairlerin do\u011frudan ilham kayna\u011f\u0131d\u0131r. Romantik<span class=\"excerpt-hellip\"> [\u2026]<\/span><\/p>\n","protected":false},"featured_media":0,"template":"","meta":{"_monsterinsights_skip_tracking":false,"_monsterinsights_sitenote_active":false,"_monsterinsights_sitenote_note":"","_monsterinsights_sitenote_category":0},"product_brand":[],"product_cat":[13005,15998],"product_tag":[],"class_list":{"0":"post-732507","1":"product","2":"type-product","3":"status-publish","5":"product_cat-bilim-muhendislik","6":"product_cat-bilim-tarihi","7":"pa_cilt-ciltsiz","8":"pa_tur-kitap","9":"pa_yayinevi-dogu-bati-yayinlari","10":"pa_yazar-giambattista-vico","12":"first","13":"instock","14":"sale","15":"shipping-taxable","16":"purchasable","17":"product-type-simple"},"_links":{"self":[{"href":"https:\/\/roveyayinevi.com.tr\/index.php\/wp-json\/wp\/v2\/product\/732507","targetHints":{"allow":["GET"]}}],"collection":[{"href":"https:\/\/roveyayinevi.com.tr\/index.php\/wp-json\/wp\/v2\/product"}],"about":[{"href":"https:\/\/roveyayinevi.com.tr\/index.php\/wp-json\/wp\/v2\/types\/product"}],"wp:attachment":[{"href":"https:\/\/roveyayinevi.com.tr\/index.php\/wp-json\/wp\/v2\/media?parent=732507"}],"wp:term":[{"taxonomy":"product_brand","embeddable":true,"href":"https:\/\/roveyayinevi.com.tr\/index.php\/wp-json\/wp\/v2\/product_brand?post=732507"},{"taxonomy":"product_cat","embeddable":true,"href":"https:\/\/roveyayinevi.com.tr\/index.php\/wp-json\/wp\/v2\/product_cat?post=732507"},{"taxonomy":"product_tag","embeddable":true,"href":"https:\/\/roveyayinevi.com.tr\/index.php\/wp-json\/wp\/v2\/product_tag?post=732507"}],"curies":[{"name":"wp","href":"https:\/\/api.w.org\/{rel}","templated":true}]}}