{"id":732506,"date":"2025-08-27T21:52:10","date_gmt":"2025-08-27T18:52:10","guid":{"rendered":"https:\/\/roveyayinevi.com.tr\/index.php\/urun\/artik-her-seye-hayir-demiyor\/"},"modified":"2026-04-16T02:40:21","modified_gmt":"2026-04-15T23:40:21","slug":"artik-her-seye-hayir-demiyor","status":"publish","type":"product","link":"https:\/\/roveyayinevi.com.tr\/index.php\/urun\/artik-her-seye-hayir-demiyor\/","title":{"rendered":"Art\u0131k Her \u015eeye Hay\u0131r Demiyor"},"content":{"rendered":"<p>Ellerini ve y\u00fcz\u00fcn\u00fc y\u0131kamal\u0131s\u0131n! Di\u015flerini f\u0131r\u00e7alamal\u0131s\u0131n!  Yatmadan \u00f6nce odan\u0131 toplamal\u0131s\u0131n! Her \u015feye HAYIR demekten vazge\u00e7melisin!   Hay\u0131r! Hay\u0131r! Hay\u0131r!   \u00c7ocuklar\u0131n geli\u015fim evrelerinden biri olan \u201chay\u0131r d\u00f6nemini\u201d sevimli bir bi\u00e7imde resmeden e\u011flenceli bir kitap.     \u00d6ZDENET\u0130M SER\u0130S\u0130 Haks\u0131zl\u0131k Bu! Biraz Daha! Benim O! Art\u0131k Her \u015eeye Hay\u0131r Demiyor <\/p>\n","protected":false},"excerpt":{"rendered":"<p>Ellerini ve y\u00fcz\u00fcn\u00fc y\u0131kamal\u0131s\u0131n! Di\u015flerini f\u0131r\u00e7alamal\u0131s\u0131n! Yatmadan \u00f6nce odan\u0131 toplamal\u0131s\u0131n! Her \u015feye HAYIR demekten vazge\u00e7melisin! Hay\u0131r! Hay\u0131r! Hay\u0131r! \u00c7ocuklar\u0131n geli\u015fim evrelerinden biri olan \u201chay\u0131r d\u00f6nemini\u201d sevimli<span class=\"excerpt-hellip\"> [\u2026]<\/span><\/p>\n","protected":false},"featured_media":0,"template":"","meta":{"_monsterinsights_skip_tracking":false,"_monsterinsights_sitenote_active":false,"_monsterinsights_sitenote_note":"","_monsterinsights_sitenote_category":0},"product_brand":[],"product_cat":[12274,15842],"product_tag":[],"class_list":{"0":"post-732506","1":"product","2":"type-product","3":"status-publish","5":"product_cat-cocuk-ve-genclik-kitaplari","6":"product_cat-egitici-kitaplar","7":"pa_cilt-ciltsiz","8":"pa_tur-kitap","9":"pa_yayinevi-1001-cicek-kitaplar","10":"pa_yazar-swain-meralli-carole-crouzet","12":"first","13":"instock","14":"sale","15":"shipping-taxable","16":"purchasable","17":"product-type-simple"},"_links":{"self":[{"href":"https:\/\/roveyayinevi.com.tr\/index.php\/wp-json\/wp\/v2\/product\/732506","targetHints":{"allow":["GET"]}}],"collection":[{"href":"https:\/\/roveyayinevi.com.tr\/index.php\/wp-json\/wp\/v2\/product"}],"about":[{"href":"https:\/\/roveyayinevi.com.tr\/index.php\/wp-json\/wp\/v2\/types\/product"}],"wp:attachment":[{"href":"https:\/\/roveyayinevi.com.tr\/index.php\/wp-json\/wp\/v2\/media?parent=732506"}],"wp:term":[{"taxonomy":"product_brand","embeddable":true,"href":"https:\/\/roveyayinevi.com.tr\/index.php\/wp-json\/wp\/v2\/product_brand?post=732506"},{"taxonomy":"product_cat","embeddable":true,"href":"https:\/\/roveyayinevi.com.tr\/index.php\/wp-json\/wp\/v2\/product_cat?post=732506"},{"taxonomy":"product_tag","embeddable":true,"href":"https:\/\/roveyayinevi.com.tr\/index.php\/wp-json\/wp\/v2\/product_tag?post=732506"}],"curies":[{"name":"wp","href":"https:\/\/api.w.org\/{rel}","templated":true}]}}