{"id":732505,"date":"2025-08-27T21:52:09","date_gmt":"2025-08-27T18:52:09","guid":{"rendered":"https:\/\/roveyayinevi.com.tr\/index.php\/urun\/ilk-sorular-ve-cevaplarla-balinalar-ve-yunuslar\/"},"modified":"2026-04-16T02:40:21","modified_gmt":"2026-04-15T23:40:21","slug":"ilk-sorular-ve-cevaplarla-balinalar-ve-yunuslar","status":"publish","type":"product","link":"https:\/\/roveyayinevi.com.tr\/index.php\/urun\/ilk-sorular-ve-cevaplarla-balinalar-ve-yunuslar\/","title":{"rendered":"\u0130lk Sorular ve Cevaplarla Balinalar ve Yunuslar"},"content":{"rendered":"<p>Balinalar su alt\u0131nda nefes alabilir mi?Yunuslar s\u00fcr\u00fcler halinde mi ya\u015far?Balinalar neden \u015fark\u0131 s\u00f6yler?Yunuslar nas\u0131l bal\u0131k yakalar? Hey sen! Merakl\u0131 \u00e7ocuk.Biliyorum, balinalar ve yunuslarla ilgili pek \u00e7ok soru dolan\u0131p duruyor. Hi\u00e7 \u015f\u00fcphem yok ki sen de \u00e7ok merak ediyorsun balinalar\u0131n ne kadar b\u00fcy\u00fck, yunuslar\u0131n nas\u0131l bu kadar ak\u0131ll\u0131 oldu\u011funu. B\u00fct\u00fcn bu sorular\u0131n yan\u0131tlar\u0131n\u0131 sayfalar\u0131mda bulacak, ba\u015fka pek \u00e7ok \u015fey \u00f6\u011frenecek ve hatta en sonunda da ne kadar \u00f6\u011frendi\u011fini g\u00f6rebileceksin. Merak etmek g\u00fczeldir. Merak \u00f6\u011fretir. Merakt\u0131r insanl\u0131\u011f\u0131n ilerlemesini, her g\u00fcn yeni ad\u0131mlar atmas\u0131n\u0131 sa\u011flayan. O halde merak etmeye, \u00f6\u011frenmeye devam! <\/p>\n","protected":false},"excerpt":{"rendered":"<p>Balinalar su alt\u0131nda nefes alabilir mi?Yunuslar s\u00fcr\u00fcler halinde mi ya\u015far?Balinalar neden \u015fark\u0131 s\u00f6yler?Yunuslar nas\u0131l bal\u0131k yakalar? Hey sen! Merakl\u0131 \u00e7ocuk.Biliyorum, balinalar ve yunuslarla ilgili pek \u00e7ok<span class=\"excerpt-hellip\"> [\u2026]<\/span><\/p>\n","protected":false},"featured_media":0,"template":"","meta":{"_monsterinsights_skip_tracking":false,"_monsterinsights_sitenote_active":false,"_monsterinsights_sitenote_note":"","_monsterinsights_sitenote_category":0},"product_brand":[],"product_cat":[13829,12274],"product_tag":[],"class_list":{"0":"post-732505","1":"product","2":"type-product","3":"status-publish","5":"product_cat-bilimsel-kitaplar","6":"product_cat-cocuk-ve-genclik-kitaplari","7":"pa_cilt-ciltsiz","8":"pa_tur-kitap","9":"pa_yayinevi-almidilli","10":"pa_yazar-belinda-gallagher","12":"first","13":"instock","14":"sale","15":"shipping-taxable","16":"purchasable","17":"product-type-simple"},"_links":{"self":[{"href":"https:\/\/roveyayinevi.com.tr\/index.php\/wp-json\/wp\/v2\/product\/732505","targetHints":{"allow":["GET"]}}],"collection":[{"href":"https:\/\/roveyayinevi.com.tr\/index.php\/wp-json\/wp\/v2\/product"}],"about":[{"href":"https:\/\/roveyayinevi.com.tr\/index.php\/wp-json\/wp\/v2\/types\/product"}],"wp:attachment":[{"href":"https:\/\/roveyayinevi.com.tr\/index.php\/wp-json\/wp\/v2\/media?parent=732505"}],"wp:term":[{"taxonomy":"product_brand","embeddable":true,"href":"https:\/\/roveyayinevi.com.tr\/index.php\/wp-json\/wp\/v2\/product_brand?post=732505"},{"taxonomy":"product_cat","embeddable":true,"href":"https:\/\/roveyayinevi.com.tr\/index.php\/wp-json\/wp\/v2\/product_cat?post=732505"},{"taxonomy":"product_tag","embeddable":true,"href":"https:\/\/roveyayinevi.com.tr\/index.php\/wp-json\/wp\/v2\/product_tag?post=732505"}],"curies":[{"name":"wp","href":"https:\/\/api.w.org\/{rel}","templated":true}]}}