{"id":732502,"date":"2025-08-27T21:52:06","date_gmt":"2025-08-27T18:52:06","guid":{"rendered":"https:\/\/roveyayinevi.com.tr\/index.php\/urun\/inonu-doneminde-kemalizm\/"},"modified":"2026-04-16T02:40:21","modified_gmt":"2026-04-15T23:40:21","slug":"inonu-doneminde-kemalizm","status":"publish","type":"product","link":"https:\/\/roveyayinevi.com.tr\/index.php\/urun\/inonu-doneminde-kemalizm\/","title":{"rendered":"\u0130n\u00f6n\u00fc D\u00f6neminde Kemalizm"},"content":{"rendered":"<p>\u0130n\u00f6n\u00fc d\u00f6nemi iki a\u00e7\u0131dan \u00f6nemli bulunmaktad\u0131r: Birincisi, \u0130n\u00f6n\u00fc\u2019n\u00fcn Atat\u00fcrk\u2019\u00fcn siyasi halefi olmas\u0131 nedeniyledir. Bu durum, devaml\u0131 surette Atat\u00fcrk ve \u0130n\u00f6n\u00fc d\u00f6nemlerinin k\u0131yaslanmas\u0131n\u0131 beraberinde getirmi\u015ftir.Di\u011feri ise \u0130n\u00f6n\u00fc d\u00f6neminin modern T\u00fcrkiye tarihinin pek \u00e7ok \u00f6nemli d\u00f6nemecini ve dolay\u0131s\u0131yla olduk\u00e7a kritik kararlar\u0131n al\u0131nd\u0131\u011f\u0131 bir zaman dilimini i\u015faret etmesidir. Bu a\u00e7\u0131dan bak\u0131l\u0131nca \u0130n\u00f6n\u00fc d\u00f6nemi, \u00e7e\u015fitli taraflar i\u00e7in, modern T\u00fcrkiye\u2019yi tart\u0131\u015fmak ve modern T\u00fcrkiye \u00fczerine sahip olunan tezleri somutla\u015ft\u0131rmak i\u00e7in g\u00f6r\u00fcn\u00fcrde tarihsel ancak esasta siyasal bir arena olmu\u015ftur. Dr. Se\u00e7kin \u00c7elik, bu \u00e7al\u0131\u015fmada \u0130n\u00f6n\u00fc d\u00f6neminde resmi ideolojideki (Kemalizm) s\u00fcreklili\u011fi ve de\u011fi\u015fimi ele almakta; devrimcilikten halk\u00e7\u0131l\u0131\u011fa, cumhuriyet\u00e7ilikten milliyet\u00e7ili\u011fe Alt\u0131 Ok ilkelerinin d\u00f6nemsel kar\u015f\u0131la\u015ft\u0131rmas\u0131n\u0131 politik uygulamalar\u0131 \u00fczerinden incelemektedir. <\/p>\n","protected":false},"excerpt":{"rendered":"<p>\u0130n\u00f6n\u00fc d\u00f6nemi iki a\u00e7\u0131dan \u00f6nemli bulunmaktad\u0131r: Birincisi, \u0130n\u00f6n\u00fc\u2019n\u00fcn Atat\u00fcrk\u2019\u00fcn siyasi halefi olmas\u0131 nedeniyledir. Bu durum, devaml\u0131 surette Atat\u00fcrk ve \u0130n\u00f6n\u00fc d\u00f6nemlerinin k\u0131yaslanmas\u0131n\u0131 beraberinde getirmi\u015ftir.Di\u011feri ise \u0130n\u00f6n\u00fc<span class=\"excerpt-hellip\"> [\u2026]<\/span><\/p>\n","protected":false},"featured_media":0,"template":"","meta":{"_monsterinsights_skip_tracking":false,"_monsterinsights_sitenote_active":false,"_monsterinsights_sitenote_note":"","_monsterinsights_sitenote_category":0},"product_brand":[],"product_cat":[12370,12304],"product_tag":[],"class_list":{"0":"post-732502","1":"product","2":"type-product","3":"status-publish","5":"product_cat-arastirma-inceleme","6":"product_cat-tarih","7":"pa_cilt-ciltsiz","8":"pa_tur-kitap","9":"pa_yayinevi-kirmizi-kedi-yayinevi","10":"pa_yazar-seckin-celik","12":"first","13":"instock","14":"sale","15":"shipping-taxable","16":"purchasable","17":"product-type-simple"},"_links":{"self":[{"href":"https:\/\/roveyayinevi.com.tr\/index.php\/wp-json\/wp\/v2\/product\/732502","targetHints":{"allow":["GET"]}}],"collection":[{"href":"https:\/\/roveyayinevi.com.tr\/index.php\/wp-json\/wp\/v2\/product"}],"about":[{"href":"https:\/\/roveyayinevi.com.tr\/index.php\/wp-json\/wp\/v2\/types\/product"}],"wp:attachment":[{"href":"https:\/\/roveyayinevi.com.tr\/index.php\/wp-json\/wp\/v2\/media?parent=732502"}],"wp:term":[{"taxonomy":"product_brand","embeddable":true,"href":"https:\/\/roveyayinevi.com.tr\/index.php\/wp-json\/wp\/v2\/product_brand?post=732502"},{"taxonomy":"product_cat","embeddable":true,"href":"https:\/\/roveyayinevi.com.tr\/index.php\/wp-json\/wp\/v2\/product_cat?post=732502"},{"taxonomy":"product_tag","embeddable":true,"href":"https:\/\/roveyayinevi.com.tr\/index.php\/wp-json\/wp\/v2\/product_tag?post=732502"}],"curies":[{"name":"wp","href":"https:\/\/api.w.org\/{rel}","templated":true}]}}