{"id":732501,"date":"2025-08-27T21:52:05","date_gmt":"2025-08-27T18:52:05","guid":{"rendered":"https:\/\/roveyayinevi.com.tr\/index.php\/urun\/bilmedigimiz-cin-2\/"},"modified":"2026-04-16T02:40:21","modified_gmt":"2026-04-15T23:40:21","slug":"bilmedigimiz-cin-2","status":"publish","type":"product","link":"https:\/\/roveyayinevi.com.tr\/index.php\/urun\/bilmedigimiz-cin-2\/","title":{"rendered":"Bilmedi\u011fimiz \u00c7in"},"content":{"rendered":"<p>\u00c7in\u2019i hem biliyor ama hem de bilmiyoruz; \u00e7\u00fcnk\u00fc \u00c7in bize Bat\u0131 medyas\u0131 \u00fczerinden haberlerle tan\u0131t\u0131l\u0131yor daha \u00e7ok. T\u00fcrk bas\u0131n\u0131ndaki \u00c7in haberlerinin \u00e7o\u011funlu\u011fu Bat\u0131 ajanslar\u0131n\u0131n servis etti\u011fi haberler. Bu durum Bat\u0131\u2019n\u0131n \u00c7in\u2019e kar\u015f\u0131 psikolojik sava\u015f\u0131na maruz b\u0131rak\u0131yor kamuoyunu. Haliyle bu da \u00c7in\u2019in tarafl\u0131 bilgilerle \u00f6\u011frenilmesine ve yanl\u0131\u015f tan\u0131nmas\u0131na, sonu\u00e7 olarak da \u00c7in\u2019e dair hatal\u0131 de\u011ferlendirmeler yap\u0131lmas\u0131na neden oluyor. Uzun y\u0131llar \u00c7in\u2019de gazetecilik yapan Kamil Erdo\u011fdu, \u201cBildi\u011fi \u00c7in\u201di ve \u201cBilmedi\u011fimiz \u00c7in\u201di yazd\u0131. Bat\u0131\u2019n\u0131n servis etti\u011fi haberlerin perde arkas\u0131n\u0131 ve ger\u00e7e\u011fi tarih tarih s\u0131ralad\u0131. B\u00f6ylece d\u00fcnya ve T\u00fcrk kamuoyunu \u00c7in\u2019e kar\u015f\u0131 etkileme hedefli b\u00fcy\u00fck istihbarat sava\u015f\u0131na mercek tuttu. <\/p>\n","protected":false},"excerpt":{"rendered":"<p>\u00c7in\u2019i hem biliyor ama hem de bilmiyoruz; \u00e7\u00fcnk\u00fc \u00c7in bize Bat\u0131 medyas\u0131 \u00fczerinden haberlerle tan\u0131t\u0131l\u0131yor daha \u00e7ok. T\u00fcrk bas\u0131n\u0131ndaki \u00c7in haberlerinin \u00e7o\u011funlu\u011fu Bat\u0131 ajanslar\u0131n\u0131n servis etti\u011fi<span class=\"excerpt-hellip\"> [\u2026]<\/span><\/p>\n","protected":false},"featured_media":0,"template":"","meta":{"_monsterinsights_skip_tracking":false,"_monsterinsights_sitenote_active":false,"_monsterinsights_sitenote_note":"","_monsterinsights_sitenote_category":0},"product_brand":[],"product_cat":[14841,13043],"product_tag":[],"class_list":{"0":"post-732501","1":"product","2":"type-product","3":"status-publish","5":"product_cat-arastirma-inceleme-kuram","6":"product_cat-ekonomi","7":"pa_cilt-ciltsiz","8":"pa_tur-kitap","9":"pa_yayinevi-kirmizi-kedi-yayinevi","10":"pa_yazar-kamil-erdogdu","12":"first","13":"instock","14":"sale","15":"shipping-taxable","16":"purchasable","17":"product-type-simple"},"_links":{"self":[{"href":"https:\/\/roveyayinevi.com.tr\/index.php\/wp-json\/wp\/v2\/product\/732501","targetHints":{"allow":["GET"]}}],"collection":[{"href":"https:\/\/roveyayinevi.com.tr\/index.php\/wp-json\/wp\/v2\/product"}],"about":[{"href":"https:\/\/roveyayinevi.com.tr\/index.php\/wp-json\/wp\/v2\/types\/product"}],"wp:attachment":[{"href":"https:\/\/roveyayinevi.com.tr\/index.php\/wp-json\/wp\/v2\/media?parent=732501"}],"wp:term":[{"taxonomy":"product_brand","embeddable":true,"href":"https:\/\/roveyayinevi.com.tr\/index.php\/wp-json\/wp\/v2\/product_brand?post=732501"},{"taxonomy":"product_cat","embeddable":true,"href":"https:\/\/roveyayinevi.com.tr\/index.php\/wp-json\/wp\/v2\/product_cat?post=732501"},{"taxonomy":"product_tag","embeddable":true,"href":"https:\/\/roveyayinevi.com.tr\/index.php\/wp-json\/wp\/v2\/product_tag?post=732501"}],"curies":[{"name":"wp","href":"https:\/\/api.w.org\/{rel}","templated":true}]}}