{"id":732492,"date":"2025-08-27T21:51:55","date_gmt":"2025-08-27T18:51:55","guid":{"rendered":"https:\/\/roveyayinevi.com.tr\/index.php\/urun\/josh-ve-hazelin-sevgili-olmama-rehberi\/"},"modified":"2026-04-16T02:40:20","modified_gmt":"2026-04-15T23:40:20","slug":"josh-ve-hazelin-sevgili-olmama-rehberi","status":"publish","type":"product","link":"https:\/\/roveyayinevi.com.tr\/index.php\/urun\/josh-ve-hazelin-sevgili-olmama-rehberi\/","title":{"rendered":"Josh ve Hazel\u2019\u0131n Sevgili Olmama Rehberi"},"content":{"rendered":"<p>Sadece arkada\u015f\u0131z. Sadece arkada\u015f\u0131z. Sadece arkada\u015f\u0131z.E\u011fer yeteri kadar tekrarlarlarsa belki ger\u00e7ek olurdu.   Hazel Bradford, kolay bir kad\u0131n olmad\u0131\u011f\u0131n\u0131 biliyordu ve hi\u00e7 \u015fa\u015f\u0131rt\u0131c\u0131 olmayan bir \u015fekilde, \u00e7o\u011fu erkek de \u015fans\u0131n\u0131 denemeye pek hevesli de\u011fildi. Evinde besledi\u011fi hayvan ordusundan korkmayanlar\u0131 da patavats\u0131zl\u0131klar\u0131yla ka\u00e7\u0131rmay\u0131 ba\u015far\u0131yordu. Eh, e\u011flenceden anlam\u0131yorlarsa kendileri kaybederdi. Josh Im, Hazel\u2019la \u00fcniversite zamanlar\u0131nda tan\u0131\u015fm\u0131\u015f ve onun en ele avuca s\u0131\u011fmaz zamanlar\u0131na yak\u0131ndan \u015fahit olmu\u015ftu. U\u00e7ar\u0131 ama temiz kalpli bu kad\u0131nla y\u0131llar sonra tekrar kar\u015f\u0131la\u015ft\u0131\u011f\u0131nda, tepetaklak olmu\u015f hayat\u0131na onun sayesinde biraz olsun renk gelmi\u015fti.   Belki de esas sorun, a\u015fk\u0131 \u00e7ok yanl\u0131\u015f yerlerde aramalar\u0131yd\u0131.     \u201cChristina Lauren, bu m\u00fcthi\u015f e\u011flenceli roman\u0131nda b\u00fcy\u00fcleyici ve tutkulu anlar\u0131n m\u00fckemmel uyumunu yakalam\u0131\u015f.\u201d \u2014Publishers Weekly   \u201cG\u00fcndelik hayat\u0131n s\u0131k\u0131c\u0131l\u0131\u011f\u0131ndan ka\u00e7\u0131p e\u011flenceli bir romantik komediye s\u0131\u011f\u0131nmak isteyen okurlar bu kitaba bay\u0131lacak.\u201d \u2014Booklist   \u201cKeskin mizah\u0131 ve unutulmaz karakterleriyle, kesinlikle yeni favoriniz olacak.\u201d \u2014Kirkus (starred review)   \u201cRomantik komedilerin keyifli temposuyla akl\u0131n\u0131z\u0131 ba\u015f\u0131n\u0131zdan alacak.\u201d \u2014New York Times <\/p>\n","protected":false},"excerpt":{"rendered":"<p>Sadece arkada\u015f\u0131z. Sadece arkada\u015f\u0131z. Sadece arkada\u015f\u0131z.E\u011fer yeteri kadar tekrarlarlarsa belki ger\u00e7ek olurdu. Hazel Bradford, kolay bir kad\u0131n olmad\u0131\u011f\u0131n\u0131 biliyordu ve hi\u00e7 \u015fa\u015f\u0131rt\u0131c\u0131 olmayan bir \u015fekilde, \u00e7o\u011fu<span class=\"excerpt-hellip\"> [\u2026]<\/span><\/p>\n","protected":false},"featured_media":0,"template":"","meta":{"_monsterinsights_skip_tracking":false,"_monsterinsights_sitenote_active":false,"_monsterinsights_sitenote_note":"","_monsterinsights_sitenote_category":0},"product_brand":[],"product_cat":[14643,12291],"product_tag":[],"class_list":{"0":"post-732492","1":"product","2":"type-product","3":"status-publish","5":"product_cat-ask","6":"product_cat-edebiyat","7":"pa_cilt-ciltsiz","8":"pa_tur-kitap","9":"pa_yayinevi-yabanci-yayinevi","10":"pa_yazar-christina-lauren","12":"first","13":"instock","14":"sale","15":"shipping-taxable","16":"purchasable","17":"product-type-simple"},"_links":{"self":[{"href":"https:\/\/roveyayinevi.com.tr\/index.php\/wp-json\/wp\/v2\/product\/732492","targetHints":{"allow":["GET"]}}],"collection":[{"href":"https:\/\/roveyayinevi.com.tr\/index.php\/wp-json\/wp\/v2\/product"}],"about":[{"href":"https:\/\/roveyayinevi.com.tr\/index.php\/wp-json\/wp\/v2\/types\/product"}],"wp:attachment":[{"href":"https:\/\/roveyayinevi.com.tr\/index.php\/wp-json\/wp\/v2\/media?parent=732492"}],"wp:term":[{"taxonomy":"product_brand","embeddable":true,"href":"https:\/\/roveyayinevi.com.tr\/index.php\/wp-json\/wp\/v2\/product_brand?post=732492"},{"taxonomy":"product_cat","embeddable":true,"href":"https:\/\/roveyayinevi.com.tr\/index.php\/wp-json\/wp\/v2\/product_cat?post=732492"},{"taxonomy":"product_tag","embeddable":true,"href":"https:\/\/roveyayinevi.com.tr\/index.php\/wp-json\/wp\/v2\/product_tag?post=732492"}],"curies":[{"name":"wp","href":"https:\/\/api.w.org\/{rel}","templated":true}]}}