{"id":732491,"date":"2025-08-27T21:51:54","date_gmt":"2025-08-27T18:51:54","guid":{"rendered":"https:\/\/roveyayinevi.com.tr\/index.php\/urun\/halef-1-dus\/"},"modified":"2026-04-16T02:40:20","modified_gmt":"2026-04-15T23:40:20","slug":"halef-1-dus","status":"publish","type":"product","link":"https:\/\/roveyayinevi.com.tr\/index.php\/urun\/halef-1-dus\/","title":{"rendered":"Halef 1 : D\u00fc\u015f"},"content":{"rendered":"<p>Ans\u0131z\u0131n bir f\u0131rt\u0131na ba\u015flad\u0131, t\u00fcm ger\u00e7ekler sakland\u0131\u011f\u0131 yerden bir bir \u00e7\u0131kt\u0131.Hik\u00e2yelerinin m\u00fcrekkeple de\u011fil, kanla yaz\u0131ld\u0131\u011f\u0131n\u0131 fark ettiklerinde kay\u0131plar vermeye \u00e7oktan ba\u015flam\u0131\u015flard\u0131.Mihrinaz Ak\u015fahin, ge\u00e7mi\u015finin kanl\u0131 pen\u00e7esini ensesinde hissetmesine gerek kalmadan, \u00e7oktan dedesi taraf\u0131ndan \u015fehirden uzakla\u015ft\u0131r\u0131lm\u0131\u015ft\u0131.Fakat her gece g\u00f6rd\u00fc\u011f\u00fc d\u00fc\u015f, onu h\u00e2l\u00e2 takip ediyordu.Zamir Hanc\u0131o\u011flu, r\u00fcyalarla ula\u015fabildi\u011fi kad\u0131n\u0131 korumak i\u00e7in onu g\u00f6lge gibi takip eden adam\u0131n ta kendisiydi.O kapal\u0131 bir kutuydu ve anahtar\u0131 kaybolmu\u015ftu.Ge\u00e7mi\u015fin pen\u00e7esi onlar\u0131 yakalad\u0131\u011f\u0131nda ruhlar\u0131 kirlenecek, derin kuyulara at\u0131lm\u0131\u015f g\u00fcnahlar g\u00fcn y\u00fcz\u00fcne \u00e7\u0131kacakt\u0131. Su\u00e7lar\u0131n bedeli \u00f6denmeye ba\u015flad\u0131\u011f\u0131nda ise ge\u00e7mi\u015f gelece\u011fi ac\u0131mas\u0131zca kam\u00e7\u0131layacakt\u0131.\u201cKirpikleri daima \u0131slak olan k\u00fc\u00e7\u00fck k\u0131z, seni iyile\u015ftirmek bana bor\u00e7 olsun.\u201dFakat iyile\u015ftiremedi beni.T\u00fcm ge\u00e7mi\u015fimi b\u0131\u00e7ak h\u00e2line getirip o b\u0131\u00e7a\u011f\u0131 tam g\u00f6\u011fs\u00fcme saplad\u0131.<\/p>\n","protected":false},"excerpt":{"rendered":"<p>Ans\u0131z\u0131n bir f\u0131rt\u0131na ba\u015flad\u0131, t\u00fcm ger\u00e7ekler sakland\u0131\u011f\u0131 yerden bir bir \u00e7\u0131kt\u0131.Hik\u00e2yelerinin m\u00fcrekkeple de\u011fil, kanla yaz\u0131ld\u0131\u011f\u0131n\u0131 fark ettiklerinde kay\u0131plar vermeye \u00e7oktan ba\u015flam\u0131\u015flard\u0131.Mihrinaz Ak\u015fahin, ge\u00e7mi\u015finin kanl\u0131 pen\u00e7esini ensesinde<span class=\"excerpt-hellip\"> [\u2026]<\/span><\/p>\n","protected":false},"featured_media":0,"template":"","meta":{"_monsterinsights_skip_tracking":false,"_monsterinsights_sitenote_active":false,"_monsterinsights_sitenote_note":"","_monsterinsights_sitenote_category":0},"product_brand":[],"product_cat":[12291,12711],"product_tag":[],"class_list":{"0":"post-732491","1":"product","2":"type-product","3":"status-publish","5":"product_cat-edebiyat","6":"product_cat-roman-oyku","7":"pa_cilt-ciltsiz","8":"pa_tur-kitap","9":"pa_yayinevi-ephesus-yayinlari","10":"pa_yazar-leman-veli","12":"first","13":"instock","14":"sale","15":"shipping-taxable","16":"purchasable","17":"product-type-simple"},"_links":{"self":[{"href":"https:\/\/roveyayinevi.com.tr\/index.php\/wp-json\/wp\/v2\/product\/732491","targetHints":{"allow":["GET"]}}],"collection":[{"href":"https:\/\/roveyayinevi.com.tr\/index.php\/wp-json\/wp\/v2\/product"}],"about":[{"href":"https:\/\/roveyayinevi.com.tr\/index.php\/wp-json\/wp\/v2\/types\/product"}],"wp:attachment":[{"href":"https:\/\/roveyayinevi.com.tr\/index.php\/wp-json\/wp\/v2\/media?parent=732491"}],"wp:term":[{"taxonomy":"product_brand","embeddable":true,"href":"https:\/\/roveyayinevi.com.tr\/index.php\/wp-json\/wp\/v2\/product_brand?post=732491"},{"taxonomy":"product_cat","embeddable":true,"href":"https:\/\/roveyayinevi.com.tr\/index.php\/wp-json\/wp\/v2\/product_cat?post=732491"},{"taxonomy":"product_tag","embeddable":true,"href":"https:\/\/roveyayinevi.com.tr\/index.php\/wp-json\/wp\/v2\/product_tag?post=732491"}],"curies":[{"name":"wp","href":"https:\/\/api.w.org\/{rel}","templated":true}]}}