{"id":732490,"date":"2025-08-27T21:51:53","date_gmt":"2025-08-27T18:51:53","guid":{"rendered":"https:\/\/roveyayinevi.com.tr\/index.php\/urun\/bir-ruh-iki-beden\/"},"modified":"2026-04-16T02:40:20","modified_gmt":"2026-04-15T23:40:20","slug":"bir-ruh-iki-beden","status":"publish","type":"product","link":"https:\/\/roveyayinevi.com.tr\/index.php\/urun\/bir-ruh-iki-beden\/","title":{"rendered":"Bir Ruh \u0130ki Beden"},"content":{"rendered":"<p>D\u00fcnya, bir kaosun i\u00e7indeyken, belki de bir sona s\u00fcr\u00fcklenirken do\u011fum sanc\u0131s\u0131 tuttu ve do\u011fum ba\u015fl\u0131yor. Siz ya da e\u015finiz bu karma\u015fan\u0131n i\u00e7inde do\u011fumun olmas\u0131n\u0131 ister misiniz? Peki, bu karma\u015fan\u0131n i\u00e7ine do\u011fmak ister misiniz? Yerk\u00fcrenin iki z\u0131t ucunda do\u011fum sanc\u0131s\u0131 tutan iki kad\u0131n kararlar\u0131 tam tersi olsa da bu \u00e7ocuklar\u0131 d\u00fcnyaya getirdiler. Birbirinden habersiz do\u011fan bu bebeklerin kaderlerinin, ya\u015famlar\u0131n\u0131n birbirlerine ba\u011fl\u0131 oldu\u011funu ve tek bir ruhu payla\u015ft\u0131klar\u0131n\u0131 ne kendileri ne de bir ba\u015fkas\u0131 biliyordu. Ta ki bir se\u00e7im yapmas\u0131 gerekene dek\u2026 Se\u00e7imi yapacak olan kim mi? Peki, kimi se\u00e7ecek? Kimin ya\u015fayaca\u011f\u0131na karar vermek hi\u00e7 de kolay olmayacak\u2026     Adalet, a\u015fk, iyilik, k\u00f6t\u00fcl\u00fck, ihanet, aile ba\u011flar\u0131 konular\u0131n\u0131n i\u00e7 i\u00e7e ge\u00e7ti\u011fi Bir Ruh \u0130ki Beden\u2019i ger\u00e7ek bir hik\u00e2ye oldu\u011funa yemin edecek kadar ya\u015fayarak okuyacaks\u0131n\u0131z. Film izler gibi olaylar\u0131 takip ederken her karakterin hik\u00e2yesi ayr\u0131 ayr\u0131 kalbinize i\u015fleyecek, merak\u0131n\u0131z ise hep zirvede kalacak. <\/p>\n","protected":false},"excerpt":{"rendered":"<p>D\u00fcnya, bir kaosun i\u00e7indeyken, belki de bir sona s\u00fcr\u00fcklenirken do\u011fum sanc\u0131s\u0131 tuttu ve do\u011fum ba\u015fl\u0131yor. Siz ya da e\u015finiz bu karma\u015fan\u0131n i\u00e7inde do\u011fumun olmas\u0131n\u0131 ister misiniz?<span class=\"excerpt-hellip\"> [\u2026]<\/span><\/p>\n","protected":false},"featured_media":0,"template":"","meta":{"_monsterinsights_skip_tracking":false,"_monsterinsights_sitenote_active":false,"_monsterinsights_sitenote_note":"","_monsterinsights_sitenote_category":0},"product_brand":[],"product_cat":[12291,14777],"product_tag":[],"class_list":{"0":"post-732490","1":"product","2":"type-product","3":"status-publish","5":"product_cat-edebiyat","6":"product_cat-fantastik","7":"pa_cilt-ciltsiz","8":"pa_tur-kitap","9":"pa_yayinevi-muptela-yayinevi","10":"pa_yazar-ulviye-ustabasi-saka","12":"first","13":"instock","14":"sale","15":"shipping-taxable","16":"purchasable","17":"product-type-simple"},"_links":{"self":[{"href":"https:\/\/roveyayinevi.com.tr\/index.php\/wp-json\/wp\/v2\/product\/732490","targetHints":{"allow":["GET"]}}],"collection":[{"href":"https:\/\/roveyayinevi.com.tr\/index.php\/wp-json\/wp\/v2\/product"}],"about":[{"href":"https:\/\/roveyayinevi.com.tr\/index.php\/wp-json\/wp\/v2\/types\/product"}],"wp:attachment":[{"href":"https:\/\/roveyayinevi.com.tr\/index.php\/wp-json\/wp\/v2\/media?parent=732490"}],"wp:term":[{"taxonomy":"product_brand","embeddable":true,"href":"https:\/\/roveyayinevi.com.tr\/index.php\/wp-json\/wp\/v2\/product_brand?post=732490"},{"taxonomy":"product_cat","embeddable":true,"href":"https:\/\/roveyayinevi.com.tr\/index.php\/wp-json\/wp\/v2\/product_cat?post=732490"},{"taxonomy":"product_tag","embeddable":true,"href":"https:\/\/roveyayinevi.com.tr\/index.php\/wp-json\/wp\/v2\/product_tag?post=732490"}],"curies":[{"name":"wp","href":"https:\/\/api.w.org\/{rel}","templated":true}]}}