{"id":732485,"date":"2025-08-27T21:51:48","date_gmt":"2025-08-27T18:51:48","guid":{"rendered":"https:\/\/roveyayinevi.com.tr\/index.php\/urun\/elestirel-uluslararasi-politik-ekonomi-1-kuram-ve-sorunlar\/"},"modified":"2026-04-16T02:40:20","modified_gmt":"2026-04-15T23:40:20","slug":"elestirel-uluslararasi-politik-ekonomi-1-kuram-ve-sorunlar","status":"publish","type":"product","link":"https:\/\/roveyayinevi.com.tr\/index.php\/urun\/elestirel-uluslararasi-politik-ekonomi-1-kuram-ve-sorunlar\/","title":{"rendered":"Ele\u015ftirel Uluslararas\u0131 Politik Ekonomi-1 Kuram ve Sorunlar"},"content":{"rendered":"<p>\u201cUluslararas\u0131 Politik Ekonomi (UPE) Uluslararas\u0131 \u0130li\u015fkiler (U\u0130) disiplininin bir alt kolu olarak 1970&#8217;li y\u0131llarda geli\u015fmi\u015ftir. UPE Uluslararas\u0131 ili\u015fkilerin siyasal sorunlar\u0131na odaklanan U\u0130 disiplinine ekonomik bir boyut katmay\u0131 hedeflemi\u015ftir Ancak bunu yaparken anaak\u0131m pozitivist U\u0130 disiplininin devlet merkezli tarih d\u0131\u015f\u0131 varsay\u0131mlar\u0131ndan kurtulamam\u0131\u015ft\u0131r. Uluslararas\u0131 Ele\u015ftirel Politik Ekonomi (UEPE) ise UPE&#8217;nin hala anaak\u0131m U\u0130 disiplinine endeksli kuramsal yap\u0131s\u0131 ve g\u00fcndemine alternatif, tarihsel de\u011fi\u015fime odakl\u0131 daha radikal yakla\u015f\u0131mlara verilen isimdir. UEPE, onlar\u0131n g\u00f6r\u00fc\u015fleriyle s\u0131n\u0131rl\u0131 olmasa da, esas olarak Karl Marx ve Antonio Gramsci\u2019nin g\u00f6r\u00fc\u015fleri \u00e7er\u00e7evesinde, son y\u0131llarda b\u00fcy\u00fck bir ivme kazanm\u0131\u015ft\u0131r. T\u00fcrkiye&#8217;de uluslararas\u0131 politik ekonomi, esas olarak hala 1970&#8217;li y\u0131llarda olu\u015ftu\u011fu \u015fekliyle anaak\u0131m\u0131n kuramsal \u00e7er\u00e7evesinde incelenmektedir. Bu nedenle UEPE&#8217;yi inceleyen bu kitap \u00f6nemli bir a\u00e7\u0131\u011f\u0131 kapatmay\u0131 hedeflemektedir. Kitap iki cilt olarak tasarlanm\u0131\u015ft\u0131r. Birinci cilt UEPE&#8217;nin kuramsal yap\u0131s\u0131n\u0131 ve temel konular\u0131n\u0131 ele almakta, ikinci cilt ise UEPE&#8217;nin b\u00f6lgesel boyutunu ele\u015ftirel bir yakla\u015f\u0131mla incelemektedir.\u201d Giri\u015f FARUK YALVA\u00c7 \/ Uluslararas\u0131 Politik Ekonomi\u2019den Ele\u015ftirel Uluslararas\u0131 Politik Ekonomi\u2019ye: Temel Kavramlar ve Tart\u0131\u015fmalar FARUK YALVA\u00c7 \/ Liberalizm ve Uluslararas\u0131 Politik Ekonomi: 1970\u2019lerin Bunal\u0131m\u0131ndan 2008 Krizine Diyalektik bir De\u011ferlendirme FUNDA H\u00dcLAG\u00dc \/ \u0130\u00e7erici Neoliberalizmin Siyasal Bi\u00e7imi: Y\u00f6neti\u015fim ve Demokrasi Te\u015fviki G\u00d6KHAN DEM\u0130R \/ Finansal Kapitalizmin Yu\u0308kseli\u015fi ve Gelir E\u015fitsizli\u011fi: Yeni Sol Devlet Teorileri Ne S\u00f6ylu\u0308yor? EVREN DENKTA\u015e, G\u00dcLTEN DURSUN \/ Uluslararas\u0131 Serbest Ticaret ve E\u015fitsiz Geli\u015fim: Teorik Bir De\u011ferlendirme AK\u0130F AVCI \/  Gu\u0308neyin Yu\u0308kseli\u015fi ve G20 CENK AYG\u00dcL \/  Gu\u0308venli\u011fin Ele\u015ftirel Politik-Ekonomi Analizi \u00d6ZLEM KAYGUSUZ \/ Antroposen, Neoliberalizm ve Ekolojinin Uluslararas\u0131 Politik Ekonomisi YELDA ER\u00c7ANDIRLI \/ S\u00f6mu\u0308rgeci Hegemonya, \u0130ktidar ve Oryantalizmin Politik Ekonomisi  TACETT\u0130N G\u00d6KHAN \u00d6Z\u00c7EL\u0130K \/  Kentle\u015fme, E\u011fitim ve Medyan\u0131n Uluslararas\u0131 Politik Ekonomisi: \u0130deoloji, S\u0131n\u0131f Mu\u0308cadelesi ve I\u0307lis\u0327kisellik G\u00d6RKEM ALTIN\u00d6RS \/ Bili\u015fsel Kapitalizm mi, Kapitalizmde Bili\u015f mi? Bili\u015fsel Kapitalist Teorinin Bir Ele\u015ftirisi HEESANG JEON \/ Kriz Sonras\u0131: Ku\u0308resel Kapitalizm ve Ekonomi Politi\u011fin Ele\u015ftirisi HUGO RADICE \/  Kriz Zamanlar\u0131nda S\u0131n\u0131f Mu\u0308cadelesi: Direni\u015fin Failli\u011fini Kavramsalla\u015ft\u0131rmak ANDREAS BIELER \/ Ekonomik Gerileme, Krizler ve Hegemonik D\u00f6nu\u0308\u015fu\u0308mler: Ekonomik Gerileme ve Krizlerin Hegemonik D\u00f6nu\u0308\u015fu\u0308mlerle \u0130li\u015fkisi Nedir? Farkl\u0131 Perspektiflere Genel Bir Bak\u0131\u015f LORENZO FUSARO <\/p>\n","protected":false},"excerpt":{"rendered":"<p>\u201cUluslararas\u0131 Politik Ekonomi (UPE) Uluslararas\u0131 \u0130li\u015fkiler (U\u0130) disiplininin bir alt kolu olarak 1970&#8217;li y\u0131llarda geli\u015fmi\u015ftir. UPE Uluslararas\u0131 ili\u015fkilerin siyasal sorunlar\u0131na odaklanan U\u0130 disiplinine ekonomik bir boyut<span class=\"excerpt-hellip\"> [\u2026]<\/span><\/p>\n","protected":false},"featured_media":0,"template":"","meta":{"_monsterinsights_skip_tracking":false,"_monsterinsights_sitenote_active":false,"_monsterinsights_sitenote_note":"","_monsterinsights_sitenote_category":0},"product_brand":[],"product_cat":[14841,13043],"product_tag":[],"class_list":{"0":"post-732485","1":"product","2":"type-product","3":"status-publish","5":"product_cat-arastirma-inceleme-kuram","6":"product_cat-ekonomi","7":"pa_cilt-ciltsiz","8":"pa_tur-kitap","9":"pa_yayinevi-nika-yayinevi","10":"pa_yazar-kolektif","12":"first","13":"instock","14":"sale","15":"shipping-taxable","16":"purchasable","17":"product-type-simple"},"_links":{"self":[{"href":"https:\/\/roveyayinevi.com.tr\/index.php\/wp-json\/wp\/v2\/product\/732485","targetHints":{"allow":["GET"]}}],"collection":[{"href":"https:\/\/roveyayinevi.com.tr\/index.php\/wp-json\/wp\/v2\/product"}],"about":[{"href":"https:\/\/roveyayinevi.com.tr\/index.php\/wp-json\/wp\/v2\/types\/product"}],"wp:attachment":[{"href":"https:\/\/roveyayinevi.com.tr\/index.php\/wp-json\/wp\/v2\/media?parent=732485"}],"wp:term":[{"taxonomy":"product_brand","embeddable":true,"href":"https:\/\/roveyayinevi.com.tr\/index.php\/wp-json\/wp\/v2\/product_brand?post=732485"},{"taxonomy":"product_cat","embeddable":true,"href":"https:\/\/roveyayinevi.com.tr\/index.php\/wp-json\/wp\/v2\/product_cat?post=732485"},{"taxonomy":"product_tag","embeddable":true,"href":"https:\/\/roveyayinevi.com.tr\/index.php\/wp-json\/wp\/v2\/product_tag?post=732485"}],"curies":[{"name":"wp","href":"https:\/\/api.w.org\/{rel}","templated":true}]}}