{"id":732484,"date":"2025-08-27T21:51:47","date_gmt":"2025-08-27T18:51:47","guid":{"rendered":"https:\/\/roveyayinevi.com.tr\/index.php\/urun\/meme-kanseri-bencildir\/"},"modified":"2026-04-16T02:40:20","modified_gmt":"2026-04-15T23:40:20","slug":"meme-kanseri-bencildir","status":"publish","type":"product","link":"https:\/\/roveyayinevi.com.tr\/index.php\/urun\/meme-kanseri-bencildir\/","title":{"rendered":"Meme Kanseri Bencildir"},"content":{"rendered":"<p>Her sekiz kad\u0131ndan biri meme kanserine yakalan\u0131yor. Yaln\u0131zca kad\u0131n olmak bu hastal\u0131\u011fa yakalanmak i\u00e7in yeterli bir sebep. B\u00f6ylesine yayg\u0131n ve ac\u0131mas\u0131z olan meme kanseri elbette ba\u015fa \u00e7\u0131k\u0131lamaz de\u011fil. Meme Kanseri Bencildir, meme kanserinin b\u00fct\u00fcn zorluklar\u0131na g\u00f6\u011f\u00fcs geren bir kad\u0131n\u0131n deneyimlerini aktar\u0131yor.   Meme kanseriyle ba\u015fa \u00e7\u0131kmak isteyenler ne yaz\u0131k ki kaynaklar\u0131n yetersizli\u011finden dolay\u0131 hayal k\u0131r\u0131kl\u0131\u011f\u0131 ya\u015f\u0131yor. Kendisi de bu hayal k\u0131r\u0131kl\u0131\u011f\u0131n\u0131 ya\u015fayan Akademisyen N\u00fcket Bilgen, meme kanseri alan\u0131ndaki b\u00fcy\u00fck bir bo\u015flu\u011fu doldurmak i\u00e7in kollar\u0131 s\u0131v\u0131yor. Yazar\u0131n i\u00e7tenlikle payla\u015ft\u0131\u011f\u0131 tecr\u00fcbeler, meme kanserine yakalanan veya yakalanmas\u0131 muhtemel ki\u015filer i\u00e7in yaz\u0131lm\u0131\u015f bir rehber niteli\u011finde.   Meme kanserinin sebep oldu\u011fu zorluklar, hastan\u0131n benli\u011fini saran kayg\u0131lar ve hastal\u0131k sonras\u0131 uyum s\u00fcreci\u2026 Meme kanseri hakk\u0131ndaki derledi\u011fi bilgilerle kendi ya\u015fanm\u0131\u015fl\u0131klar\u0131n\u0131 harmanlayan yazar, meme kanseri a\u015famalar\u0131n\u0131 bir cam berrakl\u0131\u011f\u0131yla okura sunuyor. Meme Kanseri Bencildir; \u00f6\u011fretici, yol g\u00f6sterici ve bir o kadar da a\u00e7\u0131klay\u0131c\u0131.   <\/p>\n","protected":false},"excerpt":{"rendered":"<p>Her sekiz kad\u0131ndan biri meme kanserine yakalan\u0131yor. Yaln\u0131zca kad\u0131n olmak bu hastal\u0131\u011fa yakalanmak i\u00e7in yeterli bir sebep. B\u00f6ylesine yayg\u0131n ve ac\u0131mas\u0131z olan meme kanseri elbette ba\u015fa<span class=\"excerpt-hellip\"> [\u2026]<\/span><\/p>\n","protected":false},"featured_media":0,"template":"","meta":{"_monsterinsights_skip_tracking":false,"_monsterinsights_sitenote_active":false,"_monsterinsights_sitenote_note":"","_monsterinsights_sitenote_category":0},"product_brand":[],"product_cat":[16965,13365],"product_tag":[],"class_list":{"0":"post-732484","1":"product","2":"type-product","3":"status-publish","5":"product_cat-genel-saglik-kitaplari","6":"product_cat-saglik","7":"pa_cilt-ciltsiz","8":"pa_tur-kitap","9":"pa_yayinevi-yeni-insan-yayinlari","10":"pa_yazar-nuket-bilgen","12":"first","13":"instock","14":"sale","15":"shipping-taxable","16":"purchasable","17":"product-type-simple"},"_links":{"self":[{"href":"https:\/\/roveyayinevi.com.tr\/index.php\/wp-json\/wp\/v2\/product\/732484","targetHints":{"allow":["GET"]}}],"collection":[{"href":"https:\/\/roveyayinevi.com.tr\/index.php\/wp-json\/wp\/v2\/product"}],"about":[{"href":"https:\/\/roveyayinevi.com.tr\/index.php\/wp-json\/wp\/v2\/types\/product"}],"wp:attachment":[{"href":"https:\/\/roveyayinevi.com.tr\/index.php\/wp-json\/wp\/v2\/media?parent=732484"}],"wp:term":[{"taxonomy":"product_brand","embeddable":true,"href":"https:\/\/roveyayinevi.com.tr\/index.php\/wp-json\/wp\/v2\/product_brand?post=732484"},{"taxonomy":"product_cat","embeddable":true,"href":"https:\/\/roveyayinevi.com.tr\/index.php\/wp-json\/wp\/v2\/product_cat?post=732484"},{"taxonomy":"product_tag","embeddable":true,"href":"https:\/\/roveyayinevi.com.tr\/index.php\/wp-json\/wp\/v2\/product_tag?post=732484"}],"curies":[{"name":"wp","href":"https:\/\/api.w.org\/{rel}","templated":true}]}}