{"id":732483,"date":"2025-08-27T21:51:46","date_gmt":"2025-08-27T18:51:46","guid":{"rendered":"https:\/\/roveyayinevi.com.tr\/index.php\/urun\/osman-zeki-ozturanlinin-tiyatrolari\/"},"modified":"2026-04-16T02:40:20","modified_gmt":"2026-04-15T23:40:20","slug":"osman-zeki-ozturanlinin-tiyatrolari","status":"publish","type":"product","link":"https:\/\/roveyayinevi.com.tr\/index.php\/urun\/osman-zeki-ozturanlinin-tiyatrolari\/","title":{"rendered":"Osman Zeki \u00d6zturanl\u0131\u2019n\u0131n Tiyatrolar\u0131"},"content":{"rendered":"<p>Kaynaklarda hik\u00e2yeci \u00f6zelli\u011finin yan\u0131 s\u0131ra yaln\u0131zca bir tiyatro eserinden bahsedilen Osman Zeki \u00d6zturanl\u0131, hik\u00e2yeleri kadar tiyatro eserleri ile de ad\u0131ndan s\u00f6z ettirecek bir yazard\u0131r. Bu \u00e7al\u0131\u015fma1926-1982 y\u0131llar\u0131 aras\u0131nda ya\u015fam\u0131\u015f ve elli alt\u0131 y\u0131ll\u0131kn\u00f6mr\u00fcne hik\u00e2ye, tiyatro ve \u015fiir t\u00fcr\u00fcnde yazd\u0131\u011f\u0131 eserleri s\u0131\u011fd\u0131rm\u0131\u015f bir yazar olan \u00d6zturanl\u0131\u2019n\u0131n tiyatrolar\u0131n\u0131 konu almaktad\u0131r. Yazar\u0131n &#8220;Batak G\u00f6l\u201d, &#8220;Evlat\u00e7\u0131klar\u201d, &#8220;Pa\u015fan\u0131n \u00c7iftli\u011fi\u201d, &#8220;\u0130kramiye\u201d ad\u0131n\u0131 ta\u015f\u0131yan d\u00f6rt tiyatro eseri ile T\u00fcrk Dili Dergisi\u2019nde yay\u0131mlanm\u0131\u015f olan &#8220;\u00c7i\u00e7ek De\u011fil, Ekmek&#8230;\u201d adl\u0131 k\u0131sa bir televizyon oyunu bulunmaktad\u0131r. \u00c7al\u0131\u015fmada ilk olarak \u00d6zturanl\u0131\u2019n\u0131n hayat\u0131, eserleri ve edeb\u00ee ki\u015fili\u011fi \u00fczerinde durulmu\u015ftur. Tiyatrolar\u0131n\u0131n konular\u0131na de\u011finildikten sonra eserler yap\u0131 unsurlar\u0131, sahneleme tekni\u011fi, tema, dil ve anlat\u0131m \u00f6zellikleri a\u00e7\u0131s\u0131ndan incelemeye tabi tutulmu\u015ftur. Gerek kurgusu gerekse ele ald\u0131\u011f\u0131 konular ve yazar\u0131n \u00fcst\u00fcn g\u00f6zlem yetene\u011fini g\u00f6zler \u00f6n\u00fcne seren metinler olmas\u0131 a\u00e7\u0131s\u0131ndan Osman Zeki \u00d6zturanl\u0131\u2019n\u0131n tiyatrolar\u0131, T\u00fcrk tiyatro tarihimiz i\u00e7in bir devrin ruhunu sezdiren ve Cumhuriyet d\u00f6nemi T\u00fcrk edebiyat\u0131 i\u00e7erisinde ayr\u0131 bir \u00f6neme sahip metinler olarak de\u011ferlendirilmelidir. Sonraki d\u00f6nemlerde edebiyat tarihleri i\u00e7erisinde yer alacak olan bu eserlerde \u00e7evresine, insana ve olaylara ince bir dikkatle yakla\u015fan, k\u00f6y ve kasabalarda ya\u015fayan insanlar\u0131n duygular\u0131na terc\u00fcman olan hassas bir ayd\u0131n\u0131n dikkati sezilmektedir. Kayna\u011f\u0131n\u0131 insan sevgisi ve \u015fefkatinden alan bu metinler insano\u011flu ve ona ait problemler var olduk\u00e7a de\u011ferinden bir \u015fey kaybetmeksizin okunmaya ve anla\u015f\u0131lmaya devam edecektir.<\/p>\n","protected":false},"excerpt":{"rendered":"<p>Kaynaklarda hik\u00e2yeci \u00f6zelli\u011finin yan\u0131 s\u0131ra yaln\u0131zca bir tiyatro eserinden bahsedilen Osman Zeki \u00d6zturanl\u0131, hik\u00e2yeleri kadar tiyatro eserleri ile de ad\u0131ndan s\u00f6z ettirecek bir yazard\u0131r. Bu \u00e7al\u0131\u015fma1926-1982<span class=\"excerpt-hellip\"> [\u2026]<\/span><\/p>\n","protected":false},"featured_media":0,"template":"","meta":{"_monsterinsights_skip_tracking":false,"_monsterinsights_sitenote_active":false,"_monsterinsights_sitenote_note":"","_monsterinsights_sitenote_category":0},"product_brand":[],"product_cat":[14009,12291],"product_tag":[],"class_list":{"0":"post-732483","1":"product","2":"type-product","3":"status-publish","5":"product_cat-biyografi-otobiyografi-edebiyat","6":"product_cat-edebiyat","7":"pa_cilt-ciltsiz","8":"pa_tur-kitap","9":"pa_yayinevi-ilbilge-yayincilik","10":"pa_yazar-oznur-ozdarici","12":"first","13":"instock","14":"sale","15":"shipping-taxable","16":"purchasable","17":"product-type-simple"},"_links":{"self":[{"href":"https:\/\/roveyayinevi.com.tr\/index.php\/wp-json\/wp\/v2\/product\/732483","targetHints":{"allow":["GET"]}}],"collection":[{"href":"https:\/\/roveyayinevi.com.tr\/index.php\/wp-json\/wp\/v2\/product"}],"about":[{"href":"https:\/\/roveyayinevi.com.tr\/index.php\/wp-json\/wp\/v2\/types\/product"}],"wp:attachment":[{"href":"https:\/\/roveyayinevi.com.tr\/index.php\/wp-json\/wp\/v2\/media?parent=732483"}],"wp:term":[{"taxonomy":"product_brand","embeddable":true,"href":"https:\/\/roveyayinevi.com.tr\/index.php\/wp-json\/wp\/v2\/product_brand?post=732483"},{"taxonomy":"product_cat","embeddable":true,"href":"https:\/\/roveyayinevi.com.tr\/index.php\/wp-json\/wp\/v2\/product_cat?post=732483"},{"taxonomy":"product_tag","embeddable":true,"href":"https:\/\/roveyayinevi.com.tr\/index.php\/wp-json\/wp\/v2\/product_tag?post=732483"}],"curies":[{"name":"wp","href":"https:\/\/api.w.org\/{rel}","templated":true}]}}