{"id":732482,"date":"2025-08-27T21:51:45","date_gmt":"2025-08-27T18:51:45","guid":{"rendered":"https:\/\/roveyayinevi.com.tr\/index.php\/urun\/peyami-safa-60-yil-hatirasi\/"},"modified":"2026-04-16T02:40:20","modified_gmt":"2026-04-15T23:40:20","slug":"peyami-safa-60-yil-hatirasi","status":"publish","type":"product","link":"https:\/\/roveyayinevi.com.tr\/index.php\/urun\/peyami-safa-60-yil-hatirasi\/","title":{"rendered":"Peyami Safa 60. Y\u0131l Hat\u0131ras\u0131"},"content":{"rendered":"<p>Peyami Safa[1899-1961] T\u00fcrk k\u00fclt\u00fcr ve edebiyat hayat\u0131nda zaman\u0131n\u0131 a\u015farak iz b\u0131rakmay\u0131 ba\u015farabilmi\u015f nadir yazarlar\u0131m\u0131zdand\u0131r. Peyami Safa ya\u015fam tarz\u0131, meseleleri bak\u0131\u015f a\u00e7\u0131s\u0131, disiplinler aras\u0131 bilginin ve hikmetin(tecess\u00fcs) pe\u015finde ko\u015fmas\u0131 gibi y\u00f6nleriyle fark yaratm\u0131\u015ft\u0131r. Onu de\u011ferli k\u0131lan en \u00f6nemli \u00f6zelliklerinden biri de ya\u015fam\u0131 boyunca ara\u015ft\u0131rmaya ve \u00f6\u011frenmeye olan merak\u0131d\u0131r. Peyami Safa kendi ilminin hocas\u0131d\u0131r(otodidakt). Onun s\u00fcrekli ara\u015ft\u0131rmaya ve \u00f6\u011frenmeye olan merak\u0131 ve talebe ruhu ger\u00e7ekten takdire \u015fayand\u0131r. Peyami Safa\u2019n\u0131n iki ya\u015f\u0131nda yetim kalmas\u0131, \u00e7ocuklu\u011funda ciddi sa\u011fl\u0131k sorunlar\u0131 ya\u015famas\u0131, s\u00fcrekli ge\u00e7im s\u0131k\u0131nt\u0131s\u0131 i\u00e7erisinde olmas\u0131 onu hayata tutunmaya ve erken ya\u015flarda kendi hayat\u0131na kazanmaya mecbur k\u0131lm\u0131\u015ft\u0131r. Hayat\u0131n\u0131 kazanabilmek i\u00e7in en b\u00fcy\u00fck silah\u0131 ise kalemidir. \u0130\u015f hayat\u0131na gazetecilikle ba\u015flayan Peyami Safa daha sonra edebiyat\u0131n hemen her t\u00fcr\u00fcnde eserler kaleme alan iyi bir edip, memleket meselelerine duyarl\u0131 bir fikir ve fiiliyat adam\u0131 olarak kar\u015f\u0131m\u0131za \u00e7\u0131kmaktad\u0131r. Bu ba\u011flamda Peyami Safa hem -\u00f6zellikle T\u00fcrk \u0130nk\u0131lab\u0131\u2019na Bak\u0131\u015flar gibi \u00e7er\u00e7evesi \u00e7ok iyi \u00e7izilmi\u015f telif bir eserle- T\u00fcrkiye Cumhuriyeti\u2019nin Kurulu\u015f felsefesini \u00e7ok iyi anlayacak kadar b\u00fcy\u00fck bir fikir adam\u0131 hem de ad\u0131n\u0131 tarihe alt\u0131n harflerle yazd\u0131racak kadar \u00f6lmez eserler vermi\u015f son derece yarat\u0131c\u0131 ve \u00fcretken bir ediptir. Onun eserleri \u00f6zellikle b\u00fcy\u00fck \u2018bir medeniyet krizi\u2019 ya\u015fayan Cumhuriyet T\u00fcrkiye\u2019si i\u00e7in \u00e2deta bir ruh terapisi, bireye ve topluma tutulan bir ayna gibidir. Eserlerinde meselelere vukufiyeti kadar insan ruhuna olan temaslar\u0131 ve sanki b\u00fcy\u00fck bir psikolog veya psikiyatr gibi derinlemesine yapt\u0131\u011f\u0131 tahliller bize sanat\u00e7\u0131n\u0131n ve sanat eserinin ulvili\u011fini bir kez daha en g\u00fc\u00e7l\u00fc bir \u015fekilde ihsas ettirmektedir. Tabii de\u011ferler e\u011fitimi y\u00f6n\u00fcyle de T\u00fcrk-\u0130slam de\u011ferlerine olan sayg\u0131s\u0131 ve ilgisi ile devlet-i ebed-m\u00fcddet inanc\u0131n\u0131 da onun eserlerinde en derinden g\u00f6zlemlemek m\u00fcmk\u00fcnd\u00fcr. Bu eserin amac\u0131 T\u00fcrk fikir ve sanat hayat\u0131na b\u00fcy\u00fck hizmetler etmi\u015f Peyami Safa\u2019y\u0131 vefat\u0131n\u0131n 60. y\u0131l\u0131nda geni\u015f bir kat\u0131l\u0131mla, disiplinler aras\u0131 bir yakla\u015f\u0131mla bir kez daha anlamaya \u00e7al\u0131\u015fmak ve aziz hat\u0131ralar\u0131 olan eserlerine bir kez daha gen\u00e7 nesillerin dikkatini \u00e7ekmektir. <\/p>\n","protected":false},"excerpt":{"rendered":"<p>Peyami Safa[1899-1961] T\u00fcrk k\u00fclt\u00fcr ve edebiyat hayat\u0131nda zaman\u0131n\u0131 a\u015farak iz b\u0131rakmay\u0131 ba\u015farabilmi\u015f nadir yazarlar\u0131m\u0131zdand\u0131r. Peyami Safa ya\u015fam tarz\u0131, meseleleri bak\u0131\u015f a\u00e7\u0131s\u0131, disiplinler aras\u0131 bilginin ve hikmetin(tecess\u00fcs)<span class=\"excerpt-hellip\"> [\u2026]<\/span><\/p>\n","protected":false},"featured_media":0,"template":"","meta":{"_monsterinsights_skip_tracking":false,"_monsterinsights_sitenote_active":false,"_monsterinsights_sitenote_note":"","_monsterinsights_sitenote_category":0},"product_brand":[],"product_cat":[14009,12291],"product_tag":[],"class_list":{"0":"post-732482","1":"product","2":"type-product","3":"status-publish","5":"product_cat-biyografi-otobiyografi-edebiyat","6":"product_cat-edebiyat","7":"pa_cilt-ciltsiz","8":"pa_tur-kitap","9":"pa_yayinevi-ilbilge-yayincilik","10":"pa_yazar-cengiz-karatas","12":"first","13":"instock","14":"sale","15":"shipping-taxable","16":"purchasable","17":"product-type-simple"},"_links":{"self":[{"href":"https:\/\/roveyayinevi.com.tr\/index.php\/wp-json\/wp\/v2\/product\/732482","targetHints":{"allow":["GET"]}}],"collection":[{"href":"https:\/\/roveyayinevi.com.tr\/index.php\/wp-json\/wp\/v2\/product"}],"about":[{"href":"https:\/\/roveyayinevi.com.tr\/index.php\/wp-json\/wp\/v2\/types\/product"}],"wp:attachment":[{"href":"https:\/\/roveyayinevi.com.tr\/index.php\/wp-json\/wp\/v2\/media?parent=732482"}],"wp:term":[{"taxonomy":"product_brand","embeddable":true,"href":"https:\/\/roveyayinevi.com.tr\/index.php\/wp-json\/wp\/v2\/product_brand?post=732482"},{"taxonomy":"product_cat","embeddable":true,"href":"https:\/\/roveyayinevi.com.tr\/index.php\/wp-json\/wp\/v2\/product_cat?post=732482"},{"taxonomy":"product_tag","embeddable":true,"href":"https:\/\/roveyayinevi.com.tr\/index.php\/wp-json\/wp\/v2\/product_tag?post=732482"}],"curies":[{"name":"wp","href":"https:\/\/api.w.org\/{rel}","templated":true}]}}