{"id":732481,"date":"2025-08-27T21:51:44","date_gmt":"2025-08-27T18:51:44","guid":{"rendered":"https:\/\/roveyayinevi.com.tr\/index.php\/urun\/durunun-dunyasi\/"},"modified":"2026-04-16T02:40:20","modified_gmt":"2026-04-15T23:40:20","slug":"durunun-dunyasi","status":"publish","type":"product","link":"https:\/\/roveyayinevi.com.tr\/index.php\/urun\/durunun-dunyasi\/","title":{"rendered":"Duru&#8217;nun D\u00fcnyas\u0131"},"content":{"rendered":"<p>Benim ad\u0131m Duru. Ortaokulda okuyan bir k\u0131z\u0131m. 4. s\u0131n\u0131ftan 5. s\u0131n\u0131fa yeni ge\u00e7tim. Asl\u0131nda birinci s\u0131n\u0131fta olmay\u0131 \u00e7ok isterdim. \u0130lkokul hayat\u0131mla ortaokulu kar\u015f\u0131la\u015ft\u0131rmak istiyorum. 1-Dersler \u00e7ok daha zorla\u015f\u0131r. 2-T\u00fcm derslere bir \u00f6\u011fretmen de\u011fil her dersin bir \u00f6\u011fretmeni olur. 3-Her \u015fey karma\u015f\u0131kla\u015f\u0131r. 4-S\u0131navlar\u0131n say\u0131s\u0131 artar. 5-\u0130lkokul \u00e7ok daha e\u011flencelidir. 6-\u0130lkokulda \u00e7ok rahat\u00e7a uyuyabilirken ortaokulda uyumakta zorlan\u0131r\u0131z. 7-Ailenle gezerken biraz olsun utan\u0131rs\u0131n. 8-G\u00fczelli\u011fini biraz daha \u00e7ok \u00f6nemsersin. 9-K\u00fc\u00e7\u00fckl\u00fc\u011f\u00fcn\u00fc \u00f6zlemeye ba\u015flars\u0131n. <\/p>\n","protected":false},"excerpt":{"rendered":"<p>Benim ad\u0131m Duru. Ortaokulda okuyan bir k\u0131z\u0131m. 4. s\u0131n\u0131ftan 5. s\u0131n\u0131fa yeni ge\u00e7tim. Asl\u0131nda birinci s\u0131n\u0131fta olmay\u0131 \u00e7ok isterdim. \u0130lkokul hayat\u0131mla ortaokulu kar\u015f\u0131la\u015ft\u0131rmak istiyorum. 1-Dersler \u00e7ok<span class=\"excerpt-hellip\"> [\u2026]<\/span><\/p>\n","protected":false},"featured_media":0,"template":"","meta":{"_monsterinsights_skip_tracking":false,"_monsterinsights_sitenote_active":false,"_monsterinsights_sitenote_note":"","_monsterinsights_sitenote_category":0},"product_brand":[],"product_cat":[12275,12274],"product_tag":[],"class_list":{"0":"post-732481","1":"product","2":"type-product","3":"status-publish","5":"product_cat-6-12-yas-kitaplari","6":"product_cat-cocuk-ve-genclik-kitaplari","7":"pa_cilt-ciltsiz","8":"pa_tur-kitap","9":"pa_yayinevi-gulnar-yayinlari","10":"pa_yazar-duru-aydogan","12":"first","13":"instock","14":"sale","15":"shipping-taxable","16":"purchasable","17":"product-type-simple"},"_links":{"self":[{"href":"https:\/\/roveyayinevi.com.tr\/index.php\/wp-json\/wp\/v2\/product\/732481","targetHints":{"allow":["GET"]}}],"collection":[{"href":"https:\/\/roveyayinevi.com.tr\/index.php\/wp-json\/wp\/v2\/product"}],"about":[{"href":"https:\/\/roveyayinevi.com.tr\/index.php\/wp-json\/wp\/v2\/types\/product"}],"wp:attachment":[{"href":"https:\/\/roveyayinevi.com.tr\/index.php\/wp-json\/wp\/v2\/media?parent=732481"}],"wp:term":[{"taxonomy":"product_brand","embeddable":true,"href":"https:\/\/roveyayinevi.com.tr\/index.php\/wp-json\/wp\/v2\/product_brand?post=732481"},{"taxonomy":"product_cat","embeddable":true,"href":"https:\/\/roveyayinevi.com.tr\/index.php\/wp-json\/wp\/v2\/product_cat?post=732481"},{"taxonomy":"product_tag","embeddable":true,"href":"https:\/\/roveyayinevi.com.tr\/index.php\/wp-json\/wp\/v2\/product_tag?post=732481"}],"curies":[{"name":"wp","href":"https:\/\/api.w.org\/{rel}","templated":true}]}}