{"id":732478,"date":"2025-08-27T21:51:41","date_gmt":"2025-08-27T18:51:41","guid":{"rendered":"https:\/\/roveyayinevi.com.tr\/index.php\/urun\/kuyucakli-yusuf-23\/"},"modified":"2026-04-16T02:40:20","modified_gmt":"2026-04-15T23:40:20","slug":"kuyucakli-yusuf-23","status":"publish","type":"product","link":"https:\/\/roveyayinevi.com.tr\/index.php\/urun\/kuyucakli-yusuf-23\/","title":{"rendered":"Kuyucakl\u0131 Yusuf"},"content":{"rendered":"<p>Kuyucakl\u0131 Yusuf, Sabahattin Ali\u2019nin 1937 y\u0131l\u0131nda yay\u0131mlanan ilk roman\u0131d\u0131r. T\u00fcrk edebiyat\u0131n\u0131n en romantik kahraman\u0131 olarak an\u0131lan Kuyucakl\u0131 Yusuf, ayn\u0131 zamanda yi\u011fit ve s\u00f6z\u00fcn\u00fc sak\u0131nmayan bir kahramand\u0131r ve bu \u00f6zelliklerinden dolay\u0131 pek \u00e7ok sorun ya\u015fasa da her seferinde bir \u015fekilde kendini kurtarmakta ve hayat\u0131na devam etmektedir.   Yaln\u0131zl\u0131\u011f\u0131 kendisine yolda\u015f edinen Yusuf\u2019un safl\u0131\u011f\u0131na, temizli\u011fine, suskun ama derin hallerine kendimizi kapt\u0131raca\u011f\u0131m\u0131z bir eserlerle kar\u015f\u0131 kar\u015f\u0131yay\u0131z. Eser, hem ak\u0131c\u0131l\u0131\u011f\u0131 hem betimlemeleri hem de kurgusuyla d\u00f6nemimize kadar kal\u0131c\u0131l\u0131\u011f\u0131n\u0131 kaybetmeyen efsaneler aras\u0131nda hakl\u0131 yerini alm\u0131\u015ft\u0131r. <\/p>\n","protected":false},"excerpt":{"rendered":"<p>Kuyucakl\u0131 Yusuf, Sabahattin Ali\u2019nin 1937 y\u0131l\u0131nda yay\u0131mlanan ilk roman\u0131d\u0131r. T\u00fcrk edebiyat\u0131n\u0131n en romantik kahraman\u0131 olarak an\u0131lan Kuyucakl\u0131 Yusuf, ayn\u0131 zamanda yi\u011fit ve s\u00f6z\u00fcn\u00fc sak\u0131nmayan bir kahramand\u0131r<span class=\"excerpt-hellip\"> [\u2026]<\/span><\/p>\n","protected":false},"featured_media":0,"template":"","meta":{"_monsterinsights_skip_tracking":false,"_monsterinsights_sitenote_active":false,"_monsterinsights_sitenote_note":"","_monsterinsights_sitenote_category":0},"product_brand":[],"product_cat":[12291,12711],"product_tag":[],"class_list":{"0":"post-732478","1":"product","2":"type-product","3":"status-publish","5":"product_cat-edebiyat","6":"product_cat-roman-oyku","7":"pa_cilt-ciltsiz","8":"pa_tur-kitap","9":"pa_yayinevi-sifir6-yayinevi","10":"pa_yazar-sabahattin-ali","12":"first","13":"instock","14":"sale","15":"shipping-taxable","16":"purchasable","17":"product-type-simple"},"_links":{"self":[{"href":"https:\/\/roveyayinevi.com.tr\/index.php\/wp-json\/wp\/v2\/product\/732478","targetHints":{"allow":["GET"]}}],"collection":[{"href":"https:\/\/roveyayinevi.com.tr\/index.php\/wp-json\/wp\/v2\/product"}],"about":[{"href":"https:\/\/roveyayinevi.com.tr\/index.php\/wp-json\/wp\/v2\/types\/product"}],"wp:attachment":[{"href":"https:\/\/roveyayinevi.com.tr\/index.php\/wp-json\/wp\/v2\/media?parent=732478"}],"wp:term":[{"taxonomy":"product_brand","embeddable":true,"href":"https:\/\/roveyayinevi.com.tr\/index.php\/wp-json\/wp\/v2\/product_brand?post=732478"},{"taxonomy":"product_cat","embeddable":true,"href":"https:\/\/roveyayinevi.com.tr\/index.php\/wp-json\/wp\/v2\/product_cat?post=732478"},{"taxonomy":"product_tag","embeddable":true,"href":"https:\/\/roveyayinevi.com.tr\/index.php\/wp-json\/wp\/v2\/product_tag?post=732478"}],"curies":[{"name":"wp","href":"https:\/\/api.w.org\/{rel}","templated":true}]}}