{"id":732477,"date":"2025-08-27T21:51:40","date_gmt":"2025-08-27T18:51:40","guid":{"rendered":"https:\/\/roveyayinevi.com.tr\/index.php\/urun\/yeni-despotizm\/"},"modified":"2026-04-16T02:40:20","modified_gmt":"2026-04-15T23:40:20","slug":"yeni-despotizm","status":"publish","type":"product","link":"https:\/\/roveyayinevi.com.tr\/index.php\/urun\/yeni-despotizm\/","title":{"rendered":"Yeni Despotizm"},"content":{"rendered":"<p>\u201cYeni despotizm, eski d\u00f6nemlerdeki gibi kodamanlar\u0131n, purosunu tu\u0308ttu\u0308renlerin plu\u0308tokrasisi de\u011fildir. Bu despotizmi kaleler gibi, \u015fiddetin ac\u0131mas\u0131zca uygulanmas\u0131 gibi, insanlar\u0131 basit birer \u00e7ark di\u015flisine d\u00f6nu\u0308\u015ftu\u0308ren devasa montaj hatlar\u0131 gibi imgelerle anlamak ya da halu\u0308sinasyon g\u00f6rdu\u0308ren hazlarla, bas\u0131n\u0131n tamamen kontrol alt\u0131na al\u0131nmas\u0131yla ya da din kaynakl\u0131 kad\u0131n du\u0308\u015fmanl\u0131\u011f\u0131 ile uyu\u015fturulup boyun e\u011fmeye raz\u0131 edilmi\u015f tebaalar u\u0308zerinden du\u0308\u015fu\u0308nmek mu\u0308mku\u0308n de\u011fildir.\u201dHukuk, demokrasi, yarg\u0131, medya, iktidar, muhalefet, rejim\u2026 Bu\u0308tu\u0308n bu kavramlar\u0131n \u201cbildi\u011fimiz\u201d anlamlar\u0131yla toplumsal geli\u015fmeler aras\u0131ndaki makas a\u00e7\u0131l\u0131yor. Demokratik usullerde ve prensiplerde \u0131srar eden kesimler, toplumsal normlar\u0131n d\u00f6nu\u0308\u015fu\u0308mu\u0308nu\u0308 anlamakla normlar\u0131 k\u00f6klu\u0308 d\u00f6nu\u0308\u015fu\u0308mlerle sarsan iktidar bi\u00e7imleriyle mu\u0308cadeleyi birlikte yu\u0308ru\u0308tme \u00e7abas\u0131 i\u00e7inde.John Keane Yeni Despotizm\u2019de bu ikili mu\u0308cadeleyi verebilmenin ko\u015fulunun gu\u0308nu\u0308mu\u0308zdeki rejimlerin ve tahakku\u0308m bi\u00e7imlerinin i\u015fleyi\u015fini, kapasitesini ve mant\u0131\u011f\u0131n\u0131 anlamaktan ge\u00e7ti\u011fini \u00f6ne su\u0308ru\u0308yor. Keane, yeni despotizmin otoriterlik, totalitarizm, fa\u015fizm ve g\u00f6nu\u0308llu\u0308 kulluk gibi kavramlara s\u0131\u011fmayan, \u201cyedi\u011fi \u015foklar\u0131n ard\u0131ndan h\u0131zla kendini toparlayabilecek kabiliyette bir h\u00e2kimiyet\u201d tu\u0308ru\u0308 oldu\u011funu, bugu\u0308n \u201cdemokrasi\u201d s\u0131n\u0131f\u0131nda an\u0131lan rejimlere s\u0131zma kabiliyetiyle sahneyi kendili\u011finden terk etmesinin de mu\u0308mku\u0308n olmad\u0131\u011f\u0131n\u0131 hat\u0131rlat\u0131yor. Kitap bu y\u00f6nu\u0308yle, direni\u015f bi\u00e7imleri u\u0308zerine yeniden du\u0308\u015fu\u0308nmeye de bir \u00e7a\u011fr\u0131 niteli\u011fi ta\u015f\u0131yor.<\/p>\n","protected":false},"excerpt":{"rendered":"<p>\u201cYeni despotizm, eski d\u00f6nemlerdeki gibi kodamanlar\u0131n, purosunu tu\u0308ttu\u0308renlerin plu\u0308tokrasisi de\u011fildir. Bu despotizmi kaleler gibi, \u015fiddetin ac\u0131mas\u0131zca uygulanmas\u0131 gibi, insanlar\u0131 basit birer \u00e7ark di\u015flisine d\u00f6nu\u0308\u015ftu\u0308ren devasa montaj<span class=\"excerpt-hellip\"> [\u2026]<\/span><\/p>\n","protected":false},"featured_media":0,"template":"","meta":{"_monsterinsights_skip_tracking":false,"_monsterinsights_sitenote_active":false,"_monsterinsights_sitenote_note":"","_monsterinsights_sitenote_category":0},"product_brand":[],"product_cat":[13590,12337],"product_tag":[],"class_list":{"0":"post-732477","1":"product","2":"type-product","3":"status-publish","5":"product_cat-arastirma-inceleme-politika-siyaset","6":"product_cat-politika-siyaset","7":"pa_cilt-ciltsiz","8":"pa_tur-kitap","9":"pa_yayinevi-iletisim-yayinlari","10":"pa_yazar-john-keane","12":"first","13":"instock","14":"sale","15":"shipping-taxable","16":"purchasable","17":"product-type-simple"},"_links":{"self":[{"href":"https:\/\/roveyayinevi.com.tr\/index.php\/wp-json\/wp\/v2\/product\/732477","targetHints":{"allow":["GET"]}}],"collection":[{"href":"https:\/\/roveyayinevi.com.tr\/index.php\/wp-json\/wp\/v2\/product"}],"about":[{"href":"https:\/\/roveyayinevi.com.tr\/index.php\/wp-json\/wp\/v2\/types\/product"}],"wp:attachment":[{"href":"https:\/\/roveyayinevi.com.tr\/index.php\/wp-json\/wp\/v2\/media?parent=732477"}],"wp:term":[{"taxonomy":"product_brand","embeddable":true,"href":"https:\/\/roveyayinevi.com.tr\/index.php\/wp-json\/wp\/v2\/product_brand?post=732477"},{"taxonomy":"product_cat","embeddable":true,"href":"https:\/\/roveyayinevi.com.tr\/index.php\/wp-json\/wp\/v2\/product_cat?post=732477"},{"taxonomy":"product_tag","embeddable":true,"href":"https:\/\/roveyayinevi.com.tr\/index.php\/wp-json\/wp\/v2\/product_tag?post=732477"}],"curies":[{"name":"wp","href":"https:\/\/api.w.org\/{rel}","templated":true}]}}