{"id":732476,"date":"2025-08-27T21:51:39","date_gmt":"2025-08-27T18:51:39","guid":{"rendered":"https:\/\/roveyayinevi.com.tr\/index.php\/urun\/icimizdeki-seytan-21\/"},"modified":"2026-04-16T02:40:20","modified_gmt":"2026-04-15T23:40:20","slug":"icimizdeki-seytan-21","status":"publish","type":"product","link":"https:\/\/roveyayinevi.com.tr\/index.php\/urun\/icimizdeki-seytan-21\/","title":{"rendered":"\u0130\u00e7imizdeki \u015eeytan"},"content":{"rendered":"<p>\u201cHalbuki ne \u015feytan azizim, ne \u015feytan\u0131? Bu bizim gururumuzun, salakl\u0131\u011f\u0131m\u0131z\u0131n uydurmas\u0131\u2026 \u0130\u00e7imizdeki \u015feytan pek de kurnazca olmayan bir ka\u00e7amak yolu\u2026 \u0130\u00e7imizde \u015feytan yok\u2026 \u0130\u00e7imizde acizlik var\u2026\u201d \u0130\u00e7imizdeki \u015eeytan, Sabahattin Ali\u2019nin 1940 y\u0131l\u0131nda yay\u0131mlanm\u0131\u015f ikinci roman\u0131d\u0131r. Her biri farkl\u0131 s\u00f6ylemlerin ta\u015f\u0131y\u0131c\u0131s\u0131 olan kahraman ve karakteriyle, s\u00fcr\u00fckleyici bir roman yap\u0131s\u0131 i\u00e7inde, d\u00f6nemin ayd\u0131n yap\u0131s\u0131na geni\u015f bir bak\u0131\u015f a\u00e7\u0131s\u0131yla yakla\u015fabilmeyi de sa\u011flar. \u0130\u00e7imizdeki \u015eeytan, Sabahattin Ali\u2019nin duygusal ve derin psikolojik tahlilleri ile okuyan\u0131 sa\u011fa sola savurdu\u011fu, i\u00e7imizdeki \u015feytan\u0131 \u2013ya da olmayan \u015feytan\u0131- bize g\u00f6stermesi bak\u0131m\u0131ndan etkileyici bir kitapt\u0131r. Kitab\u0131n b\u00fct\u00fcn\u00fcne bakt\u0131\u011f\u0131m\u0131zda karakterlerin i\u00e7 konu\u015fmalar\u0131, kendileri ile hesapla\u015fmalar\u0131 ve duygular\u0131 \u00e7ok ba\u015far\u0131l\u0131 bir \u015fekilde anlat\u0131lm\u0131\u015ft\u0131r. Toplumsal g\u00fcndemin ki\u015filikler \u00fczerindeki bask\u0131s\u0131n\u0131 ve g\u00fc\u00e7s\u00fcz insan\u0131n kapana k\u0131s\u0131lm\u0131\u015fl\u0131\u011f\u0131n\u0131 anlatan Sabahattin Ali, okurken bizi kendimizle y\u00fczle\u015ftiriyor.<\/p>\n","protected":false},"excerpt":{"rendered":"<p>\u201cHalbuki ne \u015feytan azizim, ne \u015feytan\u0131? Bu bizim gururumuzun, salakl\u0131\u011f\u0131m\u0131z\u0131n uydurmas\u0131\u2026 \u0130\u00e7imizdeki \u015feytan pek de kurnazca olmayan bir ka\u00e7amak yolu\u2026 \u0130\u00e7imizde \u015feytan yok\u2026 \u0130\u00e7imizde acizlik var\u2026\u201d<span class=\"excerpt-hellip\"> [\u2026]<\/span><\/p>\n","protected":false},"featured_media":0,"template":"","meta":{"_monsterinsights_skip_tracking":false,"_monsterinsights_sitenote_active":false,"_monsterinsights_sitenote_note":"","_monsterinsights_sitenote_category":0},"product_brand":[],"product_cat":[12291,12711],"product_tag":[],"class_list":{"0":"post-732476","1":"product","2":"type-product","3":"status-publish","5":"product_cat-edebiyat","6":"product_cat-roman-oyku","7":"pa_cilt-ciltsiz","8":"pa_tur-kitap","9":"pa_yayinevi-sifir6-yayinevi","10":"pa_yazar-sabahattin-ali","12":"first","13":"instock","14":"sale","15":"shipping-taxable","16":"purchasable","17":"product-type-simple"},"_links":{"self":[{"href":"https:\/\/roveyayinevi.com.tr\/index.php\/wp-json\/wp\/v2\/product\/732476","targetHints":{"allow":["GET"]}}],"collection":[{"href":"https:\/\/roveyayinevi.com.tr\/index.php\/wp-json\/wp\/v2\/product"}],"about":[{"href":"https:\/\/roveyayinevi.com.tr\/index.php\/wp-json\/wp\/v2\/types\/product"}],"wp:attachment":[{"href":"https:\/\/roveyayinevi.com.tr\/index.php\/wp-json\/wp\/v2\/media?parent=732476"}],"wp:term":[{"taxonomy":"product_brand","embeddable":true,"href":"https:\/\/roveyayinevi.com.tr\/index.php\/wp-json\/wp\/v2\/product_brand?post=732476"},{"taxonomy":"product_cat","embeddable":true,"href":"https:\/\/roveyayinevi.com.tr\/index.php\/wp-json\/wp\/v2\/product_cat?post=732476"},{"taxonomy":"product_tag","embeddable":true,"href":"https:\/\/roveyayinevi.com.tr\/index.php\/wp-json\/wp\/v2\/product_tag?post=732476"}],"curies":[{"name":"wp","href":"https:\/\/api.w.org\/{rel}","templated":true}]}}