{"id":732474,"date":"2025-08-27T21:51:36","date_gmt":"2025-08-27T18:51:36","guid":{"rendered":"https:\/\/roveyayinevi.com.tr\/index.php\/urun\/bir-avazda\/"},"modified":"2025-12-30T10:42:54","modified_gmt":"2025-12-30T07:42:54","slug":"bir-avazda","status":"publish","type":"product","link":"https:\/\/roveyayinevi.com.tr\/index.php\/urun\/bir-avazda\/","title":{"rendered":"Bir Avazda"},"content":{"rendered":"<p>\u201cToplumun kendisine atfetti\u011fi jandarmal\u0131k g\u00f6revi hamilelikle s\u0131n\u0131rl\u0131 de\u011fil\u2026 tezahu\u0308ru\u0308nu\u0308 \u2018kendisini ideal anne olarak g\u00f6ren birtak\u0131m insanlar\u0131n senin yapt\u0131\u011f\u0131n her \u015feyi sorgulamas\u0131\u2019 \u015feklinde g\u00f6steren \u2018anne fa\u015fizmini\u2019\u2026 de kaps\u0131yor.\u201d\u201cBir bedende iki can ta\u015f\u0131mak\u2026 bedeni ile kendi aras\u0131ndaki ili\u015fkiyi bulan\u0131kla\u015ft\u0131ran, ben ile \u00f6teki aras\u0131ndaki s\u0131n\u0131r\u0131 ihlal eden, vu\u0308cudun ayn\u0131 anda \u2018atmaya ve kabullenmeye\u2019 \u00e7al\u0131\u015ft\u0131\u011f\u0131 bir durumdur.\u201dArus YumulDo\u011fum, do\u011furmak: mucize mi, \u00e7ok \u201cdo\u011fal\u201d ve \u00e7ok s\u0131radan m\u0131? Kad\u0131nlar, \u00f6ncesi ve sonras\u0131 ile do\u011fumu nas\u0131l ya\u015far, nas\u0131l deneyimler? \u201cDo\u011fum \u00f6\u011fretileri\u201d farkl\u0131 toplumsal geleneklerde kad\u0131nlara ne s\u00f6yler, onlara nas\u0131l bir hamilelik hayat\u0131, nas\u0131l bir lohusal\u0131k \u201ct\u00f6resi\u201d sunar? Gebeli\u011fe \u201chastal\u0131k\u201d olarak muamele eden t\u0131p, bu deneyimi nas\u0131l etkiler?Bir Avazda, kad\u0131nlar\u0131n deneyimleri; de\u011fi\u015fik hamilelik alg\u0131lar\u0131n\u0131n, do\u011fum \u00f6ncesi ve sonras\u0131 ritu\u0308ellerin, do\u011fum kutlamalar\u0131n\u0131n, bat\u0131l olan-olmayan itikatlar\u0131n zengin (ve sahiden ac\u0131-tatl\u0131!) du\u0308nyas\u0131n\u0131 g\u00f6z \u00f6nu\u0308ne seriyor.Rita Ender\u2019in derlemesinde Esin Alpan, Elmas Arus, Anna Maria Beylunio\u011flu Atl\u0131, Gu\u0308ler Baban, Funda \u015eenol Cantek, Elena Cedolini, Seta Estukyan, Nu\u0308ket Franco, G\u00f6nu\u0308l (Birgu\u0308l) Gu\u0308lay, Tina \u0130lyadu, Filiz Kerestecio\u011flu, Irmak Bircan, Gu\u0308lsu\u0308n Karamustafa, Nezihe Kayao\u011flu, Nardane Ku\u015f\u00e7u, Sevin Okyay, Leyla Onar, Manuela Ergin, Ye\u015fim Pu\u0308ndu\u0308k, Rosana \u015eapka, Duygu Tokay, Gamze Gu\u0308l \u00d6z\u015fahin, Nilu\u0308fer Ta\u015fk\u0131n, Dilan Epik Topuz, Merve \u00dcnlu\u0308 ve Jinda Zekio\u011flu\u2019nun tan\u0131kl\u0131klar\u0131 yer ald\u0131.<\/p>\n","protected":false},"excerpt":{"rendered":"<p>\u201cToplumun kendisine atfetti\u011fi jandarmal\u0131k g\u00f6revi hamilelikle s\u0131n\u0131rl\u0131 de\u011fil\u2026 tezahu\u0308ru\u0308nu\u0308 \u2018kendisini ideal anne olarak g\u00f6ren birtak\u0131m insanlar\u0131n senin yapt\u0131\u011f\u0131n her \u015feyi sorgulamas\u0131\u2019 \u015feklinde g\u00f6steren \u2018anne fa\u015fizmini\u2019\u2026 de<span class=\"excerpt-hellip\"> [\u2026]<\/span><\/p>\n","protected":false},"featured_media":0,"template":"","meta":{"_monsterinsights_skip_tracking":false,"_monsterinsights_sitenote_active":false,"_monsterinsights_sitenote_note":"","_monsterinsights_sitenote_category":0},"product_brand":[],"product_cat":[12291,30969],"product_tag":[],"class_list":{"0":"post-732474","1":"product","2":"type-product","3":"status-publish","5":"product_cat-edebiyat","6":"product_cat-soylesi-edebiyat","7":"pa_cilt-ciltsiz","8":"pa_tur-kitap","9":"pa_yayinevi-iletisim-yayinlari","10":"pa_yazar-rita-ender","12":"first","13":"onbackorder","14":"sale","15":"shipping-taxable","16":"purchasable","17":"product-type-simple"},"_links":{"self":[{"href":"https:\/\/roveyayinevi.com.tr\/index.php\/wp-json\/wp\/v2\/product\/732474","targetHints":{"allow":["GET"]}}],"collection":[{"href":"https:\/\/roveyayinevi.com.tr\/index.php\/wp-json\/wp\/v2\/product"}],"about":[{"href":"https:\/\/roveyayinevi.com.tr\/index.php\/wp-json\/wp\/v2\/types\/product"}],"wp:attachment":[{"href":"https:\/\/roveyayinevi.com.tr\/index.php\/wp-json\/wp\/v2\/media?parent=732474"}],"wp:term":[{"taxonomy":"product_brand","embeddable":true,"href":"https:\/\/roveyayinevi.com.tr\/index.php\/wp-json\/wp\/v2\/product_brand?post=732474"},{"taxonomy":"product_cat","embeddable":true,"href":"https:\/\/roveyayinevi.com.tr\/index.php\/wp-json\/wp\/v2\/product_cat?post=732474"},{"taxonomy":"product_tag","embeddable":true,"href":"https:\/\/roveyayinevi.com.tr\/index.php\/wp-json\/wp\/v2\/product_tag?post=732474"}],"curies":[{"name":"wp","href":"https:\/\/api.w.org\/{rel}","templated":true}]}}