{"id":732471,"date":"2025-08-27T21:51:33","date_gmt":"2025-08-27T18:51:33","guid":{"rendered":"https:\/\/roveyayinevi.com.tr\/index.php\/urun\/guzelligini-gordukce-aglayasim-geliyor\/"},"modified":"2026-04-16T02:40:20","modified_gmt":"2026-04-15T23:40:20","slug":"guzelligini-gordukce-aglayasim-geliyor","status":"publish","type":"product","link":"https:\/\/roveyayinevi.com.tr\/index.php\/urun\/guzelligini-gordukce-aglayasim-geliyor\/","title":{"rendered":"G\u00fczelli\u011fini G\u00f6rd\u00fck\u00e7e A\u011flayas\u0131m Geliyor"},"content":{"rendered":"<p>\u201cHayat bir oyunmu\u015f, hep \u00f6yle diyorlar ya. Oyun i\u00e7inde oyun oynamak&#8230; yapt\u0131\u011f\u0131m\u0131z bu. Herkes kendince, hayatta kalabilmek i\u00e7in gerekli silahlar\u0131 bulmu\u015f ya da onlara ba\u015ftan verilmi\u015f. Benim sadece kitaplar\u0131m var. Annem, bu kitaplar m\u0131 kurtaracak seni, diyor. Kurtulmak isteyen kim anne! Kocan olacak herif de, niye bu g\u00e2vurlar\u0131n kitaplar\u0131n\u0131 okuyorsun diye laf sokup duruyor zaten. Kitap okuyarak zengin olunmazm\u0131\u015f.\u201cYa\u011fmurlar gecikince bozk\u0131r\u0131n bebeleri sarar\u0131yor. Ankara\u2019n\u0131n ayaz\u0131nda bileklerdeki kesikler s\u0131zl\u0131yor. Sagopa rap yap\u0131yor, Hemingway kenardan ters ters bak\u0131yor\u2026 Sinemalarda k\u00f6tu\u0308 karate filmleri, f\u0131r\u0131nlarda pide kuyruklar\u0131. Mutfaklarda kavrulmu\u015f so\u011fan, bah\u00e7elerde mangal ve anason kokular\u0131\u2026Boyac\u0131 \u00dcsu\u0308yu\u0308n\u2019u\u0308n kar\u0131s\u0131 \u00e7atal kap\u0131n\u0131n e\u015fi\u011finde, Senia Teyze pencerede, mahallenin gen\u00e7leri yine bir i\u015f pe\u015finde\u2026Ethem Baran, Gu\u0308zelli\u011fini G\u00f6rdu\u0308k\u00e7e A\u011flayas\u0131m Geliyor\u2019da sevip de kavu\u015famayanlar\u0131, a\u011fz\u0131 bozuk tela\u015fl\u0131 analar\u0131, \u00e7ocuk kalm\u0131\u015f babalar\u0131, hayallerini \u00e7eki\u015ftirip durmaktan b\u0131km\u0131\u015f evlatlar\u0131 anlat\u0131yor.<\/p>\n","protected":false},"excerpt":{"rendered":"<p>\u201cHayat bir oyunmu\u015f, hep \u00f6yle diyorlar ya. Oyun i\u00e7inde oyun oynamak&#8230; yapt\u0131\u011f\u0131m\u0131z bu. Herkes kendince, hayatta kalabilmek i\u00e7in gerekli silahlar\u0131 bulmu\u015f ya da onlara ba\u015ftan verilmi\u015f.<span class=\"excerpt-hellip\"> [\u2026]<\/span><\/p>\n","protected":false},"featured_media":0,"template":"","meta":{"_monsterinsights_skip_tracking":false,"_monsterinsights_sitenote_active":false,"_monsterinsights_sitenote_note":"","_monsterinsights_sitenote_category":0},"product_brand":[],"product_cat":[12291,12711],"product_tag":[],"class_list":{"0":"post-732471","1":"product","2":"type-product","3":"status-publish","5":"product_cat-edebiyat","6":"product_cat-roman-oyku","7":"pa_cilt-ciltsiz","8":"pa_tur-kitap","9":"pa_yayinevi-iletisim-yayinlari","10":"pa_yazar-ethem-baran","12":"first","13":"instock","14":"sale","15":"shipping-taxable","16":"purchasable","17":"product-type-simple"},"_links":{"self":[{"href":"https:\/\/roveyayinevi.com.tr\/index.php\/wp-json\/wp\/v2\/product\/732471","targetHints":{"allow":["GET"]}}],"collection":[{"href":"https:\/\/roveyayinevi.com.tr\/index.php\/wp-json\/wp\/v2\/product"}],"about":[{"href":"https:\/\/roveyayinevi.com.tr\/index.php\/wp-json\/wp\/v2\/types\/product"}],"wp:attachment":[{"href":"https:\/\/roveyayinevi.com.tr\/index.php\/wp-json\/wp\/v2\/media?parent=732471"}],"wp:term":[{"taxonomy":"product_brand","embeddable":true,"href":"https:\/\/roveyayinevi.com.tr\/index.php\/wp-json\/wp\/v2\/product_brand?post=732471"},{"taxonomy":"product_cat","embeddable":true,"href":"https:\/\/roveyayinevi.com.tr\/index.php\/wp-json\/wp\/v2\/product_cat?post=732471"},{"taxonomy":"product_tag","embeddable":true,"href":"https:\/\/roveyayinevi.com.tr\/index.php\/wp-json\/wp\/v2\/product_tag?post=732471"}],"curies":[{"name":"wp","href":"https:\/\/api.w.org\/{rel}","templated":true}]}}