{"id":732469,"date":"2025-08-27T21:51:31","date_gmt":"2025-08-27T18:51:31","guid":{"rendered":"https:\/\/roveyayinevi.com.tr\/index.php\/urun\/sanatcinin-portresi-vincent-van-gogh\/"},"modified":"2026-03-12T02:50:43","modified_gmt":"2026-03-11T23:50:43","slug":"sanatcinin-portresi-vincent-van-gogh","status":"publish","type":"product","link":"https:\/\/roveyayinevi.com.tr\/index.php\/urun\/sanatcinin-portresi-vincent-van-gogh\/","title":{"rendered":"Sanat\u00e7\u0131n\u0131n Portresi: Vincent Van Gogh"},"content":{"rendered":"<p>Vincent Van Gogh, resim yapmay\u0131 \u00e7ok seviyordu ama resimleri koyu ve kapal\u0131 renklerden olu\u015fuyordu. Resimlerinde yeni bir ilham arayan van Gogh, \u00e7ok sevdi\u011fi karde\u015fi Theo\u2019yu g\u00f6rmek i\u00e7in Paris\u2019e gitti. Paris\u2019te \u0130zlenimciler ad\u0131 verilen bir gurp ressam ile tan\u0131\u015ft\u0131. Bu ressamlar ona resimlerinde parlak renkleri nas\u0131l kullanaca\u011f\u0131n\u0131 g\u00f6sterdiler. Sonras\u0131nda van Gogh resim yapmay\u0131 hi\u00e7 b\u0131rakmad\u0131 ve iki binin \u00fczerinde sanat eseri \u00fcretti. Bat\u0131 sanat\u0131 tarihinin en tan\u0131nm\u0131\u015f ressamlar\u0131ndan biri olan van Gogh\u2019un ba\u015fyap\u0131tlar\u0131yla anlat\u0131lan \u00f6yk\u00fcs\u00fcnden sen de ilham al.Bu sanat \u00f6yk\u00fcs\u00fcn\u00fc okurken van Gogh\u2019un 10 tablosuna daha yak\u0131ndan bakabilirsin. \u00dcstelik kitab\u0131n arkas\u0131nda tablolar hakk\u0131nda daha fazla bilgi bulabilirsin!<\/p>\n","protected":false},"excerpt":{"rendered":"<p>Vincent Van Gogh, resim yapmay\u0131 \u00e7ok seviyordu ama resimleri koyu ve kapal\u0131 renklerden olu\u015fuyordu. Resimlerinde yeni bir ilham arayan van Gogh, \u00e7ok sevdi\u011fi karde\u015fi Theo\u2019yu g\u00f6rmek<span class=\"excerpt-hellip\"> [\u2026]<\/span><\/p>\n","protected":false},"featured_media":0,"template":"","meta":{"_monsterinsights_skip_tracking":false,"_monsterinsights_sitenote_active":false,"_monsterinsights_sitenote_note":"","_monsterinsights_sitenote_category":0},"product_brand":[],"product_cat":[12274,14573],"product_tag":[],"class_list":{"0":"post-732469","1":"product","2":"type-product","3":"status-publish","5":"product_cat-cocuk-ve-genclik-kitaplari","6":"product_cat-referans-kitaplar-cocuk-ve-genclik-kitaplari","7":"pa_cilt-ciltli","8":"pa_tur-kitap","9":"pa_yayinevi-hayalperest-yayinlari","10":"pa_yazar-lucy-brownridge","12":"first","13":"instock","14":"sale","15":"shipping-taxable","16":"purchasable","17":"product-type-simple"},"_links":{"self":[{"href":"https:\/\/roveyayinevi.com.tr\/index.php\/wp-json\/wp\/v2\/product\/732469","targetHints":{"allow":["GET"]}}],"collection":[{"href":"https:\/\/roveyayinevi.com.tr\/index.php\/wp-json\/wp\/v2\/product"}],"about":[{"href":"https:\/\/roveyayinevi.com.tr\/index.php\/wp-json\/wp\/v2\/types\/product"}],"wp:attachment":[{"href":"https:\/\/roveyayinevi.com.tr\/index.php\/wp-json\/wp\/v2\/media?parent=732469"}],"wp:term":[{"taxonomy":"product_brand","embeddable":true,"href":"https:\/\/roveyayinevi.com.tr\/index.php\/wp-json\/wp\/v2\/product_brand?post=732469"},{"taxonomy":"product_cat","embeddable":true,"href":"https:\/\/roveyayinevi.com.tr\/index.php\/wp-json\/wp\/v2\/product_cat?post=732469"},{"taxonomy":"product_tag","embeddable":true,"href":"https:\/\/roveyayinevi.com.tr\/index.php\/wp-json\/wp\/v2\/product_tag?post=732469"}],"curies":[{"name":"wp","href":"https:\/\/api.w.org\/{rel}","templated":true}]}}